{"id":3456,"date":"2024-09-17T16:56:42","date_gmt":"2024-09-17T14:56:42","guid":{"rendered":"https:\/\/divotecosmetics.com\/?post_type=product&#038;p=3456"},"modified":"2026-03-07T11:41:23","modified_gmt":"2026-03-07T10:41:23","slug":"purito-oat-in-svileni-toner-s-zobi-200-ml","status":"publish","type":"product","link":"https:\/\/divotecosmetics.com\/hr\/shop\/njega-koze\/purito-oat-in-svileni-toner-s-zobi-200-ml\/","title":{"rendered":"Purito Oat-in svileni toner s zobi 200 ml"},"content":{"rendered":"<p>Prigrlite svoju ko\u017eu umiruju\u0107om jednostavno\u0161\u0107u Purito Oat-In Silky Tonera. S 68,09% sastojaka na bazi zobi, ova nje\u017ena 2-u-1 formula pru\u017ea dubinsku hidrataciju i meko\u0107u, obnavljaju\u0107i va\u0161u ko\u017eu od prvog dodira. Njezina lagana, mlije\u010dna tekstura sprje\u010dava dehidraciju, ostavljaju\u0107i va\u0161u ko\u017eu svilenkasto glatkom i osvje\u017eenom.<\/p>\n<p>Oboga\u0107ena ekstraktima zobi za smirivanje iritacije i za\u0161titu ko\u017ee, ovaj minimalisti\u010dki proizvod sadr\u017ei samo 10 pa\u017eljivo odabranih sastojaka koji dubinski hrane i hidratiziraju. Beta-glukan ja\u010da ko\u017enu barijeru i zadr\u017eava vlagu, dok ulje sjemenki livadne pjene omek\u0161ava ko\u017eu, \u010dine\u0107i je savr\u0161eno elasti\u010dnom. Idealan je izbor za suhu i osjetljivu ko\u017eu koja tra\u017ei dugotrajnu hidrataciju i nje\u017enu njegu bez iritacija.<\/p>\n","protected":false},"excerpt":{"rendered":"<p>Oat-in svileni toner s zobi <a href=\"https:\/\/divotecosmetics.com\/hr\/brands\/purito\/\">Purito<\/a>, ova nje\u017ena 2-u-1 formula pru\u017ea dubinsku <a href=\"https:\/\/divotecosmetics.com\/hr\/product-type\/hidratacija\/?yith_wcan=1&#038;orderby=popularity&#038;product_cat=njega-koze\">hidrataciju<\/a> i meko\u0107u, obnavljaju\u0107i va\u0161u ko\u017eu od prvog dodira. Smiruje iritacije i \u0161titi ko\u017eu.<\/p>\n","protected":false},"featured_media":3459,"comment_status":"open","ping_status":"closed","template":"","meta":{"_acf_changed":false,"_seopress_robots_primary_cat":"none","_seopress_titles_title":"Oat-in svileni toner s zobi - Purito - Divote Cosmetics","_seopress_titles_desc":"Oat-in svileni toner s zobi, ova nje\u017ena 2-u-1 formula pru\u017ea dubinsku hidrataciju i meko\u0107u, obnavljaju\u0107i va\u0161u ko\u017eu od prvog dodira, smiruje iritacije..","_seopress_robots_index":"","inline_featured_image":false},"product_brand":[],"product_cat":[94],"product_tag":[120,121],"class_list":{"0":"post-3456","1":"product","2":"type-product","3":"status-publish","4":"has-post-thumbnail","6":"product_cat-njega-koze","7":"product_tag-pore-reduction-hr","8":"product_tag-shiny-cheeks-hr","9":"pa_brands-purito","10":"pa_ingredients-beta-glucan-hr","11":"pa_product-type-toner-hr","12":"pa_skin-concerns-hydration-hr","13":"pa_skin-type-normal-skin-hr","14":"pa_skin-type-sensitive-skin-hr","15":"pa_skin-type-dry-skin-hr","16":"pa_skin-type-all-skin-types-hr","17":"pa_skin-type-mature-skin-hr","19":"first","20":"instock","21":"taxable","22":"shipping-taxable","23":"purchasable","24":"product-type-simple"},"acf":[],"_links":{"self":[{"href":"https:\/\/divotecosmetics.com\/hr\/wp-json\/wp\/v2\/product\/3456","targetHints":{"allow":["GET"]}}],"collection":[{"href":"https:\/\/divotecosmetics.com\/hr\/wp-json\/wp\/v2\/product"}],"about":[{"href":"https:\/\/divotecosmetics.com\/hr\/wp-json\/wp\/v2\/types\/product"}],"replies":[{"embeddable":true,"href":"https:\/\/divotecosmetics.com\/hr\/wp-json\/wp\/v2\/comments?post=3456"}],"wp:featuredmedia":[{"embeddable":true,"href":"https:\/\/divotecosmetics.com\/hr\/wp-json\/wp\/v2\/media\/3459"}],"wp:attachment":[{"href":"https:\/\/divotecosmetics.com\/hr\/wp-json\/wp\/v2\/media?parent=3456"}],"wp:term":[{"taxonomy":"product_brand","embeddable":true,"href":"https:\/\/divotecosmetics.com\/hr\/wp-json\/wp\/v2\/product_brand?post=3456"},{"taxonomy":"product_cat","embeddable":true,"href":"https:\/\/divotecosmetics.com\/hr\/wp-json\/wp\/v2\/product_cat?post=3456"},{"taxonomy":"product_tag","embeddable":true,"href":"https:\/\/divotecosmetics.com\/hr\/wp-json\/wp\/v2\/product_tag?post=3456"}],"curies":[{"name":"wp","href":"https:\/\/api.w.org\/{rel}","templated":true}]}}