{"id":3441,"date":"2024-09-17T03:27:46","date_gmt":"2024-09-17T01:27:46","guid":{"rendered":"https:\/\/divotecosmetics.com\/?post_type=product&#038;p=3441"},"modified":"2026-03-27T13:53:26","modified_gmt":"2026-03-27T12:53:26","slug":"purito-oat-in-umirujuca-gel-krema-s-zobi-100ml","status":"publish","type":"product","link":"https:\/\/divotecosmetics.com\/hr\/shop\/njega-koze\/purito-oat-in-umirujuca-gel-krema-s-zobi-100ml\/","title":{"rendered":"Purito Oat-in Umiruju\u0107a gel krema s zobi 100 ml"},"content":{"rendered":"<p>Iskusite <a href=\"https:\/\/divotecosmetics.com\/hr\/brands\/purito\/\">Purito<\/a> Oat-In Calming Gel Cream, umiruju\u0107u vegansku hidratantnu kremu osmi\u0161ljenu za hidrataciju i smirivanje osjetljive ili suhe ko\u017ee. Sadr\u017ei 77% vode sjemenki zobi, pantenol i skvalan, a ova lagana gel-krema topi se na va\u0161oj ko\u017ei, pru\u017eaju\u0107i dugotrajnu njegu bez eteri\u010dnih ulja ili mirisa.<\/p>\n<p>Neka ova osvje\u017eavaju\u0107a formula stvori za\u0161titnu barijeru koja zadr\u017eava vlagu i vra\u0107a ravnote\u017eu. Savr\u0161ena za osjetljivu ko\u017eu, donosi trenutno olak\u0161anje i blistav sjaj, ostavljaju\u0107i va\u0161u ko\u017eu mekom, vibrantnom i pomla\u0111enom.<\/p>\n","protected":false},"excerpt":{"rendered":"<p>Iskusite <a href=\"https:\/\/divotecosmetics.com\/hr\/predstavljamo-purito-prirodna-njega-inspirirana-korejskom-tradicijom\/\">Purito<\/a> Oat-In Calming Gel Cream, umiruju\u0107u vegansku <a href=\"https:\/\/divotecosmetics.com\/hr\/skin-concerns\/hydration-hr\/?yith_wcan=1&#038;orderby=popularity&#038;product_cat=njega-koze\">hidratantnu<\/a> kremu osmi\u0161ljenu za hidrataciju i smirivanje osjetljive ili suhe ko\u017ee.<\/p>\n","protected":false},"featured_media":3445,"comment_status":"open","ping_status":"closed","template":"","meta":{"_acf_changed":false,"_seopress_robots_primary_cat":"none","_seopress_titles_title":"Oat-in Calming Gel Cream 100 ml - Divote Cosmetics","_seopress_titles_desc":"Oat-in Calming Gel Cream 100 ml - umiruju\u0107a veganska hidratantna krema osmi\u0161ljenu za hidrataciju i smirivanje osjetljive ili suhe ko\u017ee.","_seopress_robots_index":"","inline_featured_image":false},"product_brand":[],"product_cat":[94],"product_tag":[120,121],"class_list":{"0":"post-3441","1":"product","2":"type-product","3":"status-publish","4":"has-post-thumbnail","6":"product_cat-njega-koze","7":"product_tag-pore-reduction-hr","8":"product_tag-shiny-cheeks-hr","9":"pa_brands-purito","10":"pa_ingredients-panthenol-hr","11":"pa_product-type-hidratacija","12":"pa_skin-concerns-hydration-hr","13":"pa_skin-type-normal-skin-hr","14":"pa_skin-type-sensitive-skin-hr","15":"pa_skin-type-dry-skin-hr","16":"pa_skin-type-all-skin-types-hr","17":"pa_skin-type-mature-skin-hr","19":"first","20":"instock","21":"taxable","22":"shipping-taxable","23":"purchasable","24":"product-type-simple"},"acf":[],"_links":{"self":[{"href":"https:\/\/divotecosmetics.com\/hr\/wp-json\/wp\/v2\/product\/3441","targetHints":{"allow":["GET"]}}],"collection":[{"href":"https:\/\/divotecosmetics.com\/hr\/wp-json\/wp\/v2\/product"}],"about":[{"href":"https:\/\/divotecosmetics.com\/hr\/wp-json\/wp\/v2\/types\/product"}],"replies":[{"embeddable":true,"href":"https:\/\/divotecosmetics.com\/hr\/wp-json\/wp\/v2\/comments?post=3441"}],"wp:featuredmedia":[{"embeddable":true,"href":"https:\/\/divotecosmetics.com\/hr\/wp-json\/wp\/v2\/media\/3445"}],"wp:attachment":[{"href":"https:\/\/divotecosmetics.com\/hr\/wp-json\/wp\/v2\/media?parent=3441"}],"wp:term":[{"taxonomy":"product_brand","embeddable":true,"href":"https:\/\/divotecosmetics.com\/hr\/wp-json\/wp\/v2\/product_brand?post=3441"},{"taxonomy":"product_cat","embeddable":true,"href":"https:\/\/divotecosmetics.com\/hr\/wp-json\/wp\/v2\/product_cat?post=3441"},{"taxonomy":"product_tag","embeddable":true,"href":"https:\/\/divotecosmetics.com\/hr\/wp-json\/wp\/v2\/product_tag?post=3441"}],"curies":[{"name":"wp","href":"https:\/\/api.w.org\/{rel}","templated":true}]}}