{"id":3435,"date":"2024-09-17T02:43:57","date_gmt":"2024-09-17T00:43:57","guid":{"rendered":"https:\/\/divotecosmetics.com\/?post_type=product&#038;p=3435"},"modified":"2026-01-26T14:16:56","modified_gmt":"2026-01-26T13:16:56","slug":"purito-pjenasti-cistac-150ml","status":"publish","type":"product","link":"https:\/\/divotecosmetics.com\/hr\/shop\/njega-koze\/purito-pjenasti-cistac-150ml\/","title":{"rendered":"Purito Pjenasti \u010dista\u010d 150 ml"},"content":{"rendered":"<p><span style=\"font-weight: 400;\">Pjenasti \u010dista\u010d (<a href=\"https:\/\/divotecosmetics.com\/hr\/brands\/purito\/\">Purito<\/a> From Green Deep Foaming Cleanser) je blagi pjenasti \u010dista\u010d za njegu ko\u017ee kreiran isklju\u010divo od prirodnih sastojaka. S idealnim pH od 5,5, ova svilenkasta pjena pro\u010di\u0161\u0107ava i <a href=\"https:\/\/divotecosmetics.com\/hr\/product-type\/hidratacija\/?yith_wcan=1&#038;orderby=popularity&#038;product_cat=njega-koze\">hidratizira<\/a> te vrlo brzo postaje va\u0161 omiljeni izbor za osvje\u017eavaju\u0107u jutarnju i ve\u010dernju rutinu.<\/span><\/p>\n<p><span style=\"font-weight: 400;\">Oboga\u0107en ekstraktom Centella Asiatica i zelenim \u010dajem, ovaj \u010dista\u010d ne samo da uklanja ne\u010disto\u0107e i \u0161minku iz pora, ve\u0107 tako\u0111er ja\u010da va\u0161u ko\u017enu barijeru. U\u017eivajte u luksuznoj pjeni koja umiruje i revitalizira va\u0161u ko\u017eu, ostavljaju\u0107i je sjajnom i uravnote\u017eenom. Savr\u0161en za sve tipove ko\u017ee, uklju\u010duju\u0107i osjetljivu, ovaj proizvod pretvara va\u0161u rutinu \u010di\u0161\u0107enja u umiruju\u0107e i pomla\u0111uju\u0107e iskustvo.<\/span><\/p>\n<p>&nbsp;<\/p>\n","protected":false},"excerpt":{"rendered":"<p>Pjenasti \u010dista\u010d <a href=\"https:\/\/divotecosmetics.com\/hr\/predstavljamo-purito-prirodna-njega-inspirirana-korejskom-tradicijom\/\">Purito<\/a> (From Green Deep Foaming Cleanser) &#8211; ova svilenkasta pjena pro\u010di\u0161\u0107ava i postaje va\u0161 omiljeni izbor za osvje\u017eavaju\u0107u jutarnju i ve\u010dernju rutinu.<\/p>\n","protected":false},"featured_media":3437,"comment_status":"open","ping_status":"closed","template":"","meta":{"_acf_changed":false,"_seopress_robots_primary_cat":"none","_seopress_titles_title":"Pjenasti \u010dista\u010d 150 ml - Purito - Divote Cosmetics","_seopress_titles_desc":"Pjenasti \u010dista\u010d Purito (From Green Deep Foaming Cleanser) - ova svilenkasta pjena pro\u010di\u0161\u0107ava i postaje va\u0161 omiljeni izbor za osvje\u017eavaju\u0107u rutinu","_seopress_robots_index":"","inline_featured_image":false},"product_brand":[],"product_cat":[94],"product_tag":[120,121],"class_list":{"0":"post-3435","1":"product","2":"type-product","3":"status-publish","4":"has-post-thumbnail","6":"product_cat-njega-koze","7":"product_tag-pore-reduction-hr","8":"product_tag-shiny-cheeks-hr","9":"pa_brands-purito","10":"pa_ingredients-panthenol-hr","11":"pa_product-type-cistac-na-bazi-vode","12":"pa_skin-concerns-hydration-hr","13":"pa_skin-type-normal-skin-hr","14":"pa_skin-type-sensitive-skin-hr","15":"pa_skin-type-dry-skin-hr","16":"pa_skin-type-all-skin-types-hr","17":"pa_skin-type-mature-skin-hr","19":"first","20":"outofstock","21":"taxable","22":"shipping-taxable","23":"purchasable","24":"product-type-simple"},"acf":[],"_links":{"self":[{"href":"https:\/\/divotecosmetics.com\/hr\/wp-json\/wp\/v2\/product\/3435","targetHints":{"allow":["GET"]}}],"collection":[{"href":"https:\/\/divotecosmetics.com\/hr\/wp-json\/wp\/v2\/product"}],"about":[{"href":"https:\/\/divotecosmetics.com\/hr\/wp-json\/wp\/v2\/types\/product"}],"replies":[{"embeddable":true,"href":"https:\/\/divotecosmetics.com\/hr\/wp-json\/wp\/v2\/comments?post=3435"}],"wp:featuredmedia":[{"embeddable":true,"href":"https:\/\/divotecosmetics.com\/hr\/wp-json\/wp\/v2\/media\/3437"}],"wp:attachment":[{"href":"https:\/\/divotecosmetics.com\/hr\/wp-json\/wp\/v2\/media?parent=3435"}],"wp:term":[{"taxonomy":"product_brand","embeddable":true,"href":"https:\/\/divotecosmetics.com\/hr\/wp-json\/wp\/v2\/product_brand?post=3435"},{"taxonomy":"product_cat","embeddable":true,"href":"https:\/\/divotecosmetics.com\/hr\/wp-json\/wp\/v2\/product_cat?post=3435"},{"taxonomy":"product_tag","embeddable":true,"href":"https:\/\/divotecosmetics.com\/hr\/wp-json\/wp\/v2\/product_tag?post=3435"}],"curies":[{"name":"wp","href":"https:\/\/api.w.org\/{rel}","templated":true}]}}