{"id":3425,"date":"2024-09-17T02:09:25","date_gmt":"2024-09-17T00:09:25","guid":{"rendered":"https:\/\/divotecosmetics.com\/?post_type=product&#038;p=3425"},"modified":"2026-01-29T19:20:41","modified_gmt":"2026-01-29T18:20:41","slug":"purito-nocna-umirujuca-maska-za-obnovu-barijere-80ml","status":"publish","type":"product","link":"https:\/\/divotecosmetics.com\/hr\/shop\/njega-koze\/purito-nocna-umirujuca-maska-za-obnovu-barijere-80ml\/","title":{"rendered":"Purito No\u0107na umiruju\u0107a maska za obnovu barijere 80 ml"},"content":{"rendered":"<p><span style=\"font-weight: 400;\">Purito no\u0107na umiruju\u0107a maska za obnovu barijere (Dermide Cica Barrier Sleeping Pack) obnavlja i ja\u010da va\u0161u ko\u017eu dok spavate! Oboga\u0107ena Centella Asiatica, ceramidom, skvalenom i hijaluronskom kiselinom, ova ugodna maska ja\u010da barijeru va\u0161e ko\u017ee i pru\u017ea duboku hidrataciju.<\/span><\/p>\n<p><span style=\"font-weight: 400;\">Idealan za osjetljivu ko\u017eu, stvara umiruju\u0107i, za\u0161titni sloj dok spavate, ostavljaju\u0107i vas svje\u017eim, zdravim tenom do jutra. Potpuno veganski i smje\u0161ten u ekolo\u0161ki prihvatljivu ambala\u017eu, nudi da\u0161ak elegancije u va\u0161oj no\u0107noj rutini.<\/span><\/p>\n<p>&nbsp;<\/p>\n","protected":false},"excerpt":{"rendered":"<p><span style=\"font-weight: 400;\"><a href=\"https:\/\/divotecosmetics.com\/hr\/brands\/purito\/\">Purito<\/a> no\u0107na umiruju\u0107a maska za obnovu barijere (Dermide Cica Barrier Sleeping Pack) obnavlja i ja\u010da va\u0161u ko\u017eu dok spavate! <\/span><\/p>\n","protected":false},"featured_media":3427,"comment_status":"open","ping_status":"closed","template":"","meta":{"_acf_changed":false,"_seopress_robots_primary_cat":"none","_seopress_titles_title":"No\u0107na umiruju\u0107a maska za obnovu barijere - Purito - Divote","_seopress_titles_desc":"No\u0107na umiruju\u0107a maska za obnovu barijere -Purito - Dermide Cica Barrier Sleeping Pack obnavlja i ja\u010da va\u0161u ko\u017eu dok spavate!","_seopress_robots_index":"","inline_featured_image":false},"product_brand":[],"product_cat":[94],"product_tag":[120,121],"class_list":{"0":"post-3425","1":"product","2":"type-product","3":"status-publish","4":"has-post-thumbnail","6":"product_cat-njega-koze","7":"product_tag-pore-reduction-hr","8":"product_tag-shiny-cheeks-hr","9":"pa_brands-purito","10":"pa_ingredients-panthenol-hr","11":"pa_product-type-maska","12":"pa_skin-concerns-hydration-hr","13":"pa_skin-type-normal-skin-hr","14":"pa_skin-type-sensitive-skin-hr","15":"pa_skin-type-dry-skin-hr","16":"pa_skin-type-all-skin-types-hr","17":"pa_skin-type-mature-skin-hr","19":"first","20":"instock","21":"taxable","22":"shipping-taxable","23":"purchasable","24":"product-type-simple"},"acf":[],"_links":{"self":[{"href":"https:\/\/divotecosmetics.com\/hr\/wp-json\/wp\/v2\/product\/3425","targetHints":{"allow":["GET"]}}],"collection":[{"href":"https:\/\/divotecosmetics.com\/hr\/wp-json\/wp\/v2\/product"}],"about":[{"href":"https:\/\/divotecosmetics.com\/hr\/wp-json\/wp\/v2\/types\/product"}],"replies":[{"embeddable":true,"href":"https:\/\/divotecosmetics.com\/hr\/wp-json\/wp\/v2\/comments?post=3425"}],"wp:featuredmedia":[{"embeddable":true,"href":"https:\/\/divotecosmetics.com\/hr\/wp-json\/wp\/v2\/media\/3427"}],"wp:attachment":[{"href":"https:\/\/divotecosmetics.com\/hr\/wp-json\/wp\/v2\/media?parent=3425"}],"wp:term":[{"taxonomy":"product_brand","embeddable":true,"href":"https:\/\/divotecosmetics.com\/hr\/wp-json\/wp\/v2\/product_brand?post=3425"},{"taxonomy":"product_cat","embeddable":true,"href":"https:\/\/divotecosmetics.com\/hr\/wp-json\/wp\/v2\/product_cat?post=3425"},{"taxonomy":"product_tag","embeddable":true,"href":"https:\/\/divotecosmetics.com\/hr\/wp-json\/wp\/v2\/product_tag?post=3425"}],"curies":[{"name":"wp","href":"https:\/\/api.w.org\/{rel}","templated":true}]}}