{"id":3413,"date":"2024-09-17T01:42:35","date_gmt":"2024-09-16T23:42:35","guid":{"rendered":"https:\/\/divotecosmetics.com\/?post_type=product&#038;p=3413"},"modified":"2026-04-02T12:30:22","modified_gmt":"2026-04-02T10:30:22","slug":"purito-uljni-cistac-za-dubinsko-ciscenje-200-ml","status":"publish","type":"product","link":"https:\/\/divotecosmetics.com\/hr\/shop\/njega-koze\/purito-uljni-cistac-za-dubinsko-ciscenje-200-ml\/","title":{"rendered":"Purito Uljni \u010dista\u010d za dubinsko \u010di\u0161\u0107enje 200 ml"},"content":{"rendered":"<p><span style=\"font-weight: 400;\">Uljni \u010dista\u010d za dubinsko \u010di\u0161\u0107enje (Purito From Green Cleansing Oil) va\u0161 je novi izbor za nje\u017eno, ali u\u010dinkovito \u010di\u0161\u0107enje. Oboga\u0107en s pet hranjivih eteri\u010dnih ulja, uklju\u010duju\u0107i ulje sjemenki gro\u017e\u0111a i badema, ovo ulje za \u010di\u0161\u0107enje rastvara sun\u010dane kreme, \u0161minku i ne\u010disto\u0107e bez iritacije. Njegova jedinstvena mje\u0161avina prirodnih sastojaka \u2014 poput maslinovog, jojobinog i suncokretovog ulja \u2014 ostavlja va\u0161u ko\u017eu mekom, <a href=\"https:\/\/divotecosmetics.com\/hr\/product-type\/hidratacija\/?yith_wcan=1&#038;orderby=popularity&#038;product_cat=njega-koze\">hidratiziranom<\/a> i osvje\u017eenom.<\/span><\/p>\n<p><span style=\"font-weight: 400;\">Ova umiruju\u0107a formula ne samo da uklanja tvrdokornu \u0161minku i ne\u010disto\u0107e, ve\u0107 tako\u0111er stvara za\u0161titnu hidratantnu barijeru, obnavljaju\u0107i prirodni sjaj va\u0161e ko\u017ee. Klini\u010dki testirano i prikladno za sve tipove ko\u017ee, uklju\u010duju\u0107i osjetljivu, Purito From Green Cleansing Oil osigurava \u010distu, blistavu put bez masnog ostatka. Prigrlite mo\u0107 prirode s uljem za \u010di\u0161\u0107enje koje <a href=\"https:\/\/divotecosmetics.com\/hr\/kako-prepoznati-clean-korejsku-kozmetiku-i-zasto-je-vazna-za-vas-cijeli-organizam\/\">njeguje va\u0161u ko\u017eu<\/a> i pobolj\u0161ava njezino zdravlje u samo jednom koraku.<\/span><\/p>\n<p>&nbsp;<\/p>\n","protected":false},"excerpt":{"rendered":"<p>Uljni \u010dista\u010d za dubinsko \u010di\u0161\u0107enje (<a href=\"https:\/\/divotecosmetics.com\/hr\/brands\/purito\/\">Purito<\/a> From Green Cleansing Oil) va\u0161 je novi izbor za nje\u017eno, ali u\u010dinkovito \u010di\u0161\u0107enje. Oboga\u0107en s pet hranjivih eteri\u010dnih ulja, rastvara \u0161minku.<\/p>\n","protected":false},"featured_media":3421,"comment_status":"open","ping_status":"closed","template":"","meta":{"_acf_changed":false,"_seopress_robots_primary_cat":"none","_seopress_titles_title":"Uljni \u010dista\u010d za dubinsko \u010di\u0161\u0107enje - Divote Cosmetics","_seopress_titles_desc":"Uljni \u010dista\u010d za dubinsko \u010di\u0161\u0107enje Purito va\u0161 je novi izbor za nje\u017eno, ali u\u010dinkovito \u010di\u0161\u0107enje. Oboga\u0107en s pet hranjivih eteri\u010dnih ulja, rastvara \u0161minku.","_seopress_robots_index":"","inline_featured_image":false},"product_brand":[],"product_cat":[94],"product_tag":[250,120,121],"class_list":{"0":"post-3413","1":"product","2":"type-product","3":"status-publish","4":"has-post-thumbnail","6":"product_cat-njega-koze","7":"product_tag-cleansing-hr","8":"product_tag-pore-reduction-hr","9":"product_tag-shiny-cheeks-hr","10":"pa_brands-purito","11":"pa_product-type-uljni-cistac","12":"pa_skin-concerns-hydration-hr","13":"pa_skin-type-normal-skin-hr","14":"pa_skin-type-sensitive-skin-hr","15":"pa_skin-type-dry-skin-hr","16":"pa_skin-type-all-skin-types-hr","17":"pa_skin-type-mature-skin-hr","19":"first","20":"instock","21":"taxable","22":"shipping-taxable","23":"purchasable","24":"product-type-simple"},"acf":[],"_links":{"self":[{"href":"https:\/\/divotecosmetics.com\/hr\/wp-json\/wp\/v2\/product\/3413","targetHints":{"allow":["GET"]}}],"collection":[{"href":"https:\/\/divotecosmetics.com\/hr\/wp-json\/wp\/v2\/product"}],"about":[{"href":"https:\/\/divotecosmetics.com\/hr\/wp-json\/wp\/v2\/types\/product"}],"replies":[{"embeddable":true,"href":"https:\/\/divotecosmetics.com\/hr\/wp-json\/wp\/v2\/comments?post=3413"}],"wp:featuredmedia":[{"embeddable":true,"href":"https:\/\/divotecosmetics.com\/hr\/wp-json\/wp\/v2\/media\/3421"}],"wp:attachment":[{"href":"https:\/\/divotecosmetics.com\/hr\/wp-json\/wp\/v2\/media?parent=3413"}],"wp:term":[{"taxonomy":"product_brand","embeddable":true,"href":"https:\/\/divotecosmetics.com\/hr\/wp-json\/wp\/v2\/product_brand?post=3413"},{"taxonomy":"product_cat","embeddable":true,"href":"https:\/\/divotecosmetics.com\/hr\/wp-json\/wp\/v2\/product_cat?post=3413"},{"taxonomy":"product_tag","embeddable":true,"href":"https:\/\/divotecosmetics.com\/hr\/wp-json\/wp\/v2\/product_tag?post=3413"}],"curies":[{"name":"wp","href":"https:\/\/api.w.org\/{rel}","templated":true}]}}