{"id":3407,"date":"2024-09-17T01:31:17","date_gmt":"2024-09-16T23:31:17","guid":{"rendered":"https:\/\/divotecosmetics.com\/?post_type=product&#038;p=3407"},"modified":"2026-01-26T14:11:28","modified_gmt":"2026-01-26T13:11:28","slug":"purito-konjac-spuzvica-s-vulkanskim-pepelom","status":"publish","type":"product","link":"https:\/\/divotecosmetics.com\/hr\/shop\/njega-koze\/purito-konjac-spuzvica-s-vulkanskim-pepelom\/","title":{"rendered":"Purito konjac spu\u017evica s vulkanskim pepelom"},"content":{"rendered":"<p>Zapo\u010dnite svoj dan osvje\u017eavaju\u0107om rutinom njege ko\u017ee uz <a href=\"https:\/\/divotecosmetics.com\/hr\/brands\/purito\/\">Purito<\/a> Cool Jeju Volcanic Scoria Konjac spu\u017evu. Izra\u0111ena od 92% prirodnog konjaca i 8% vulkanske scorije, ova ru\u010dno ra\u0111ena veganska spu\u017eva nje\u017eno upija vi\u0161ak sebuma dok pru\u017ea mekanu, glatku teksturu, savr\u0161enu za osjetljivu ko\u017eu. Stvara bogatu pjenu koja uklanja ne\u010disto\u0107e, ostatke \u0161minke i SPF-a, ostavljaju\u0107i va\u0161u ko\u017eu dubinski o\u010di\u0161\u0107enom i osvje\u017eenom.<\/p>\n<p>Oboga\u0107ena vulkanskom pepelom s otoka Jeju, ova spu\u017eva pru\u017ea blagu dnevnu eksfolijaciju, uklanjaju\u0107i mrtve stanice ko\u017ee za svjetliji i mek\u0161i ten. Bez izbjeljiva\u010da i boja, idealan je izbor za one s osjetljivom ko\u017eom koji tra\u017ee prirodno u\u010dinkovito i luksuzno \u010di\u0161\u0107enje.<\/p>\n","protected":false},"excerpt":{"rendered":"<p>Zapo\u010dnite svoj dan osvje\u017eavaju\u0107om rutinom njege ko\u017ee uz <a href=\"https:\/\/divotecosmetics.com\/hr\/predstavljamo-purito-prirodna-njega-inspirirana-korejskom-tradicijom\/\">Purito<\/a> Cool Jeju Volcanic Scoria Konjac spu\u017evu!<\/p>\n","protected":false},"featured_media":3409,"comment_status":"open","ping_status":"closed","template":"","meta":{"_acf_changed":false,"_seopress_robots_primary_cat":"none","_seopress_titles_title":"Bamboo Volcanic Scoria Konjac Sponge - Divote Cosmetis","_seopress_titles_desc":"Bamboo Volcanic Scoria Konjac Sponge - zapo\u010dnite svoj dan osvje\u017eavaju\u0107om rutinom njege ko\u017ee uz spu\u017evu brenda Purito iz Divote web trgovine","_seopress_robots_index":"","inline_featured_image":false},"product_brand":[],"product_cat":[94],"product_tag":[250,255,120,121],"class_list":{"0":"post-3407","1":"product","2":"type-product","3":"status-publish","4":"has-post-thumbnail","6":"product_cat-njega-koze","7":"product_tag-cleansing-hr","8":"product_tag-glow-hr","9":"product_tag-pore-reduction-hr","10":"product_tag-shiny-cheeks-hr","11":"pa_brands-purito","12":"pa_product-type-dodaci","13":"pa_product-type-eksfolijacija","14":"pa_skin-concerns-hydration-hr","15":"pa_skin-concerns-pore-care-hr","16":"pa_skin-type-normal-skin-hr","17":"pa_skin-type-sensitive-skin-hr","18":"pa_skin-type-dry-skin-hr","19":"pa_skin-type-all-skin-types-hr","20":"pa_skin-type-mature-skin-hr","22":"first","23":"instock","24":"taxable","25":"shipping-taxable","26":"purchasable","27":"product-type-simple"},"acf":[],"_links":{"self":[{"href":"https:\/\/divotecosmetics.com\/hr\/wp-json\/wp\/v2\/product\/3407","targetHints":{"allow":["GET"]}}],"collection":[{"href":"https:\/\/divotecosmetics.com\/hr\/wp-json\/wp\/v2\/product"}],"about":[{"href":"https:\/\/divotecosmetics.com\/hr\/wp-json\/wp\/v2\/types\/product"}],"replies":[{"embeddable":true,"href":"https:\/\/divotecosmetics.com\/hr\/wp-json\/wp\/v2\/comments?post=3407"}],"wp:featuredmedia":[{"embeddable":true,"href":"https:\/\/divotecosmetics.com\/hr\/wp-json\/wp\/v2\/media\/3409"}],"wp:attachment":[{"href":"https:\/\/divotecosmetics.com\/hr\/wp-json\/wp\/v2\/media?parent=3407"}],"wp:term":[{"taxonomy":"product_brand","embeddable":true,"href":"https:\/\/divotecosmetics.com\/hr\/wp-json\/wp\/v2\/product_brand?post=3407"},{"taxonomy":"product_cat","embeddable":true,"href":"https:\/\/divotecosmetics.com\/hr\/wp-json\/wp\/v2\/product_cat?post=3407"},{"taxonomy":"product_tag","embeddable":true,"href":"https:\/\/divotecosmetics.com\/hr\/wp-json\/wp\/v2\/product_tag?post=3407"}],"curies":[{"name":"wp","href":"https:\/\/api.w.org\/{rel}","templated":true}]}}