{"id":3401,"date":"2024-09-17T01:14:14","date_gmt":"2024-09-16T23:14:14","guid":{"rendered":"https:\/\/divotecosmetics.com\/?post_type=product&#038;p=3401"},"modified":"2026-01-30T17:57:49","modified_gmt":"2026-01-30T16:57:49","slug":"purito-konjac-spuzvica-od-bambusovog-ugljena","status":"publish","type":"product","link":"https:\/\/divotecosmetics.com\/hr\/shop\/njega-koze\/purito-konjac-spuzvica-od-bambusovog-ugljena\/","title":{"rendered":"Purito konjac spu\u017evica od bambusovog ugljena"},"content":{"rendered":"<p>Predstavljamo <a href=\"https:\/\/divotecosmetics.com\/hr\/predstavljamo-purito-prirodna-njega-inspirirana-korejskom-tradicijom\/\">Purito<\/a> vegansku konjac spu\u017evu s bambusovim ugljenom \u2013 ultimativni alat za njegu ko\u017ee koji pru\u017ea dubinsko, ali nje\u017eno \u010di\u0161\u0107enje. Izra\u0111ena od 100% prirodnog konjac korijena (95%) i oboga\u0107ena bambusovim ugljenom (5%), ova spu\u017eva u\u010dinkovito pro\u010di\u0161\u0107ava va\u0161u ko\u017eu, izvla\u010de\u0107i ne\u010disto\u0107e i vi\u0161ak sebuma za \u010dist i uravnote\u017een ten. Idealna za osjetljivu ili ko\u017eu sklonu aknama, nje\u017eno eksfolira dok odr\u017eava prirodnu harmoniju va\u0161e ko\u017ee.<\/p>\n<p>Oblik suze omogu\u0107uje jednostavnu preciznost u te\u0161ko dostupnim podru\u010djima, osiguravaju\u0107i temeljito \u010di\u0161\u0107enje i meki, sjajni izgled nakon svake upotrebe. Odr\u017eiva, biorazgradiva i veganska, <a href=\"https:\/\/divotecosmetics.com\/hr\/brands\/purito\/\">Purito<\/a> konjac spu\u017eva s bambusovim ugljenom luksuzan je dodatak svakoj rutini njege ko\u017ee, osmi\u0161ljena da va\u0161u ko\u017eu ostavi glatkom, pomla\u0111enom i osvje\u017eenom.<\/p>\n","protected":false},"excerpt":{"rendered":"<p>Bamboo Charcoal Konjac Sponge &#8211; ova spu\u017eva u\u010dinkovito pro\u010di\u0161\u0107ava va\u0161u ko\u017eu, izvla\u010de\u0107i ne\u010disto\u0107e i vi\u0161ak sebuma za \u010dist i uravnote\u017een ten.<\/p>\n","protected":false},"featured_media":3403,"comment_status":"open","ping_status":"closed","template":"","meta":{"_acf_changed":false,"_seopress_robots_primary_cat":"none","_seopress_titles_title":"Bamboo Charcoal Konjac Sponge - Purito - Divote","_seopress_titles_desc":"Bamboo Charcoal Konjac Sponge - ova spu\u017eva u\u010dinkovito pro\u010di\u0161\u0107ava va\u0161u ko\u017eu, izvla\u010de\u0107i ne\u010disto\u0107e i vi\u0161ak sebuma za \u010dist i uravnote\u017een ten.","_seopress_robots_index":"","inline_featured_image":false},"product_brand":[],"product_cat":[94],"product_tag":[247,250,120,121],"class_list":{"0":"post-3401","1":"product","2":"type-product","3":"status-publish","4":"has-post-thumbnail","6":"product_cat-njega-koze","7":"product_tag-acne-care-hr","8":"product_tag-cleansing-hr","9":"product_tag-pore-reduction-hr","10":"product_tag-shiny-cheeks-hr","11":"pa_brands-purito","12":"pa_product-type-dodaci","13":"pa_product-type-eksfolijacija","14":"pa_skin-concerns-acne-hr","15":"pa_skin-concerns-hydration-hr","16":"pa_skin-concerns-pore-care-hr","17":"pa_skin-type-normal-skin-hr","18":"pa_skin-type-sensitive-skin-hr","19":"pa_skin-type-dry-skin-hr","20":"pa_skin-type-all-skin-types-hr","21":"pa_skin-type-mature-skin-hr","23":"first","24":"instock","25":"taxable","26":"shipping-taxable","27":"purchasable","28":"product-type-simple"},"acf":[],"_links":{"self":[{"href":"https:\/\/divotecosmetics.com\/hr\/wp-json\/wp\/v2\/product\/3401","targetHints":{"allow":["GET"]}}],"collection":[{"href":"https:\/\/divotecosmetics.com\/hr\/wp-json\/wp\/v2\/product"}],"about":[{"href":"https:\/\/divotecosmetics.com\/hr\/wp-json\/wp\/v2\/types\/product"}],"replies":[{"embeddable":true,"href":"https:\/\/divotecosmetics.com\/hr\/wp-json\/wp\/v2\/comments?post=3401"}],"wp:featuredmedia":[{"embeddable":true,"href":"https:\/\/divotecosmetics.com\/hr\/wp-json\/wp\/v2\/media\/3403"}],"wp:attachment":[{"href":"https:\/\/divotecosmetics.com\/hr\/wp-json\/wp\/v2\/media?parent=3401"}],"wp:term":[{"taxonomy":"product_brand","embeddable":true,"href":"https:\/\/divotecosmetics.com\/hr\/wp-json\/wp\/v2\/product_brand?post=3401"},{"taxonomy":"product_cat","embeddable":true,"href":"https:\/\/divotecosmetics.com\/hr\/wp-json\/wp\/v2\/product_cat?post=3401"},{"taxonomy":"product_tag","embeddable":true,"href":"https:\/\/divotecosmetics.com\/hr\/wp-json\/wp\/v2\/product_tag?post=3401"}],"curies":[{"name":"wp","href":"https:\/\/api.w.org\/{rel}","templated":true}]}}