{"id":3379,"date":"2024-09-17T00:33:27","date_gmt":"2024-09-16T22:33:27","guid":{"rendered":"https:\/\/divotecosmetics.com\/?post_type=product&#038;p=3379"},"modified":"2026-01-26T14:12:23","modified_gmt":"2026-01-26T13:12:23","slug":"purito-fermentirana-esencija-za-hidrataciju-i-obnovu-150ml","status":"publish","type":"product","link":"https:\/\/divotecosmetics.com\/hr\/shop\/njega-koze\/purito-fermentirana-esencija-za-hidrataciju-i-obnovu-150ml\/","title":{"rendered":"Purito Fermentirana esencija za hidrataciju i obnovu 150 ml"},"content":{"rendered":"<p>Iskusite blistavu, osvje\u017eenu ko\u017eu uz fermentiranu esenciju za hidrataciju i obnovu (Purito Fermented Complex 94 Boosting Essence). Oboga\u0107ena s 94% fermentiranih sastojaka i 3% niacinamida, ova lagana esencija posvjetljuje umornu ko\u017eu, u\u010dvr\u0161\u0107uje je i pru\u017ea dubinsku <a href=\"https:\/\/divotecosmetics.com\/hr\/product-type\/hidratacija\/?yith_wcan=1&#038;orderby=popularity&#038;product_cat=njega-koze\">hidrataciju<\/a>.<\/p>\n<p>Njezina jedinstvena formula zagla\u0111uje teksturu i pobolj\u0161ava u\u010dinkovitost va\u0161e <a href=\"https:\/\/divotecosmetics.com\/hr\/vodic-za-pocetnike-kako-usvojiti-korejsku-skincare-rutinu-u-5-jednostavnih-koraka\/\">skincare rutine<\/a>. U\u017eivajte u mladolikom, sjajnom tenu sa svakom upotrebom!<\/p>\n","protected":false},"excerpt":{"rendered":"<p>The <a href=\"https:\/\/divotecosmetics.com\/hr\/brands\/purito\/\">Purito<\/a> Sea Buckthorn Vital 70 Cream is centered around the powerhouse ingredient\u2014sea buckthorn berry extract, a game-changer for skin that needs brightening and revitalization.<\/p>\n","protected":false},"featured_media":3397,"comment_status":"open","ping_status":"closed","template":"","meta":{"_acf_changed":false,"_seopress_robots_primary_cat":"none","_seopress_titles_title":"Fermentirana esencija za hidrataciju i obnovu - Divote","_seopress_titles_desc":"Fermentirana esencija za hidrataciju i obnovu brenda Purito je lagana esencija koja posvjetljuje umornu ko\u017eu, u\u010dvr\u0161\u0107uje je i pru\u017ea dubinsku hidrataciju.","_seopress_robots_index":"","inline_featured_image":false},"product_brand":[],"product_cat":[94],"product_tag":[120,121],"class_list":{"0":"post-3379","1":"product","2":"type-product","3":"status-publish","4":"has-post-thumbnail","6":"product_cat-njega-koze","7":"product_tag-pore-reduction-hr","8":"product_tag-shiny-cheeks-hr","9":"pa_brands-purito","10":"pa_ingredients-niacinamide-hr","11":"pa_product-type-esencija","12":"pa_skin-concerns-hydration-hr","13":"pa_skin-concerns-pore-care-hr","14":"pa_skin-type-normal-skin-hr","15":"pa_skin-type-sensitive-skin-hr","16":"pa_skin-type-dry-skin-hr","17":"pa_skin-type-all-skin-types-hr","18":"pa_skin-type-mature-skin-hr","20":"first","21":"outofstock","22":"taxable","23":"shipping-taxable","24":"purchasable","25":"product-type-simple"},"acf":[],"_links":{"self":[{"href":"https:\/\/divotecosmetics.com\/hr\/wp-json\/wp\/v2\/product\/3379","targetHints":{"allow":["GET"]}}],"collection":[{"href":"https:\/\/divotecosmetics.com\/hr\/wp-json\/wp\/v2\/product"}],"about":[{"href":"https:\/\/divotecosmetics.com\/hr\/wp-json\/wp\/v2\/types\/product"}],"replies":[{"embeddable":true,"href":"https:\/\/divotecosmetics.com\/hr\/wp-json\/wp\/v2\/comments?post=3379"}],"wp:featuredmedia":[{"embeddable":true,"href":"https:\/\/divotecosmetics.com\/hr\/wp-json\/wp\/v2\/media\/3397"}],"wp:attachment":[{"href":"https:\/\/divotecosmetics.com\/hr\/wp-json\/wp\/v2\/media?parent=3379"}],"wp:term":[{"taxonomy":"product_brand","embeddable":true,"href":"https:\/\/divotecosmetics.com\/hr\/wp-json\/wp\/v2\/product_brand?post=3379"},{"taxonomy":"product_cat","embeddable":true,"href":"https:\/\/divotecosmetics.com\/hr\/wp-json\/wp\/v2\/product_cat?post=3379"},{"taxonomy":"product_tag","embeddable":true,"href":"https:\/\/divotecosmetics.com\/hr\/wp-json\/wp\/v2\/product_tag?post=3379"}],"curies":[{"name":"wp","href":"https:\/\/api.w.org\/{rel}","templated":true}]}}