{"id":3373,"date":"2024-09-16T23:19:23","date_gmt":"2024-09-16T21:19:23","guid":{"rendered":"https:\/\/divotecosmetics.com\/?post_type=product&#038;p=3373"},"modified":"2026-01-26T14:12:06","modified_gmt":"2026-01-26T13:12:06","slug":"purito-esencija-s-galaktom-i-niacinamidom-60-ml","status":"publish","type":"product","link":"https:\/\/divotecosmetics.com\/hr\/shop\/njega-koze\/purito-esencija-s-galaktom-i-niacinamidom-60-ml\/","title":{"rendered":"Purito Esencija s galaktom i niacinamidom 60 ml"},"content":{"rendered":"<p>Iskusite blistavu ko\u017eu uz Esenciju s galaktom i niacinamidom (<a href=\"https:\/\/divotecosmetics.com\/hr\/brands\/purito\/\">Purito<\/a> Galacto Niacin 97 Power Essence), koja sadr\u017ei 92% filtrata galaktomicetne fermentacije. Ovaj sastojak bogat je vitaminima, aminokiselinama i peptidima kvasca koji dubinski njeguju i balansiraju ko\u017eu, pobolj\u0161avaju\u0107i njezinu prirodnu jasno\u0107u i teksturu. Oboga\u0107ena s 5% niacinamida, ova esencija nje\u017eno posvjetljuje umornu ko\u017eu, zagla\u0111uje fine linije i ujedna\u010dava ten.<\/p>\n<p>Njezina blaga formula, kombinirana s umiruju\u0107im ekstraktom ri\u017ee i hidratantnim Bifida Ferment Lysateom, pru\u017ea mekani, sjajni izgled uz o\u010duvanje vlage i udobnosti. Idealna za <a href=\"https:\/\/divotecosmetics.com\/hr\/skin-type\/sensitive-skin-hr\/?yith_wcan=1&#038;orderby=popularity&#038;product_cat=njega-koze\">osjetljivu ko\u017eu<\/a>, pretvara va\u0161u rutinu u umiruju\u0107i ritual za osvje\u017eeni izgled.<\/p>\n","protected":false},"excerpt":{"rendered":"<p>Esencija s galaktom i niacinamidom (<a href=\"https:\/\/divotecosmetics.com\/hr\/predstavljamo-purito-prirodna-njega-inspirirana-korejskom-tradicijom\/\">Purito<\/a> Galacto Niacin 97 Power Essence 60 ml) idealna je za osjetljivu ko\u017eu i pretvara va\u0161u rutinu u umiruju\u0107i ritual za osvje\u017eeni izgled.<\/p>\n","protected":false},"featured_media":3392,"comment_status":"open","ping_status":"closed","template":"","meta":{"_acf_changed":false,"_seopress_robots_primary_cat":"none","_seopress_titles_title":"Esencija s galaktom i niacinamidom - Purito - Divote","_seopress_titles_desc":"Esencija s galaktom i niacinamidom 60 ml brenda Purito idealna je za osjetljivu ko\u017eu i pretvara va\u0161u rutinu u umiruju\u0107i ritual za osvje\u017eeni izgled.","_seopress_robots_index":"","inline_featured_image":false},"product_brand":[],"product_cat":[94],"product_tag":[120,121],"class_list":{"0":"post-3373","1":"product","2":"type-product","3":"status-publish","4":"has-post-thumbnail","6":"product_cat-njega-koze","7":"product_tag-pore-reduction-hr","8":"product_tag-shiny-cheeks-hr","9":"pa_brands-purito","10":"pa_ingredients-niacinamide-hr","11":"pa_ingredients-vitamin-b3-hr","12":"pa_skin-concerns-hydration-hr","13":"pa_skin-concerns-pore-care-hr","14":"pa_skin-type-normal-skin-hr","15":"pa_skin-type-sensitive-skin-hr","16":"pa_skin-type-dry-skin-hr","17":"pa_skin-type-all-skin-types-hr","18":"pa_skin-type-mature-skin-hr","20":"first","21":"instock","22":"taxable","23":"shipping-taxable","24":"purchasable","25":"product-type-simple"},"acf":[],"_links":{"self":[{"href":"https:\/\/divotecosmetics.com\/hr\/wp-json\/wp\/v2\/product\/3373","targetHints":{"allow":["GET"]}}],"collection":[{"href":"https:\/\/divotecosmetics.com\/hr\/wp-json\/wp\/v2\/product"}],"about":[{"href":"https:\/\/divotecosmetics.com\/hr\/wp-json\/wp\/v2\/types\/product"}],"replies":[{"embeddable":true,"href":"https:\/\/divotecosmetics.com\/hr\/wp-json\/wp\/v2\/comments?post=3373"}],"wp:featuredmedia":[{"embeddable":true,"href":"https:\/\/divotecosmetics.com\/hr\/wp-json\/wp\/v2\/media\/3392"}],"wp:attachment":[{"href":"https:\/\/divotecosmetics.com\/hr\/wp-json\/wp\/v2\/media?parent=3373"}],"wp:term":[{"taxonomy":"product_brand","embeddable":true,"href":"https:\/\/divotecosmetics.com\/hr\/wp-json\/wp\/v2\/product_brand?post=3373"},{"taxonomy":"product_cat","embeddable":true,"href":"https:\/\/divotecosmetics.com\/hr\/wp-json\/wp\/v2\/product_cat?post=3373"},{"taxonomy":"product_tag","embeddable":true,"href":"https:\/\/divotecosmetics.com\/hr\/wp-json\/wp\/v2\/product_tag?post=3373"}],"curies":[{"name":"wp","href":"https:\/\/api.w.org\/{rel}","templated":true}]}}