{"id":3367,"date":"2024-09-16T22:33:35","date_gmt":"2024-09-16T20:33:35","guid":{"rendered":"https:\/\/divotecosmetics.com\/?post_type=product&#038;p=3367"},"modified":"2026-01-26T14:24:57","modified_gmt":"2026-01-26T13:24:57","slug":"purito-krema-s-uljem-pasjeg-trna-70-50-ml","status":"publish","type":"product","link":"https:\/\/divotecosmetics.com\/hr\/shop\/njega-koze\/purito-krema-s-uljem-pasjeg-trna-70-50-ml\/","title":{"rendered":"Purito krema s uljem pasjeg trna 70% 50 ml"},"content":{"rendered":"<p><a href=\"https:\/\/divotecosmetics.com\/hr\/brands\/purito\/\">Purito<\/a> Sea Buckthorn Vital 70 Cream fokusira se na mo\u0107an sastojak \u2013 ekstrakt bobica vu\u010djeg trna, koji \u010dini \u010dak 70% formule. Ovaj sastojak bogat je s 2.000 mg vitamina C i pravi je &#8220;game-changer&#8221; za ko\u017eu kojoj je potrebna blistavost i revitalizacija. Vu\u010dji trn \u010dini \u010duda tako \u0161to posvjetljuje tamne mrlje, ujedna\u010duje ten i daje ko\u017ei prirodan sjaj.<\/p>\n<p>Osim \u0161to je sna\u017ean posvjetljiva\u010d, vu\u010dji trn pru\u017ea dubinsku njegu i antioksidativnu za\u0161titu, \u0161tite\u0107i ko\u017eu od \u0161tetnih vanjskih utjecaja, dok umiruje i smiruje iritacije. Bez umjetnih mirisa i eteri\u010dnih ulja, ova je krema dovoljno nje\u017ena za osjetljivu ko\u017eu, pru\u017eaju\u0107i dugotrajnu hidrataciju, pobolj\u0161avaju\u0107i \u010dvrsto\u0107u i pobolj\u0161avaju\u0107i teksturu ko\u017ee, ostavljaju\u0107i je uravnote\u017eenom, glatkom i vidno osvje\u017eenom. Krema je oboga\u0107ena s osam sna\u017enih vitamina koji zajedno njeguju, hidratiziraju i \u0161tite ko\u017eu.<\/p>\n","protected":false},"excerpt":{"rendered":"<p><a href=\"https:\/\/divotecosmetics.com\/hr\/predstavljamo-purito-prirodna-njega-inspirirana-korejskom-tradicijom\/\">Purito<\/a> Sea Buckthorn Vital 70 Cream oboga\u0107ena je s osam sna\u017enih vitamina koji zajedno njeguju, <a href=\"https:\/\/divotecosmetics.com\/hr\/product-type\/hidratacija\/?yith_wcan=1&#038;orderby=popularity&#038;product_cat=njega-koze\">hidratiziraju<\/a> i \u0161tite ko\u017eu.<\/p>\n","protected":false},"featured_media":3384,"comment_status":"open","ping_status":"closed","template":"","meta":{"_acf_changed":false,"_seopress_robots_primary_cat":"none","_seopress_titles_title":"Sea Buckthorn Vital 70 Cream 50 ml - Krema za lice - Divote","_seopress_titles_desc":"Sea Buckthorn Vital 70 Cream 50 ml je krema oboga\u0107ena s osam sna\u017enih vitamina koji zajedno njeguju, hidratiziraju i \u0161tite ko\u017eu.","_seopress_robots_index":"","inline_featured_image":false},"product_brand":[],"product_cat":[94],"product_tag":[119,262],"class_list":{"0":"post-3367","1":"product","2":"type-product","3":"status-publish","4":"has-post-thumbnail","6":"product_cat-njega-koze","7":"product_tag-fine-lines-hr","8":"product_tag-pigmentation-scars-hr","9":"pa_brands-purito","10":"pa_ingredients-niacinamide-hr","11":"pa_ingredients-panthenol-hr","12":"pa_product-type-hidratacija","13":"pa_skin-concerns-hydration-hr","14":"pa_skin-concerns-hyperpigmentation-hr","15":"pa_skin-type-normal-skin-hr","16":"pa_skin-type-sensitive-skin-hr","17":"pa_skin-type-dry-skin-hr","18":"pa_skin-type-all-skin-types-hr","19":"pa_skin-type-mature-skin-hr","21":"first","22":"outofstock","23":"taxable","24":"shipping-taxable","25":"purchasable","26":"product-type-simple"},"acf":[],"_links":{"self":[{"href":"https:\/\/divotecosmetics.com\/hr\/wp-json\/wp\/v2\/product\/3367","targetHints":{"allow":["GET"]}}],"collection":[{"href":"https:\/\/divotecosmetics.com\/hr\/wp-json\/wp\/v2\/product"}],"about":[{"href":"https:\/\/divotecosmetics.com\/hr\/wp-json\/wp\/v2\/types\/product"}],"replies":[{"embeddable":true,"href":"https:\/\/divotecosmetics.com\/hr\/wp-json\/wp\/v2\/comments?post=3367"}],"wp:featuredmedia":[{"embeddable":true,"href":"https:\/\/divotecosmetics.com\/hr\/wp-json\/wp\/v2\/media\/3384"}],"wp:attachment":[{"href":"https:\/\/divotecosmetics.com\/hr\/wp-json\/wp\/v2\/media?parent=3367"}],"wp:term":[{"taxonomy":"product_brand","embeddable":true,"href":"https:\/\/divotecosmetics.com\/hr\/wp-json\/wp\/v2\/product_brand?post=3367"},{"taxonomy":"product_cat","embeddable":true,"href":"https:\/\/divotecosmetics.com\/hr\/wp-json\/wp\/v2\/product_cat?post=3367"},{"taxonomy":"product_tag","embeddable":true,"href":"https:\/\/divotecosmetics.com\/hr\/wp-json\/wp\/v2\/product_tag?post=3367"}],"curies":[{"name":"wp","href":"https:\/\/api.w.org\/{rel}","templated":true}]}}