{"id":3361,"date":"2024-09-16T20:22:38","date_gmt":"2024-09-16T18:22:38","guid":{"rendered":"https:\/\/divotecosmetics.com\/?post_type=product&#038;p=3361"},"modified":"2026-02-14T12:59:15","modified_gmt":"2026-02-14T11:59:15","slug":"purito-serum-s-vitaminom-c-renewal-60-ml","status":"publish","type":"product","link":"https:\/\/divotecosmetics.com\/hr\/shop\/njega-koze\/purito-serum-s-vitaminom-c-renewal-60-ml\/","title":{"rendered":"Purito serum s vitaminom C (Renewal) 60 ml"},"content":{"rendered":"<p><a href=\"https:\/\/divotecosmetics.com\/hr\/predstavljamo-purito-prirodna-njega-inspirirana-korejskom-tradicijom\/\">Purito&#8217;s<\/a> Pure Vitamin C Serum je veganski, ekolo\u0161ki prihvatljiv proizvod dizajniran za revitalizaciju ko\u017ee pobolj\u0161anjem neujedna\u010denog tena, pove\u0107anjem elasti\u010dnosti i pru\u017eanjem dubinske hidratacije. Formuliran s 5% askorbinske kiseline (\u010distog vitamina C), natrijevim hijaluronatom i niacinamidom, smanjuje pojavu bora, posvjetljuje ten i poma\u017ee u popravljanju o\u0161te\u0107enja uzrokovanih UV zra\u010denjem. Ovaj serum je nje\u017ean, bez mirisa, i savr\u0161en za osjetljivu ko\u017eu.<\/p>\n<p>Pakiran u tamnu bo\u010dicu kako bi se za\u0161titila njegova stabilnost, serum je idealan za rje\u0161avanje problema poput be\u017eivotne ko\u017ee, hiperpigmentacije, o\u017eiljaka od akni i gubitka \u010dvrsto\u0107e. Puritov pristup bez okrutnosti i odr\u017eivost osigurava formulu koja je sigurna i za va\u0161u ko\u017eu i za okoli\u0161.<\/p>\n","protected":false},"excerpt":{"rendered":"<p><a href=\"https:\/\/divotecosmetics.com\/hr\/brands\/purito\/\">Purito<\/a> Pure Vitamin C Serum idealan je za rje\u0161avanje problema poput be\u017eivotne ko\u017ee, <a href=\"https:\/\/divotecosmetics.com\/hr\/zasto-se-hiperpigmentacije-vracaju-na-jesen-i-kako-ih-sprijeciti\/\">hiperpigmentacije<\/a>, o\u017eiljaka od akni i gubitka \u010dvrsto\u0107e.<\/p>\n","protected":false},"featured_media":3363,"comment_status":"open","ping_status":"closed","template":"","meta":{"_acf_changed":false,"_seopress_robots_primary_cat":"none","_seopress_titles_title":"Pure Vitamin C Serum (Renewal) 60 ml - Divote Cosmetics","_seopress_titles_desc":"Pure Vitamin C Serum (Renewal) 60 ml je za rje\u0161avanje problema poput be\u017eivotne ko\u017ee, hiperpigmentacije, o\u017eiljaka od akni i gubitka \u010dvrsto\u0107e.","_seopress_robots_index":"","inline_featured_image":false},"product_brand":[],"product_cat":[94],"product_tag":[249,251],"class_list":{"0":"post-3361","1":"product","2":"type-product","3":"status-publish","4":"has-post-thumbnail","6":"product_cat-njega-koze","7":"product_tag-brightening-hr","8":"product_tag-dark-spots-hr","9":"pa_brands-purito","10":"pa_ingredients-vitamin-c-hr","11":"pa_product-type-serum-hr","12":"pa_skin-concerns-hyperpigmentation-hr","13":"pa_skin-type-normal-skin-hr","14":"pa_skin-type-sensitive-skin-hr","15":"pa_skin-type-dry-skin-hr","16":"pa_skin-type-all-skin-types-hr","17":"pa_skin-type-mature-skin-hr","19":"first","20":"instock","21":"taxable","22":"shipping-taxable","23":"purchasable","24":"product-type-simple"},"acf":[],"_links":{"self":[{"href":"https:\/\/divotecosmetics.com\/hr\/wp-json\/wp\/v2\/product\/3361","targetHints":{"allow":["GET"]}}],"collection":[{"href":"https:\/\/divotecosmetics.com\/hr\/wp-json\/wp\/v2\/product"}],"about":[{"href":"https:\/\/divotecosmetics.com\/hr\/wp-json\/wp\/v2\/types\/product"}],"replies":[{"embeddable":true,"href":"https:\/\/divotecosmetics.com\/hr\/wp-json\/wp\/v2\/comments?post=3361"}],"wp:featuredmedia":[{"embeddable":true,"href":"https:\/\/divotecosmetics.com\/hr\/wp-json\/wp\/v2\/media\/3363"}],"wp:attachment":[{"href":"https:\/\/divotecosmetics.com\/hr\/wp-json\/wp\/v2\/media?parent=3361"}],"wp:term":[{"taxonomy":"product_brand","embeddable":true,"href":"https:\/\/divotecosmetics.com\/hr\/wp-json\/wp\/v2\/product_brand?post=3361"},{"taxonomy":"product_cat","embeddable":true,"href":"https:\/\/divotecosmetics.com\/hr\/wp-json\/wp\/v2\/product_cat?post=3361"},{"taxonomy":"product_tag","embeddable":true,"href":"https:\/\/divotecosmetics.com\/hr\/wp-json\/wp\/v2\/product_tag?post=3361"}],"curies":[{"name":"wp","href":"https:\/\/api.w.org\/{rel}","templated":true}]}}