{"id":3351,"date":"2024-09-16T12:35:56","date_gmt":"2024-09-16T10:35:56","guid":{"rendered":"https:\/\/divotecosmetics.com\/?post_type=product&#038;p=3351"},"modified":"2026-04-02T12:30:21","modified_gmt":"2026-04-02T10:30:21","slug":"purito-serum-s-mineralima-dubokog-mora-60-ml","status":"publish","type":"product","link":"https:\/\/divotecosmetics.com\/hr\/shop\/njega-koze\/purito-serum-s-mineralima-dubokog-mora-60-ml\/","title":{"rendered":"Purito serum s mineralima dubokog mora 60 ml"},"content":{"rendered":"<p><a href=\"https:\/\/divotecosmetics.com\/hr\/brands\/purito\/\">Purito<\/a> SEOUL Hydro Wave Deep Sea Serum nudi laganu, intenzivnu hidrataciju s pove\u0107anjem od 137%, zahvaljuju\u0107i svojoj Gangwondo dubokoj morskoj vodi dobivenoj s 605 metara ispod Isto\u010dnog mora. Ovaj dermatolo\u0161ki testirani serum savr\u0161en je za masnu i mje\u0161ovitu ko\u017eu, pru\u017eaju\u0107i dugotrajnu vlagu bez masno\u0107e.<\/p>\n<p>Oboga\u0107en Purito morskim kompleksom, koji uklju\u010duje Glasswort, Sea Grapes, Kelp i Snow Mushroom, dubinski njeguje i zadr\u017eava vlagu. Njegova brzo upijaju\u0107a gel tekstura zagla\u0111uje i napuhuje ko\u017eu, dok peptidni elementi smanjuju fine linije i poti\u010du kolagen. Veganski je i ne sadr\u017ei sinteti\u010dke mirise te pru\u017ea blistav, hidratiziran ten.<\/p>\n","protected":false},"excerpt":{"rendered":"<p><a href=\"https:\/\/divotecosmetics.com\/hr\/predstavljamo-purito-prirodna-njega-inspirirana-korejskom-tradicijom\/\">Purito<\/a> SEOUL Hydro Wave Deep Sea Serum savr\u0161en je za masnu i mje\u0161ovitu ko\u017eu, pru\u017eaju\u0107i dugotrajnu vlagu bez masno\u0107e.<\/p>\n","protected":false},"featured_media":3357,"comment_status":"open","ping_status":"closed","template":"","meta":{"_acf_changed":false,"_seopress_robots_primary_cat":"none","_seopress_titles_title":"Hydro Wave Deep Sea Serum 60 ml - Serum za lice - Divote","_seopress_titles_desc":"Hydro Wave Deep Sea Serum 60 ml savr\u0161en je za masnu i mje\u0161ovitu ko\u017eu, pru\u017eaju\u0107i dugotrajnu vlagu bez masno\u0107e. Proizvod brenda Purito iz Divote","_seopress_robots_index":"","inline_featured_image":false},"product_brand":[],"product_cat":[94],"product_tag":[314,121],"class_list":{"0":"post-3351","1":"product","2":"type-product","3":"status-publish","4":"has-post-thumbnail","6":"product_cat-njega-koze","7":"product_tag-hydration-hr-2","8":"product_tag-shiny-cheeks-hr","9":"pa_brands-purito","10":"pa_ingredients-panthenol-hr","11":"pa_product-type-serum-hr","12":"pa_skin-concerns-hydration-hr","13":"pa_skin-type-oily-skin-hr","14":"pa_skin-type-normal-skin-hr","15":"pa_skin-type-sensitive-skin-hr","16":"pa_skin-type-all-skin-types-hr","17":"pa_skin-type-mature-skin-hr","19":"first","20":"instock","21":"taxable","22":"shipping-taxable","23":"purchasable","24":"product-type-simple"},"acf":[],"_links":{"self":[{"href":"https:\/\/divotecosmetics.com\/hr\/wp-json\/wp\/v2\/product\/3351","targetHints":{"allow":["GET"]}}],"collection":[{"href":"https:\/\/divotecosmetics.com\/hr\/wp-json\/wp\/v2\/product"}],"about":[{"href":"https:\/\/divotecosmetics.com\/hr\/wp-json\/wp\/v2\/types\/product"}],"replies":[{"embeddable":true,"href":"https:\/\/divotecosmetics.com\/hr\/wp-json\/wp\/v2\/comments?post=3351"}],"wp:featuredmedia":[{"embeddable":true,"href":"https:\/\/divotecosmetics.com\/hr\/wp-json\/wp\/v2\/media\/3357"}],"wp:attachment":[{"href":"https:\/\/divotecosmetics.com\/hr\/wp-json\/wp\/v2\/media?parent=3351"}],"wp:term":[{"taxonomy":"product_brand","embeddable":true,"href":"https:\/\/divotecosmetics.com\/hr\/wp-json\/wp\/v2\/product_brand?post=3351"},{"taxonomy":"product_cat","embeddable":true,"href":"https:\/\/divotecosmetics.com\/hr\/wp-json\/wp\/v2\/product_cat?post=3351"},{"taxonomy":"product_tag","embeddable":true,"href":"https:\/\/divotecosmetics.com\/hr\/wp-json\/wp\/v2\/product_tag?post=3351"}],"curies":[{"name":"wp","href":"https:\/\/api.w.org\/{rel}","templated":true}]}}