{"id":3347,"date":"2024-09-16T12:12:20","date_gmt":"2024-09-16T10:12:20","guid":{"rendered":"https:\/\/divotecosmetics.com\/?post_type=product&#038;p=3347"},"modified":"2026-01-26T14:14:00","modified_gmt":"2026-01-26T13:14:00","slug":"purito-hidratantna-krema-s-mineralima-dubokog-mora-50-ml","status":"publish","type":"product","link":"https:\/\/divotecosmetics.com\/hr\/shop\/njega-koze\/purito-hidratantna-krema-s-mineralima-dubokog-mora-50-ml\/","title":{"rendered":"Purito hidratantna krema s mineralima dubokog mora 50 ml"},"content":{"rendered":"<p>Otklju\u010dajte tajnu dubinski hidratizirane, savr\u0161eno uravnote\u017eene ko\u017ee s <a href=\"https:\/\/divotecosmetics.com\/hr\/brands\/purito\/\">Purito<\/a> SEOUL Hydro Wave Deep Sea Cream \u2013 ultimativnim rje\u0161enjem za nemasnu, dugotrajnu hidrataciju koja ostavlja va\u0161 ten sjajnim i osvje\u017eenim.<\/p>\n<p>Ova mo\u0107na krema kombinira 60% duboke morske vode iz Gangwonda s morskim kompleksom i natrijevim hijaluronatom za dubinsku hidrataciju dok uravnote\u017euje razine ulja i vode u ko\u017ei. Njena svilenkasta gel tekstura savr\u0161ena je za smirivanje osjetljive ko\u017ee, ja\u010danje prirodne barijere ko\u017ee i poticanje glatkog, vla\u017enog tena.<\/p>\n<p>Idealan za suhe i osjetljive tipove ko\u017ee, formula je oboga\u0107ena hranjivim niacinamidom i ekstraktima algi kako bi se obnovila vitalnost i sjaj. Bez agresivnih kemikalija, parabena i sinteti\u010dkih mirisa, zadr\u017eava vlagu dok \u0161titi od okoli\u0161nih stresora, odr\u017eavaju\u0107i va\u0161u ko\u017eu mekanom, zdravom i vidljivo napetom.<\/p>\n","protected":false},"excerpt":{"rendered":"<p>Otklju\u010dajte tajnu savr\u0161eno uravnote\u017eene ko\u017ee s <a href=\"https:\/\/divotecosmetics.com\/hr\/predstavljamo-purito-prirodna-njega-inspirirana-korejskom-tradicijom\/\">Purito<\/a> SEOUL Hydro Wave Deep Sea Cream \u2013 ultimativnim rje\u0161enjem za hidrataciju.<\/p>\n","protected":false},"featured_media":3349,"comment_status":"open","ping_status":"closed","template":"","meta":{"_acf_changed":false,"_seopress_robots_primary_cat":"none","_seopress_titles_title":"Hydro Wave Deep Sea Cream 50 ml - Krema za lice - Divote","_seopress_titles_desc":"Hydro Wave Deep Sea Cream 50 ml - Otklju\u010dajte tajnu savr\u0161eno uravnote\u017eene ko\u017ee s ultimativnim rje\u0161enjem za hidrataciju. Proizvod brenda Purito","_seopress_robots_index":"","inline_featured_image":false},"product_brand":[],"product_cat":[94],"product_tag":[314,121],"class_list":{"0":"post-3347","1":"product","2":"type-product","3":"status-publish","4":"has-post-thumbnail","6":"product_cat-njega-koze","7":"product_tag-hydration-hr-2","8":"product_tag-shiny-cheeks-hr","9":"pa_brands-purito","10":"pa_ingredients-panthenol-hr","11":"pa_product-type-hidratacija","12":"pa_skin-concerns-hydration-hr","13":"pa_skin-type-normal-skin-hr","14":"pa_skin-type-sensitive-skin-hr","15":"pa_skin-type-dry-skin-hr","16":"pa_skin-type-all-skin-types-hr","17":"pa_skin-type-mature-skin-hr","19":"first","20":"instock","21":"taxable","22":"shipping-taxable","23":"purchasable","24":"product-type-simple"},"acf":[],"_links":{"self":[{"href":"https:\/\/divotecosmetics.com\/hr\/wp-json\/wp\/v2\/product\/3347","targetHints":{"allow":["GET"]}}],"collection":[{"href":"https:\/\/divotecosmetics.com\/hr\/wp-json\/wp\/v2\/product"}],"about":[{"href":"https:\/\/divotecosmetics.com\/hr\/wp-json\/wp\/v2\/types\/product"}],"replies":[{"embeddable":true,"href":"https:\/\/divotecosmetics.com\/hr\/wp-json\/wp\/v2\/comments?post=3347"}],"wp:featuredmedia":[{"embeddable":true,"href":"https:\/\/divotecosmetics.com\/hr\/wp-json\/wp\/v2\/media\/3349"}],"wp:attachment":[{"href":"https:\/\/divotecosmetics.com\/hr\/wp-json\/wp\/v2\/media?parent=3347"}],"wp:term":[{"taxonomy":"product_brand","embeddable":true,"href":"https:\/\/divotecosmetics.com\/hr\/wp-json\/wp\/v2\/product_brand?post=3347"},{"taxonomy":"product_cat","embeddable":true,"href":"https:\/\/divotecosmetics.com\/hr\/wp-json\/wp\/v2\/product_cat?post=3347"},{"taxonomy":"product_tag","embeddable":true,"href":"https:\/\/divotecosmetics.com\/hr\/wp-json\/wp\/v2\/product_tag?post=3347"}],"curies":[{"name":"wp","href":"https:\/\/api.w.org\/{rel}","templated":true}]}}