{"id":3326,"date":"2024-09-14T00:53:09","date_gmt":"2024-09-13T22:53:09","guid":{"rendered":"https:\/\/divotecosmetics.com\/?post_type=product&#038;p=3326"},"modified":"2026-01-26T14:28:46","modified_gmt":"2026-01-26T13:28:46","slug":"purito-bb-cushion-jastucic-s-centellom-wonder-releaf","status":"publish","type":"product","link":"https:\/\/divotecosmetics.com\/hr\/shop\/njega-koze\/purito-bb-cushion-jastucic-s-centellom-wonder-releaf\/","title":{"rendered":"Purito BB cushion jastu\u010di\u0107 s centellom Wonder Releaf"},"content":{"rendered":"<p>Iskusite besprijekoran ten s <a href=\"https:\/\/divotecosmetics.com\/hr\/brands\/purito\/\">Purito<\/a> Wonder Releaf Centella BB Cushionom. Formuliran s korejskom Centellom Asiaticom, ovaj BB jastu\u010di\u0107 u\u010dinkovito umiruje crvenilo i nelagodu. Oboga\u0107en hijaluronskom kiselinom i ceramidima, pru\u017ea dubinsku hidrataciju i sprje\u010dava isu\u0161ivanje. Napredna Dual Fitting System tehnologija osigurava dugotrajnu, polu-mat pokrivenost ko\u017ee koja ostaje svje\u017ea i glatka tijekom cijelog dana.<\/p>\n<p>Idealan za osjetljivu ko\u017eu, ova hipoalergena i dermatolo\u0161ki testirana formula pru\u017ea prirodan, blistav zavr\u0161ni izgled s prilagodljivom pokrivno\u0161\u0107u. Dostupan u tri nijanse \u2014 #13 Neutral Ivory, #21 Light Beige i #23 Natural Beige \u2014 ovaj proizvod nije testiran na \u017eivotinjama i potpuno je veganski. Kombinira njegu ko\u017ee i make-up za sjajan, vibrantan izgled.<\/p>\n","protected":false},"excerpt":{"rendered":"<p>Iskusite besprijekoran ten s <a href=\"https:\/\/divotecosmetics.com\/hr\/predstavljamo-purito-prirodna-njega-inspirirana-korejskom-tradicijom\/\">Purito<\/a> Wonder Releaf Centella BB Cushionom; ovaj BB jastu\u010di\u0107 umiruje crvenilo i osigurava dugotrajnu pokrivenost ko\u017ee.<\/p>\n","protected":false},"featured_media":5255,"comment_status":"open","ping_status":"closed","template":"","meta":{"_acf_changed":false,"_seopress_robots_primary_cat":"none","_seopress_titles_title":"Wonder Releaf Centella BB Cushion - Purito - Divote","_seopress_titles_desc":"Wonder Releaf Centella BB Cushion BB jastu\u010di\u0107 umiruje crvenilo i osigurava dugotrajnu pokrivenost ko\u017ee. Proizvod brenda Purito, Divote Cosmetics","_seopress_robots_index":"","inline_featured_image":false},"product_brand":[],"product_cat":[94],"product_tag":[254,255,314,259,264,121],"class_list":{"0":"post-3326","1":"product","2":"type-product","3":"status-publish","4":"has-post-thumbnail","6":"product_cat-njega-koze","7":"product_tag-glass-skin-hr","8":"product_tag-glow-hr","9":"product_tag-hydration-hr-2","10":"product_tag-makeup-hr","11":"product_tag-redness-reduce-hr","12":"product_tag-shiny-cheeks-hr","13":"pa_brands-purito","14":"pa_ingredients-centella-asiatica-hr","15":"pa_ingredients-hyaluronic-acid-hr","16":"pa_product-type-hidratacija","17":"pa_skin-concerns-hydration-hr","18":"pa_skin-type-normal-skin-hr","19":"pa_skin-type-sensitive-skin-hr","20":"pa_skin-type-dry-skin-hr","21":"pa_skin-type-all-skin-types-hr","22":"pa_skin-type-mature-skin-hr","24":"first","25":"instock","26":"taxable","27":"shipping-taxable","28":"purchasable","29":"product-type-variable"},"acf":[],"_links":{"self":[{"href":"https:\/\/divotecosmetics.com\/hr\/wp-json\/wp\/v2\/product\/3326","targetHints":{"allow":["GET"]}}],"collection":[{"href":"https:\/\/divotecosmetics.com\/hr\/wp-json\/wp\/v2\/product"}],"about":[{"href":"https:\/\/divotecosmetics.com\/hr\/wp-json\/wp\/v2\/types\/product"}],"replies":[{"embeddable":true,"href":"https:\/\/divotecosmetics.com\/hr\/wp-json\/wp\/v2\/comments?post=3326"}],"wp:featuredmedia":[{"embeddable":true,"href":"https:\/\/divotecosmetics.com\/hr\/wp-json\/wp\/v2\/media\/5255"}],"wp:attachment":[{"href":"https:\/\/divotecosmetics.com\/hr\/wp-json\/wp\/v2\/media?parent=3326"}],"wp:term":[{"taxonomy":"product_brand","embeddable":true,"href":"https:\/\/divotecosmetics.com\/hr\/wp-json\/wp\/v2\/product_brand?post=3326"},{"taxonomy":"product_cat","embeddable":true,"href":"https:\/\/divotecosmetics.com\/hr\/wp-json\/wp\/v2\/product_cat?post=3326"},{"taxonomy":"product_tag","embeddable":true,"href":"https:\/\/divotecosmetics.com\/hr\/wp-json\/wp\/v2\/product_tag?post=3326"}],"curies":[{"name":"wp","href":"https:\/\/api.w.org\/{rel}","templated":true}]}}