{"id":3322,"date":"2024-09-14T00:28:28","date_gmt":"2024-09-13T22:28:28","guid":{"rendered":"https:\/\/divotecosmetics.com\/?post_type=product&#038;p=3322"},"modified":"2026-01-26T14:34:23","modified_gmt":"2026-01-26T13:34:23","slug":"purito-timeless-wonder-centella-spot-flasteri-51-kom","status":"publish","type":"product","link":"https:\/\/divotecosmetics.com\/hr\/shop\/njega-koze\/purito-timeless-wonder-centella-spot-flasteri-51-kom\/","title":{"rendered":"Purito Timeless Wonder centella spot flasteri (51 kom)"},"content":{"rendered":"<p>The Wonder Releaf Centella Spot Patch (<a href=\"https:\/\/divotecosmetics.com\/hr\/brands\/purito\/\">Purito<\/a>) pru\u017ea brzo olak\u0161anje za osjetljivu i aknama sklonu ko\u017eu, koriste\u0107i sastojke s ekstraktom Centelle za smirivanje iritacija ve\u0107 nakon jedne primjene. Tanak, proziran flaster pru\u017ea prirodan i ugodan osje\u0107aj, savr\u0161eno se stapa s ko\u017eom.<\/p>\n<p>Klju\u010dni sastojci, poput ekstrakta biljke Centella Asiatica, madekasi\u010dne kiseline i azijatikoze, zajedni\u010dki djeluju na smirivanje crvenila i poticanje oporavka ko\u017ee. Dermatolo\u0161ki testiran i hipoalergen, ovaj flaster idealan je za ciljanje problemati\u010dnih podru\u010dja, a ostaje nevidljiv \u010dak i ispod \u0161minke.<\/p>\n","protected":false},"excerpt":{"rendered":"<p>The Wonder Releaf Centella Spot Patch (<a href=\"https:\/\/divotecosmetics.com\/hr\/predstavljamo-purito-prirodna-njega-inspirirana-korejskom-tradicijom\/\">Purito<\/a>) flasteri pru\u017eaju brzo olak\u0161anje za osjetljivu i aknama sklonu ko\u017eu.<\/p>\n","protected":false},"featured_media":3324,"comment_status":"open","ping_status":"closed","template":"","meta":{"_acf_changed":false,"_seopress_robots_primary_cat":"none","_seopress_titles_title":"Timeless Wonder Releaf Centella Spot Patch - Divote","_seopress_titles_desc":"Timeless Wonder Releaf Centella Spot Patch u flasteri pru\u017eaju brzo olak\u0161anje za osjetljivu i aknama sklonu ko\u017eu. Proizvod brenda Purito","_seopress_robots_index":"","inline_featured_image":false},"product_brand":[],"product_cat":[94],"product_tag":[247,119,314],"class_list":{"0":"post-3322","1":"product","2":"type-product","3":"status-publish","4":"has-post-thumbnail","6":"product_cat-njega-koze","7":"product_tag-acne-care-hr","8":"product_tag-fine-lines-hr","9":"product_tag-hydration-hr-2","10":"pa_brands-purito","11":"pa_ingredients-centella-asiatica-hr","12":"pa_product-type-maska","13":"pa_skin-concerns-acne-hr","14":"pa_skin-type-normal-skin-hr","15":"pa_skin-type-sensitive-skin-hr","16":"pa_skin-type-dry-skin-hr","17":"pa_skin-type-all-skin-types-hr","18":"pa_skin-type-mature-skin-hr","20":"first","21":"instock","22":"taxable","23":"shipping-taxable","24":"purchasable","25":"product-type-simple"},"acf":[],"_links":{"self":[{"href":"https:\/\/divotecosmetics.com\/hr\/wp-json\/wp\/v2\/product\/3322","targetHints":{"allow":["GET"]}}],"collection":[{"href":"https:\/\/divotecosmetics.com\/hr\/wp-json\/wp\/v2\/product"}],"about":[{"href":"https:\/\/divotecosmetics.com\/hr\/wp-json\/wp\/v2\/types\/product"}],"replies":[{"embeddable":true,"href":"https:\/\/divotecosmetics.com\/hr\/wp-json\/wp\/v2\/comments?post=3322"}],"wp:featuredmedia":[{"embeddable":true,"href":"https:\/\/divotecosmetics.com\/hr\/wp-json\/wp\/v2\/media\/3324"}],"wp:attachment":[{"href":"https:\/\/divotecosmetics.com\/hr\/wp-json\/wp\/v2\/media?parent=3322"}],"wp:term":[{"taxonomy":"product_brand","embeddable":true,"href":"https:\/\/divotecosmetics.com\/hr\/wp-json\/wp\/v2\/product_brand?post=3322"},{"taxonomy":"product_cat","embeddable":true,"href":"https:\/\/divotecosmetics.com\/hr\/wp-json\/wp\/v2\/product_cat?post=3322"},{"taxonomy":"product_tag","embeddable":true,"href":"https:\/\/divotecosmetics.com\/hr\/wp-json\/wp\/v2\/product_tag?post=3322"}],"curies":[{"name":"wp","href":"https:\/\/api.w.org\/{rel}","templated":true}]}}