{"id":3318,"date":"2024-09-13T23:48:50","date_gmt":"2024-09-13T21:48:50","guid":{"rendered":"https:\/\/divotecosmetics.com\/?post_type=product&#038;p=3318"},"modified":"2026-01-26T14:25:36","modified_gmt":"2026-01-26T13:25:36","slug":"purito-serum-s-bakuchiolom-timeless-bloom-30-ml","status":"publish","type":"product","link":"https:\/\/divotecosmetics.com\/hr\/shop\/njega-koze\/purito-serum-s-bakuchiolom-timeless-bloom-30-ml\/","title":{"rendered":"Purito serum s bakuchiolom Timeless Bloom 30 ml"},"content":{"rendered":"<p>Timeless Bloom Bakuchiol Serum lagani je, brzo upijaju\u0107i serum oboga\u0107en bakuchiolom, kreiran za smanjenje prvih znakova starenja. Dovoljno je nje\u017ean za sve tipove ko\u017ee, uklju\u010duju\u0107i osjetljivu, i ne izaziva iritacije. Klju\u010dni sastojci uklju\u010duju alantoin koji umiruje i hidratizira, te kompleks peptida koji pobolj\u0161ava elasti\u010dnost ko\u017ee. Proizvod brenda <a href=\"https:\/\/divotecosmetics.com\/hr\/brands\/purito\/\">Purito<\/a><\/p>\n<p>Ovaj veganski serum tako\u0111er sadr\u017ei prirodni spoj ekstrakata ru\u017emarina, origana i maj\u010dine du\u0161ice, koji poma\u017eu zagladiti teksturu ko\u017ee i oja\u010dati njezinu za\u0161titnu barijeru. Hidratantna, nemasna formula ostavlja ko\u017eu osvje\u017eenom, \u0161to ga \u010dini idealnim dodatkom va\u0161oj svakodnevnoj rutini.<\/p>\n","protected":false},"excerpt":{"rendered":"<p>Timeless Bloom Bakuchiol Serum lagani je, brzo upijaju\u0107i serum oboga\u0107en bakuchiolom, kreiran za smanjenje prvih znakova starenja.<\/p>\n","protected":false},"featured_media":3320,"comment_status":"open","ping_status":"closed","template":"","meta":{"_acf_changed":false,"_seopress_robots_primary_cat":"none","_seopress_titles_title":"Timeless Bloom Bakuchiol Serum 30 ml - Serum za lice","_seopress_titles_desc":"Timeless Bloom Bakuchiol Serum lagani je, brzo upijaju\u0107i serum za lice oboga\u0107en bakuchiolom, kreiran za smanjenje prvih znakova starenja.","_seopress_robots_index":"","inline_featured_image":false},"product_brand":[],"product_cat":[94],"product_tag":[248,119,314],"class_list":{"0":"post-3318","1":"product","2":"type-product","3":"status-publish","4":"has-post-thumbnail","6":"product_cat-njega-koze","7":"product_tag-anti-age-hr","8":"product_tag-fine-lines-hr","9":"product_tag-hydration-hr-2","10":"pa_brands-purito","11":"pa_ingredients-centella-asiatica-hr","12":"pa_ingredients-panthenol-hr","13":"pa_product-type-serum-hr","14":"pa_skin-concerns-hydration-hr","15":"pa_skin-type-normal-skin-hr","16":"pa_skin-type-sensitive-skin-hr","17":"pa_skin-type-dry-skin-hr","18":"pa_skin-type-all-skin-types-hr","19":"pa_skin-type-mature-skin-hr","21":"first","22":"instock","23":"taxable","24":"shipping-taxable","25":"purchasable","26":"product-type-simple"},"acf":[],"_links":{"self":[{"href":"https:\/\/divotecosmetics.com\/hr\/wp-json\/wp\/v2\/product\/3318","targetHints":{"allow":["GET"]}}],"collection":[{"href":"https:\/\/divotecosmetics.com\/hr\/wp-json\/wp\/v2\/product"}],"about":[{"href":"https:\/\/divotecosmetics.com\/hr\/wp-json\/wp\/v2\/types\/product"}],"replies":[{"embeddable":true,"href":"https:\/\/divotecosmetics.com\/hr\/wp-json\/wp\/v2\/comments?post=3318"}],"wp:featuredmedia":[{"embeddable":true,"href":"https:\/\/divotecosmetics.com\/hr\/wp-json\/wp\/v2\/media\/3320"}],"wp:attachment":[{"href":"https:\/\/divotecosmetics.com\/hr\/wp-json\/wp\/v2\/media?parent=3318"}],"wp:term":[{"taxonomy":"product_brand","embeddable":true,"href":"https:\/\/divotecosmetics.com\/hr\/wp-json\/wp\/v2\/product_brand?post=3318"},{"taxonomy":"product_cat","embeddable":true,"href":"https:\/\/divotecosmetics.com\/hr\/wp-json\/wp\/v2\/product_cat?post=3318"},{"taxonomy":"product_tag","embeddable":true,"href":"https:\/\/divotecosmetics.com\/hr\/wp-json\/wp\/v2\/product_tag?post=3318"}],"curies":[{"name":"wp","href":"https:\/\/api.w.org\/{rel}","templated":true}]}}