{"id":3309,"date":"2024-09-13T22:39:42","date_gmt":"2024-09-13T20:39:42","guid":{"rendered":"https:\/\/divotecosmetics.com\/?post_type=product&#038;p=3309"},"modified":"2026-02-10T20:56:18","modified_gmt":"2026-02-10T19:56:18","slug":"purito-tretman-krema-s-retinolom-timeless-bloom-30-ml","status":"publish","type":"product","link":"https:\/\/divotecosmetics.com\/hr\/shop\/njega-koze\/purito-tretman-krema-s-retinolom-timeless-bloom-30-ml\/","title":{"rendered":"Purito tretman krema s retinolom Timeless Bloom 30 ml"},"content":{"rendered":"<p><a href=\"https:\/\/divotecosmetics.com\/hr\/predstavljamo-purito-prirodna-njega-inspirirana-korejskom-tradicijom\/\">Purito<\/a> SEOUL Timeless Bloom Retinol Spot Cream je formula dizajnirana za smanjenje bora i pobolj\u0161anje elasti\u010dnosti ko\u017ee. S 0,1% retinolom, Bakuchiolom i ekstraktom hortenzije s Jeju otoka, ova krema je idealna za po\u010detnike u kori\u0161tenju retinola i one s osjetljivom, suhom ili mje\u0161ovitom ko\u017eom. Njezina bogata, kremasta tekstura ostavlja sjajan, elasti\u010dan zavr\u0161ni sloj, dok hijaluronska kiselina i Vitamin E pru\u017eaju hidrataciju i antioksidativnu za\u0161titu za mladena\u010dki ten.<\/p>\n<p>Hipoalergena i dermatolo\u0161ki testirana, ova blaga krema za mrlje pogodna je za sve tipove ko\u017ee. Klju\u010dne prednosti uklju\u010duju smanjenje bora, usavr\u0161avanje pora i pobolj\u0161anje elasti\u010dnosti ko\u017ee. Najbolje se koristi no\u0107u kao tretman za specifi\u010dna podru\u010dja nakon va\u0161e hidratantne kreme.<\/p>\n","protected":false},"excerpt":{"rendered":"<p><a href=\"https:\/\/divotecosmetics.com\/hr\/brands\/purito\/\">Purito<\/a> SEOUL Timeless Bloom Retinol Spot Cream idealna za po\u010detnike u kori\u0161tenju retinola i one s <a href=\"https:\/\/divotecosmetics.com\/hr\/skin-type\/sensitive-skin-hr\/?yith_wcan=1&#038;orderby=popularity&#038;product_cat=njega-koze\">osjetljivom<\/a>, suhom ili mje\u0161ovitom ko\u017eom.<\/p>\n","protected":false},"featured_media":3316,"comment_status":"open","ping_status":"closed","template":"","meta":{"_acf_changed":false,"_seopress_robots_primary_cat":"none","_seopress_titles_title":"Timeless Bloom Retinol Spot Cream 30 ml - Purito - Divote","_seopress_titles_desc":"Timeless Bloom Retinol Spot Cream 30 ml krema idealna za po\u010detnike u kori\u0161tenju retinola i one s osjetljivom, suhom ili mje\u0161ovitom ko\u017eom.","_seopress_robots_index":"","inline_featured_image":false},"product_brand":[],"product_cat":[94],"product_tag":[247,119,265],"class_list":{"0":"post-3309","1":"product","2":"type-product","3":"status-publish","4":"has-post-thumbnail","6":"product_cat-njega-koze","7":"product_tag-acne-care-hr","8":"product_tag-fine-lines-hr","9":"product_tag-retinol-hr","10":"pa_brands-purito","11":"pa_ingredients-centella-asiatica-hr","12":"pa_ingredients-panthenol-hr","13":"pa_product-type-hidratacija","14":"pa_skin-concerns-acne-hr","15":"pa_skin-concerns-hyperpigmentation-hr","16":"pa_skin-type-normal-skin-hr","17":"pa_skin-type-sensitive-skin-hr","18":"pa_skin-type-dry-skin-hr","19":"pa_skin-type-all-skin-types-hr","20":"pa_skin-type-mature-skin-hr","22":"first","23":"instock","24":"taxable","25":"shipping-taxable","26":"purchasable","27":"product-type-simple"},"acf":[],"_links":{"self":[{"href":"https:\/\/divotecosmetics.com\/hr\/wp-json\/wp\/v2\/product\/3309","targetHints":{"allow":["GET"]}}],"collection":[{"href":"https:\/\/divotecosmetics.com\/hr\/wp-json\/wp\/v2\/product"}],"about":[{"href":"https:\/\/divotecosmetics.com\/hr\/wp-json\/wp\/v2\/types\/product"}],"replies":[{"embeddable":true,"href":"https:\/\/divotecosmetics.com\/hr\/wp-json\/wp\/v2\/comments?post=3309"}],"wp:featuredmedia":[{"embeddable":true,"href":"https:\/\/divotecosmetics.com\/hr\/wp-json\/wp\/v2\/media\/3316"}],"wp:attachment":[{"href":"https:\/\/divotecosmetics.com\/hr\/wp-json\/wp\/v2\/media?parent=3309"}],"wp:term":[{"taxonomy":"product_brand","embeddable":true,"href":"https:\/\/divotecosmetics.com\/hr\/wp-json\/wp\/v2\/product_brand?post=3309"},{"taxonomy":"product_cat","embeddable":true,"href":"https:\/\/divotecosmetics.com\/hr\/wp-json\/wp\/v2\/product_cat?post=3309"},{"taxonomy":"product_tag","embeddable":true,"href":"https:\/\/divotecosmetics.com\/hr\/wp-json\/wp\/v2\/product_tag?post=3309"}],"curies":[{"name":"wp","href":"https:\/\/api.w.org\/{rel}","templated":true}]}}