{"id":3295,"date":"2024-09-12T12:45:14","date_gmt":"2024-09-12T10:45:14","guid":{"rendered":"http:\/\/divotecosmetics.com\/?post_type=product&#038;p=3295"},"modified":"2026-01-26T14:15:05","modified_gmt":"2026-01-26T13:15:05","slug":"purito-lagana-spf-krema-za-svakodnevnu-zastitu-60-ml","status":"publish","type":"product","link":"https:\/\/divotecosmetics.com\/hr\/shop\/njega-koze\/purito-lagana-spf-krema-za-svakodnevnu-zastitu-60-ml\/","title":{"rendered":"Purito Lagana SPF krema za svakodnevnu za\u0161titu 60 ml"},"content":{"rendered":"<p><a href=\"https:\/\/divotecosmetics.com\/hr\/brands\/purito\/\">Purito<\/a> Lagana SPF krema za svakodnevnu za\u0161titu (Daily Soft Touch Sunscreen) pru\u017ea SPF 50+ i PA++++ za\u0161titu \u0161irokog spektra protiv UVA i UVB zraka. Njegova lagana, nemasna formula brzo se upija bez ostavljanja bijelog sloja.<\/p>\n<p>Oboga\u0107en s pet ceramida, ja\u010da barijeru ko\u017ee i duboko <a href=\"https:\/\/divotecosmetics.com\/hr\/product-type\/hidratacija\/?yith_wcan=1&#038;orderby=popularity&#038;product_cat=njega-koze\">hidratizira<\/a>. Centella Asiatica i Panthenol umiruju i \u0161tite, \u010dine\u0107i ga idealnim za osjetljivu ko\u017eu. Pogodan za svakodnevnu upotrebu, nudi i za\u0161titu od sunca i umiruju\u0107u njegu.<\/p>\n","protected":false},"excerpt":{"rendered":"<p><a href=\"https:\/\/divotecosmetics.com\/hr\/predstavljamo-purito-prirodna-njega-inspirirana-korejskom-tradicijom\/\">Purito<\/a> Lagana SPF krema za svakodnevnu za\u0161titu (Daily Soft Touch Sunscreen) pru\u017ea SPF 50+ i PA++++ za\u0161titu \u0161irokog spektra protiv UVA i UVB zraka.<\/p>\n","protected":false},"featured_media":3307,"comment_status":"open","ping_status":"closed","template":"","meta":{"_acf_changed":false,"_seopress_robots_primary_cat":"none","_seopress_titles_title":"Lagana SPF krema za svakodnevnu za\u0161titu - Divote Cosmetics","_seopress_titles_desc":"Lagana SPF krema brenda Purito je savr\u0161ena za svakodnevnu za\u0161titu pru\u017ea SPF 50+ i PA++++ za\u0161titu \u0161irokog spektra protiv UVA i UVB zraka","_seopress_robots_index":"","inline_featured_image":false},"product_brand":[],"product_cat":[94],"product_tag":[119,314,120,266,121],"class_list":{"0":"post-3295","1":"product","2":"type-product","3":"status-publish","4":"has-post-thumbnail","6":"product_cat-njega-koze","7":"product_tag-fine-lines-hr","8":"product_tag-hydration-hr-2","9":"product_tag-pore-reduction-hr","10":"product_tag-sensitive-skin-hr","11":"product_tag-shiny-cheeks-hr","12":"pa_brands-purito","13":"pa_ingredients-centella-asiatica-hr","14":"pa_ingredients-panthenol-hr","15":"pa_product-type-zastita-od-sunca","16":"pa_skin-concerns-hydration-hr","17":"pa_skin-type-normal-skin-hr","18":"pa_skin-type-sensitive-skin-hr","19":"pa_skin-type-dry-skin-hr","20":"pa_skin-type-all-skin-types-hr","21":"pa_skin-type-mature-skin-hr","23":"first","24":"outofstock","25":"taxable","26":"shipping-taxable","27":"purchasable","28":"product-type-simple"},"acf":[],"_links":{"self":[{"href":"https:\/\/divotecosmetics.com\/hr\/wp-json\/wp\/v2\/product\/3295","targetHints":{"allow":["GET"]}}],"collection":[{"href":"https:\/\/divotecosmetics.com\/hr\/wp-json\/wp\/v2\/product"}],"about":[{"href":"https:\/\/divotecosmetics.com\/hr\/wp-json\/wp\/v2\/types\/product"}],"replies":[{"embeddable":true,"href":"https:\/\/divotecosmetics.com\/hr\/wp-json\/wp\/v2\/comments?post=3295"}],"wp:featuredmedia":[{"embeddable":true,"href":"https:\/\/divotecosmetics.com\/hr\/wp-json\/wp\/v2\/media\/3307"}],"wp:attachment":[{"href":"https:\/\/divotecosmetics.com\/hr\/wp-json\/wp\/v2\/media?parent=3295"}],"wp:term":[{"taxonomy":"product_brand","embeddable":true,"href":"https:\/\/divotecosmetics.com\/hr\/wp-json\/wp\/v2\/product_brand?post=3295"},{"taxonomy":"product_cat","embeddable":true,"href":"https:\/\/divotecosmetics.com\/hr\/wp-json\/wp\/v2\/product_cat?post=3295"},{"taxonomy":"product_tag","embeddable":true,"href":"https:\/\/divotecosmetics.com\/hr\/wp-json\/wp\/v2\/product_tag?post=3295"}],"curies":[{"name":"wp","href":"https:\/\/api.w.org\/{rel}","templated":true}]}}