{"id":3290,"date":"2024-09-12T02:09:35","date_gmt":"2024-09-12T00:09:35","guid":{"rendered":"https:\/\/divotecosmetics.com\/?post_type=product&#038;p=3290"},"modified":"2026-01-26T14:29:43","modified_gmt":"2026-01-26T13:29:43","slug":"purito-wonder-releaf-dnevna-losion-krema-za-suncanje-s-centellom-60-ml","status":"publish","type":"product","link":"https:\/\/divotecosmetics.com\/hr\/shop\/njega-koze\/purito-wonder-releaf-dnevna-losion-krema-za-suncanje-s-centellom-60-ml\/","title":{"rendered":"Purito Wonder Releaf dnevna losion krema za sun\u010danje s centellom 60 ml"},"content":{"rendered":"<p>Purito SEOUL Wonder Releaf Centella Daily Sun Lotion SPF50+ PA++++ pru\u017ea visoku za\u0161titu od sunca dok nudi umiruju\u0107u hidrataciju. Oboga\u0107en Centella Asiatica, ekstraktom sme\u0111e alge i hijaluronskom kiselinom, ovaj lagani, bezmirisni za\u0161titni faktor odr\u017eava osjetljivu ko\u017eu smirenom i hidratiziranom tijekom cijelog dana.<\/p>\n<p>S nemasnim zavr\u0161etkom, losion za sun\u010danje brzo se upija i ostavlja blistav, glatki izgled. Njegova nje\u017ena formula, bez umjetnih mirisa, silikona i parabena, \u010dini ga savr\u0161enim za osjetljivu i iritacijama sklonu ko\u017eu.<\/p>\n<p>Dizajniran da \u0161titi od UV zraka i urbanih zaga\u0111iva\u010da, ovaj losion za sun\u010danje djeluje kao za\u0161titna barijera, brane\u0107i ko\u017eu od vanjskih \u0161tetnih utjecaja, dok ju odr\u017eava hidratiziranom i blistavom.<\/p>\n","protected":false},"excerpt":{"rendered":"<p>Purito SEOUL Wonder Releaf Centella Daily Sun Lotion SPF50+ PA++++ pru\u017ea visoku za\u0161titu od sunca uz umiruju\u0107u hidrataciju.<\/p>\n","protected":false},"featured_media":3293,"comment_status":"open","ping_status":"closed","template":"","meta":{"_acf_changed":false,"_seopress_robots_primary_cat":"none","_seopress_titles_title":"Wonder Releaf Centella Daily Sun Lotion 60 ml - Divote","_seopress_titles_desc":"Wonder Releaf Centella Daily Sun Lotion 60 ml pru\u017ea visoku za\u0161titu od sunca uz umiruju\u0107u hidrataciju. Posjetite Divote Cosmetics web shop","_seopress_robots_index":"","inline_featured_image":false},"product_brand":[],"product_cat":[94],"product_tag":[253,119,314,120,266,121],"class_list":{"0":"post-3290","1":"product","2":"type-product","3":"status-publish","4":"has-post-thumbnail","6":"product_cat-njega-koze","7":"product_tag-eyecare-hr","8":"product_tag-fine-lines-hr","9":"product_tag-hydration-hr-2","10":"product_tag-pore-reduction-hr","11":"product_tag-sensitive-skin-hr","12":"product_tag-shiny-cheeks-hr","13":"pa_brands-purito","14":"pa_ingredients-centella-asiatica-hr","15":"pa_ingredients-hyaluronic-acid-hr","16":"pa_product-type-zastita-od-sunca","17":"pa_skin-concerns-hydration-hr","18":"pa_skin-concerns-pore-care-hr","19":"pa_skin-type-normal-skin-hr","20":"pa_skin-type-sensitive-skin-hr","21":"pa_skin-type-dry-skin-hr","22":"pa_skin-type-all-skin-types-hr","23":"pa_skin-type-mature-skin-hr","25":"first","26":"instock","27":"taxable","28":"shipping-taxable","29":"purchasable","30":"product-type-simple"},"acf":[],"_links":{"self":[{"href":"https:\/\/divotecosmetics.com\/hr\/wp-json\/wp\/v2\/product\/3290","targetHints":{"allow":["GET"]}}],"collection":[{"href":"https:\/\/divotecosmetics.com\/hr\/wp-json\/wp\/v2\/product"}],"about":[{"href":"https:\/\/divotecosmetics.com\/hr\/wp-json\/wp\/v2\/types\/product"}],"replies":[{"embeddable":true,"href":"https:\/\/divotecosmetics.com\/hr\/wp-json\/wp\/v2\/comments?post=3290"}],"wp:featuredmedia":[{"embeddable":true,"href":"https:\/\/divotecosmetics.com\/hr\/wp-json\/wp\/v2\/media\/3293"}],"wp:attachment":[{"href":"https:\/\/divotecosmetics.com\/hr\/wp-json\/wp\/v2\/media?parent=3290"}],"wp:term":[{"taxonomy":"product_brand","embeddable":true,"href":"https:\/\/divotecosmetics.com\/hr\/wp-json\/wp\/v2\/product_brand?post=3290"},{"taxonomy":"product_cat","embeddable":true,"href":"https:\/\/divotecosmetics.com\/hr\/wp-json\/wp\/v2\/product_cat?post=3290"},{"taxonomy":"product_tag","embeddable":true,"href":"https:\/\/divotecosmetics.com\/hr\/wp-json\/wp\/v2\/product_tag?post=3290"}],"curies":[{"name":"wp","href":"https:\/\/api.w.org\/{rel}","templated":true}]}}