{"id":3275,"date":"2024-09-12T01:34:35","date_gmt":"2024-09-11T23:34:35","guid":{"rendered":"http:\/\/divotecosmetics.com\/?post_type=product&#038;p=3275"},"modified":"2026-01-26T14:31:00","modified_gmt":"2026-01-26T13:31:00","slug":"purito-wonder-releaf-centella-mini-set-bez-mirisa","status":"publish","type":"product","link":"https:\/\/divotecosmetics.com\/hr\/shop\/njega-koze\/purito-wonder-releaf-centella-mini-set-bez-mirisa\/","title":{"rendered":"Purito Wonder Releaf centella mini set bez mirisa"},"content":{"rendered":"<p>Purito SEOUL Wonder Releaf Centella Mini Kit bez mirisa je putni trio osmi\u0161ljen za umirivanje i hidrataciju osjetljive ko\u017ee. Uklju\u010duje mini verzije Wonder Releaf Centella Tonika, Seruma i Kreme, sve formulirane s umiruju\u0107im ekstraktom Centella Asiatica kako bi se smanjilo crvenilo i iritacija.<\/p>\n<p>Savr\u0161en za njegu u pokretu, ovaj set odr\u017eava va\u0161u ko\u017eu blistavom i zdravom. Bez mirisa i pogodan za osjetljivu ko\u017eu, pru\u017ea nje\u017eno i u\u010dinkovito olak\u0161anje s veganskim i cruelty-free formulama.<\/p>\n","protected":false},"excerpt":{"rendered":"<p><a href=\"https:\/\/divotecosmetics.com\/hr\/brands\/purito\/\">Purito<\/a> SEOUL Wonder Releaf Centella Mini Kit bez mirisa je putni trio osmi\u0161ljen za umirivanje i <a href=\"https:\/\/divotecosmetics.com\/hr\/product-type\/hidratacija\/?yith_wcan=1&#038;orderby=popularity&#038;product_cat=njega-koze\">hidrataciju<\/a> osjetljive ko\u017ee.<\/p>\n","protected":false},"featured_media":3279,"comment_status":"open","ping_status":"closed","template":"","meta":{"_acf_changed":false,"_seopress_robots_primary_cat":"none","_seopress_titles_title":"Wonder Releaf Centella Mini Kit Unscented - Divote","_seopress_titles_desc":"Wonder Releaf Centella Mini Kit Unscented bez mirisa je putni trio osmi\u0161ljen za umirivanje i hidrataciju osjetljive ko\u017ee. Posjetite Divote Cosmetics","_seopress_robots_index":"","inline_featured_image":false},"product_brand":[],"product_cat":[94],"product_tag":[253,119,314,120,266,121],"class_list":{"0":"post-3275","1":"product","2":"type-product","3":"status-publish","4":"has-post-thumbnail","6":"product_cat-njega-koze","7":"product_tag-eyecare-hr","8":"product_tag-fine-lines-hr","9":"product_tag-hydration-hr-2","10":"product_tag-pore-reduction-hr","11":"product_tag-sensitive-skin-hr","12":"product_tag-shiny-cheeks-hr","13":"pa_brands-purito","14":"pa_ingredients-centella-asiatica-hr","15":"pa_ingredients-panthenol-hr","16":"pa_ingredients-peptides-hr","17":"pa_skin-concerns-hydration-hr","18":"pa_skin-concerns-pore-care-hr","19":"pa_skin-type-normal-skin-hr","20":"pa_skin-type-sensitive-skin-hr","21":"pa_skin-type-dry-skin-hr","22":"pa_skin-type-all-skin-types-hr","23":"pa_skin-type-mature-skin-hr","25":"first","26":"instock","27":"taxable","28":"shipping-taxable","29":"purchasable","30":"product-type-simple"},"acf":[],"_links":{"self":[{"href":"https:\/\/divotecosmetics.com\/hr\/wp-json\/wp\/v2\/product\/3275","targetHints":{"allow":["GET"]}}],"collection":[{"href":"https:\/\/divotecosmetics.com\/hr\/wp-json\/wp\/v2\/product"}],"about":[{"href":"https:\/\/divotecosmetics.com\/hr\/wp-json\/wp\/v2\/types\/product"}],"replies":[{"embeddable":true,"href":"https:\/\/divotecosmetics.com\/hr\/wp-json\/wp\/v2\/comments?post=3275"}],"wp:featuredmedia":[{"embeddable":true,"href":"https:\/\/divotecosmetics.com\/hr\/wp-json\/wp\/v2\/media\/3279"}],"wp:attachment":[{"href":"https:\/\/divotecosmetics.com\/hr\/wp-json\/wp\/v2\/media?parent=3275"}],"wp:term":[{"taxonomy":"product_brand","embeddable":true,"href":"https:\/\/divotecosmetics.com\/hr\/wp-json\/wp\/v2\/product_brand?post=3275"},{"taxonomy":"product_cat","embeddable":true,"href":"https:\/\/divotecosmetics.com\/hr\/wp-json\/wp\/v2\/product_cat?post=3275"},{"taxonomy":"product_tag","embeddable":true,"href":"https:\/\/divotecosmetics.com\/hr\/wp-json\/wp\/v2\/product_tag?post=3275"}],"curies":[{"name":"wp","href":"https:\/\/api.w.org\/{rel}","templated":true}]}}