{"id":3271,"date":"2024-09-12T00:31:10","date_gmt":"2024-09-11T22:31:10","guid":{"rendered":"https:\/\/divotecosmetics.com\/?post_type=product&#038;p=3271"},"modified":"2026-03-17T06:43:33","modified_gmt":"2026-03-17T05:43:33","slug":"purito-wonder-releaf-centella-krema-za-podrucje-oko-ociju-bez-mirisa-30-ml","status":"publish","type":"product","link":"https:\/\/divotecosmetics.com\/hr\/shop\/njega-koze\/purito-wonder-releaf-centella-krema-za-podrucje-oko-ociju-bez-mirisa-30-ml\/","title":{"rendered":"Purito Wonder Releaf centella krema za podru\u010dje oko o\u010diju bez mirisa 30 ml"},"content":{"rendered":"<p>Otkrijte umiruju\u0107e prednosti Wonder Releaf Centella Cream Unscented, hidratantne kreme bez mirisa koja je osmi\u0161ljena za umirivanje, hidrataciju i ja\u010danje va\u0161e ko\u017ee. Sa snagom Centella Asiatica i skvalana, ova formula smanjuje crvenilo, ubla\u017eava iritaciju i duboko njeguje, ostavljaju\u0107i va\u0161u ko\u017eu mekom, blistavom i osvje\u017eenom. Proizvod brenda <a href=\"https:\/\/divotecosmetics.com\/hr\/predstavljamo-purito-prirodna-njega-inspirirana-korejskom-tradicijom\/\">Purito<\/a><\/p>\n<p>Dizajnirana za osjetljivu ko\u017eu, ova nje\u017ena, ali u\u010dinkovita krema pru\u017ea dugotrajnu hidrataciju i pobolj\u0161ava elasti\u010dnost ko\u017ee. Bilo da \u017eelite smanjiti ote\u010denost ispod o\u010diju ili umiriti iritiranu ko\u017eu, ova krema nudi osvje\u017eavaju\u0107e, beziritacijsko iskustvo za svakodnevnu upotrebu.<\/p>\n","protected":false},"excerpt":{"rendered":"<p>Otkrijte umiruju\u0107e prednosti Wonder Releaf Centella Cream Unscented, hidratantne kreme bez mirisa koja je osmi\u0161ljena za umirivanje, <a href=\"https:\/\/divotecosmetics.com\/hr\/product-type\/hidratacija\/?yith_wcan=1&#038;orderby=popularity&#038;product_cat=njega-koze\">hidrataciju<\/a> i ja\u010danje va\u0161e ko\u017ee.<\/p>\n","protected":false},"featured_media":3273,"comment_status":"open","ping_status":"closed","template":"","meta":{"_acf_changed":false,"_seopress_robots_primary_cat":"none","_seopress_titles_title":"Wonder Releaf Centella Eye Cream Unscented 30 ml - Divote","_seopress_titles_desc":"Wonder Releaf Centella Eye Cream Unscented 30 ml - Otkrijte umiruju\u0107e prednosti kreme, koja je osmi\u0161ljena za umirivanje, hidrataciju i ja\u010danje","_seopress_robots_index":"","inline_featured_image":false},"product_brand":[],"product_cat":[94],"product_tag":[253,314,266],"class_list":{"0":"post-3271","1":"product","2":"type-product","3":"status-publish","4":"has-post-thumbnail","6":"product_cat-njega-koze","7":"product_tag-eyecare-hr","8":"product_tag-hydration-hr-2","9":"product_tag-sensitive-skin-hr","10":"pa_brands-purito","11":"pa_ingredients-centella-asiatica-hr","12":"pa_ingredients-peptides-hr","13":"pa_product-type-njega-ociju","14":"pa_skin-concerns-hydration-hr","15":"pa_skin-concerns-pore-care-hr","16":"pa_skin-type-normal-skin-hr","17":"pa_skin-type-sensitive-skin-hr","18":"pa_skin-type-dry-skin-hr","19":"pa_skin-type-all-skin-types-hr","20":"pa_skin-type-mature-skin-hr","22":"first","23":"instock","24":"taxable","25":"shipping-taxable","26":"purchasable","27":"product-type-simple"},"acf":[],"_links":{"self":[{"href":"https:\/\/divotecosmetics.com\/hr\/wp-json\/wp\/v2\/product\/3271","targetHints":{"allow":["GET"]}}],"collection":[{"href":"https:\/\/divotecosmetics.com\/hr\/wp-json\/wp\/v2\/product"}],"about":[{"href":"https:\/\/divotecosmetics.com\/hr\/wp-json\/wp\/v2\/types\/product"}],"replies":[{"embeddable":true,"href":"https:\/\/divotecosmetics.com\/hr\/wp-json\/wp\/v2\/comments?post=3271"}],"wp:featuredmedia":[{"embeddable":true,"href":"https:\/\/divotecosmetics.com\/hr\/wp-json\/wp\/v2\/media\/3273"}],"wp:attachment":[{"href":"https:\/\/divotecosmetics.com\/hr\/wp-json\/wp\/v2\/media?parent=3271"}],"wp:term":[{"taxonomy":"product_brand","embeddable":true,"href":"https:\/\/divotecosmetics.com\/hr\/wp-json\/wp\/v2\/product_brand?post=3271"},{"taxonomy":"product_cat","embeddable":true,"href":"https:\/\/divotecosmetics.com\/hr\/wp-json\/wp\/v2\/product_cat?post=3271"},{"taxonomy":"product_tag","embeddable":true,"href":"https:\/\/divotecosmetics.com\/hr\/wp-json\/wp\/v2\/product_tag?post=3271"}],"curies":[{"name":"wp","href":"https:\/\/api.w.org\/{rel}","templated":true}]}}