{"id":3221,"date":"2024-09-11T11:12:39","date_gmt":"2024-09-11T09:12:39","guid":{"rendered":"http:\/\/divotecosmetics.com\/?post_type=product&#038;p=3221"},"modified":"2026-01-26T14:29:30","modified_gmt":"2026-01-26T13:29:30","slug":"purito-wonder-releaf-centella-krema-bez-mirisa-50-ml","status":"publish","type":"product","link":"https:\/\/divotecosmetics.com\/hr\/shop\/njega-koze\/purito-wonder-releaf-centella-krema-bez-mirisa-50-ml\/","title":{"rendered":"Purito Wonder Releaf centella krema bez mirisa 50 ml"},"content":{"rendered":"<p>Wonder Releaf Centella Cream bez mirisa od Purita je krema bez mirisa i esencijalnih ulja, namijenjena umirivanju osjetljive ko\u017ee. S 50% ekstrakta Centella Asiatica, umiruje iritaciju, ja\u010da za\u0161titnu barijeru ko\u017ee i pru\u017ea dugotrajnu hidrataciju. Klju\u010dni sastojci poput hijaluronske kiseline i skvalana osiguravaju duboku vlagu bez masno\u0107e, dok ceramidi poma\u017eu u zaklju\u010davanju hidratacije.<\/p>\n<p>Idealna za sve tipove ko\u017ee, ova vegan i cruelty-free krema revitalizira i \u0161titi ko\u017eu, ostavljaju\u0107i je uravnote\u017eenom, blistavom i bez iritacija.<\/p>\n","protected":false},"excerpt":{"rendered":"<p>Wonder Releaf Centella Cream bez mirisa je krema bez mirisa i esencijalnih ulja, namijenjena umirivanju osjetljive ko\u017ee.<\/p>\n","protected":false},"featured_media":3223,"comment_status":"open","ping_status":"closed","template":"","meta":{"_acf_changed":false,"_seopress_robots_primary_cat":"none","_seopress_titles_title":"Wonder Releaf Centella Cream Unscented 50 ml - Divote","_seopress_titles_desc":"Wonder Releaf Centella Cream Unscented 50 ml je krema bez mirisa i esencijalnih ulja, namijenjena umirivanju osjetljive ko\u017ee.","_seopress_robots_index":"","inline_featured_image":false},"product_brand":[],"product_cat":[94],"product_tag":[314,266],"class_list":{"0":"post-3221","1":"product","2":"type-product","3":"status-publish","4":"has-post-thumbnail","6":"product_cat-njega-koze","7":"product_tag-hydration-hr-2","8":"product_tag-sensitive-skin-hr","9":"pa_brands-purito","10":"pa_ingredients-centella-asiatica-hr","11":"pa_ingredients-panthenol-hr","12":"pa_product-type-hidratacija","13":"pa_skin-concerns-hydration-hr","14":"pa_skin-concerns-pore-care-hr","15":"pa_skin-type-normal-skin-hr","16":"pa_skin-type-sensitive-skin-hr","17":"pa_skin-type-dry-skin-hr","18":"pa_skin-type-all-skin-types-hr","19":"pa_skin-type-mature-skin-hr","21":"first","22":"instock","23":"taxable","24":"shipping-taxable","25":"purchasable","26":"product-type-simple"},"acf":[],"_links":{"self":[{"href":"https:\/\/divotecosmetics.com\/hr\/wp-json\/wp\/v2\/product\/3221","targetHints":{"allow":["GET"]}}],"collection":[{"href":"https:\/\/divotecosmetics.com\/hr\/wp-json\/wp\/v2\/product"}],"about":[{"href":"https:\/\/divotecosmetics.com\/hr\/wp-json\/wp\/v2\/types\/product"}],"replies":[{"embeddable":true,"href":"https:\/\/divotecosmetics.com\/hr\/wp-json\/wp\/v2\/comments?post=3221"}],"wp:featuredmedia":[{"embeddable":true,"href":"https:\/\/divotecosmetics.com\/hr\/wp-json\/wp\/v2\/media\/3223"}],"wp:attachment":[{"href":"https:\/\/divotecosmetics.com\/hr\/wp-json\/wp\/v2\/media?parent=3221"}],"wp:term":[{"taxonomy":"product_brand","embeddable":true,"href":"https:\/\/divotecosmetics.com\/hr\/wp-json\/wp\/v2\/product_brand?post=3221"},{"taxonomy":"product_cat","embeddable":true,"href":"https:\/\/divotecosmetics.com\/hr\/wp-json\/wp\/v2\/product_cat?post=3221"},{"taxonomy":"product_tag","embeddable":true,"href":"https:\/\/divotecosmetics.com\/hr\/wp-json\/wp\/v2\/product_tag?post=3221"}],"curies":[{"name":"wp","href":"https:\/\/api.w.org\/{rel}","templated":true}]}}