{"id":3195,"date":"2024-09-10T18:38:31","date_gmt":"2024-09-10T16:38:31","guid":{"rendered":"http:\/\/divotecosmetics.com\/?post_type=product&#038;p=3195"},"modified":"2026-01-26T14:28:19","modified_gmt":"2026-01-26T13:28:19","slug":"purito-umirujuci-centella-toner-bez-mirisa-200ml","status":"publish","type":"product","link":"https:\/\/divotecosmetics.com\/hr\/shop\/njega-koze\/purito-umirujuci-centella-toner-bez-mirisa-200ml\/","title":{"rendered":"Purito Umiruju\u0107i centella toner bez mirisa 200 ml"},"content":{"rendered":"<p>Umiruju\u0107i centella toner bez mirisa (Purito Wonder Releaf Centella Toner) bez mirisa osmi\u0161ljen je za umirivanje i obnavljanje osjetljive ko\u017ee. Sadr\u017ei 10% ekstrakta Centella Asiatica i pantenol, koji umiruju iritaciju, smanjuju crvenilo i ja\u010daju za\u0161titnu barijeru ko\u017ee. Natrijev hijaluronat duboko hidratizira, ostavljaju\u0107i grubu ko\u017eu glatkom i zdravom, dok ekstrakt hamamelisa ste\u017ee pore. Njegova formula bez alkohola, s niskim pH (5,5), savr\u0161ena je za sve tipove ko\u017ee, posebno za osjetljivu.<\/p>\n<p>&nbsp;<\/p>\n<p>Klini\u010dki dokazano pru\u017ea brzo olak\u0161anje, ovaj tonik uravnote\u017euje hidrataciju i poti\u010de svje\u017e, blistav ten. Hipoalergen, bez mirisa i dermatolo\u0161ki testiran, nudi nje\u017eno i u\u010dinkovito rje\u0161enje za iritaciju i crvenilo.<\/p>\n","protected":false},"excerpt":{"rendered":"<p>Umiruju\u0107i centella toner bez mirisa (<a href=\"https:\/\/divotecosmetics.com\/hr\/brands\/purito\/\">Purito<\/a> Wonder Releaf Centella Toner) bez mirisa osmi\u0161ljen je za <a href=\"https:\/\/divotecosmetics.com\/hr\/kako-postici-blistavu-zdravu-kozu-ultimativni-vodic-by-divote-cosmetics\/\">umirivanje i obnavljanje<\/a> <a href=\"https:\/\/divotecosmetics.com\/hr\/kategorija-proizvoda\/njega-koze\/\">osjetljive ko\u017ee.<\/a><\/p>\n","protected":false},"featured_media":3199,"comment_status":"open","ping_status":"closed","template":"","meta":{"_acf_changed":false,"_seopress_robots_primary_cat":"none","_seopress_titles_title":"Umiruju\u0107i centella toner bez mirisa - Wonder - Divote","_seopress_titles_desc":"Umiruju\u0107i centella toner bez mirisa (Purito Wonder Releaf Centella Toner) bez mirisa osmi\u0161ljen je za umirivanje i obnavljanje osjetljive ko\u017ee.","_seopress_robots_index":"","inline_featured_image":false},"product_brand":[],"product_cat":[94],"product_tag":[314,266],"class_list":{"0":"post-3195","1":"product","2":"type-product","3":"status-publish","4":"has-post-thumbnail","6":"product_cat-njega-koze","7":"product_tag-hydration-hr-2","8":"product_tag-sensitive-skin-hr","9":"pa_brands-purito","10":"pa_ingredients-centella-asiatica-hr","11":"pa_ingredients-panthenol-hr","12":"pa_product-type-toner-hr","13":"pa_skin-concerns-hydration-hr","14":"pa_skin-concerns-pore-care-hr","15":"pa_skin-type-normal-skin-hr","16":"pa_skin-type-sensitive-skin-hr","17":"pa_skin-type-dry-skin-hr","18":"pa_skin-type-all-skin-types-hr","19":"pa_skin-type-mature-skin-hr","21":"first","22":"instock","23":"taxable","24":"shipping-taxable","25":"purchasable","26":"product-type-simple"},"acf":[],"_links":{"self":[{"href":"https:\/\/divotecosmetics.com\/hr\/wp-json\/wp\/v2\/product\/3195","targetHints":{"allow":["GET"]}}],"collection":[{"href":"https:\/\/divotecosmetics.com\/hr\/wp-json\/wp\/v2\/product"}],"about":[{"href":"https:\/\/divotecosmetics.com\/hr\/wp-json\/wp\/v2\/types\/product"}],"replies":[{"embeddable":true,"href":"https:\/\/divotecosmetics.com\/hr\/wp-json\/wp\/v2\/comments?post=3195"}],"wp:featuredmedia":[{"embeddable":true,"href":"https:\/\/divotecosmetics.com\/hr\/wp-json\/wp\/v2\/media\/3199"}],"wp:attachment":[{"href":"https:\/\/divotecosmetics.com\/hr\/wp-json\/wp\/v2\/media?parent=3195"}],"wp:term":[{"taxonomy":"product_brand","embeddable":true,"href":"https:\/\/divotecosmetics.com\/hr\/wp-json\/wp\/v2\/product_brand?post=3195"},{"taxonomy":"product_cat","embeddable":true,"href":"https:\/\/divotecosmetics.com\/hr\/wp-json\/wp\/v2\/product_cat?post=3195"},{"taxonomy":"product_tag","embeddable":true,"href":"https:\/\/divotecosmetics.com\/hr\/wp-json\/wp\/v2\/product_tag?post=3195"}],"curies":[{"name":"wp","href":"https:\/\/api.w.org\/{rel}","templated":true}]}}