{"id":3187,"date":"2024-09-10T17:55:50","date_gmt":"2024-09-10T15:55:50","guid":{"rendered":"http:\/\/divotecosmetics.com\/?post_type=product&#038;p=3187"},"modified":"2026-01-26T14:27:33","modified_gmt":"2026-01-26T13:27:33","slug":"purito-umirujuci-centella-serum-bez-mirisa-60ml","status":"publish","type":"product","link":"https:\/\/divotecosmetics.com\/hr\/shop\/njega-koze\/purito-umirujuci-centella-serum-bez-mirisa-60ml\/","title":{"rendered":"Purito Umiruju\u0107i centella serum bez mirisa 60 ml"},"content":{"rendered":"<p>Wonder Releaf Centella Serum Unscented osmi\u0161ljen je za umirivanje iritirane ko\u017ee i ja\u010danje za\u0161titne barijere ko\u017ee. Sa svojom laganom, vodenastom gel teksturom, brzo se upija u ko\u017eu, pru\u017eaju\u0107i osvje\u017eavaju\u0107i osje\u0107aj hla\u0111enja i ostavljaju\u0107i blistav, sjajan zavr\u0161ni sjaj. Oboga\u0107en ekstraktom Centella Asiatica i pantenolom, ovaj serum u\u010dinkovito umiruje iritaciju i crvenilo, dok revitalizira ko\u017eu uz pomo\u0107 alantoina i peptida.<\/p>\n<p>&nbsp;<\/p>\n<p>Idealan za osjetljivu ko\u017eu, bez mirisa, veganski je i dermatolo\u0161ki testiran kako bi osigurao nje\u017enu i beziritacijsku upotrebu za sve tipove ko\u017ee. Klini\u010dki dokazano brzo ubla\u017eava crvenilo i nelagodu, \u010dine\u0107i ga savr\u0161enim izborom za one koji tra\u017ee trenutno umirenje i dugoro\u010dno zdravlje ko\u017ee.<\/p>\n","protected":false},"excerpt":{"rendered":"<p>Umiruju\u0107i centella serum bez mirisa (<a href=\"https:\/\/divotecosmetics.com\/hr\/brands\/haruharu\/\">Wonder<\/a> Releaf Centella Serum) bez mirisa dizajniran je za umirivanje iritirane ko\u017ee i ja\u010danje za\u0161titne barijere ko\u017ee.<\/p>\n","protected":false},"featured_media":3189,"comment_status":"open","ping_status":"closed","template":"","meta":{"_acf_changed":false,"_seopress_robots_primary_cat":"none","_seopress_titles_title":"Umiruju\u0107i centella serum bez mirisa - Wonder - Divote","_seopress_titles_desc":"Umiruju\u0107i centella serum bez mirisa (Wonder Releaf Centella Serum) bez mirisa dizajniran je za umirivanje iritirane ko\u017ee i ja\u010danje za\u0161titne barijere ko\u017ee.","_seopress_robots_index":"","inline_featured_image":false},"product_brand":[],"product_cat":[94],"product_tag":[314,266],"class_list":{"0":"post-3187","1":"product","2":"type-product","3":"status-publish","4":"has-post-thumbnail","6":"product_cat-njega-koze","7":"product_tag-hydration-hr-2","8":"product_tag-sensitive-skin-hr","9":"pa_brands-purito","10":"pa_ingredients-centella-asiatica-hr","11":"pa_ingredients-peptides-hr","12":"pa_product-type-serum-hr","13":"pa_skin-concerns-hydration-hr","14":"pa_skin-concerns-pore-care-hr","15":"pa_skin-type-normal-skin-hr","16":"pa_skin-type-sensitive-skin-hr","17":"pa_skin-type-dry-skin-hr","18":"pa_skin-type-all-skin-types-hr","19":"pa_skin-type-mature-skin-hr","21":"first","22":"instock","23":"taxable","24":"shipping-taxable","25":"purchasable","26":"product-type-simple"},"acf":[],"_links":{"self":[{"href":"https:\/\/divotecosmetics.com\/hr\/wp-json\/wp\/v2\/product\/3187","targetHints":{"allow":["GET"]}}],"collection":[{"href":"https:\/\/divotecosmetics.com\/hr\/wp-json\/wp\/v2\/product"}],"about":[{"href":"https:\/\/divotecosmetics.com\/hr\/wp-json\/wp\/v2\/types\/product"}],"replies":[{"embeddable":true,"href":"https:\/\/divotecosmetics.com\/hr\/wp-json\/wp\/v2\/comments?post=3187"}],"wp:featuredmedia":[{"embeddable":true,"href":"https:\/\/divotecosmetics.com\/hr\/wp-json\/wp\/v2\/media\/3189"}],"wp:attachment":[{"href":"https:\/\/divotecosmetics.com\/hr\/wp-json\/wp\/v2\/media?parent=3187"}],"wp:term":[{"taxonomy":"product_brand","embeddable":true,"href":"https:\/\/divotecosmetics.com\/hr\/wp-json\/wp\/v2\/product_brand?post=3187"},{"taxonomy":"product_cat","embeddable":true,"href":"https:\/\/divotecosmetics.com\/hr\/wp-json\/wp\/v2\/product_cat?post=3187"},{"taxonomy":"product_tag","embeddable":true,"href":"https:\/\/divotecosmetics.com\/hr\/wp-json\/wp\/v2\/product_tag?post=3187"}],"curies":[{"name":"wp","href":"https:\/\/api.w.org\/{rel}","templated":true}]}}