{"id":3166,"date":"2024-09-10T15:33:26","date_gmt":"2024-09-10T13:33:26","guid":{"rendered":"http:\/\/divotecosmetics.com\/?post_type=product&#038;p=3166"},"modified":"2026-01-26T14:27:45","modified_gmt":"2026-01-26T13:27:45","slug":"purito-umirujuci-centella-toner-200ml","status":"publish","type":"product","link":"https:\/\/divotecosmetics.com\/hr\/shop\/njega-koze\/purito-umirujuci-centella-toner-200ml\/","title":{"rendered":"Purito Umiruju\u0107i centella toner 200ml"},"content":{"rendered":"<p>Umiruju\u0107i centella toner (Purito Wonder Releaf Centella Toner) je idealno rje\u0161enje za umirenje i hidrataciju osjetljive ko\u017ee. Oboga\u0107en korejskom Centella Asiatica, brzo umiruje iritaciju i crvenilo, pru\u017eaju\u0107i trenutno olak\u0161anje. Formula tako\u0111er sadr\u017ei Natrijev Hijaluronat koji zaklju\u010dava vlagu i balansira hidrataciju ko\u017ee, dok pantenol ja\u010da za\u0161titnu barijeru ko\u017ee.<\/p>\n<p>Idealno za suhu i osjetljivu ko\u017eu, ovaj tonik ne samo da umiruje i njeguje, ve\u0107 i pobolj\u0161ava teksturu ko\u017ee, ostavljaju\u0107i je glatkom i sjajnom. Klini\u010dki dokazano smanjuje crvenilo, savr\u0161en je dodatak za postizanje svje\u017eeg i blistavog tena.<\/p>\n","protected":false},"excerpt":{"rendered":"<p>Umiruju\u0107i centella toner (<a href=\"https:\/\/divotecosmetics.com\/hr\/brands\/purito\/\">Purito<\/a> Wonder Releaf Centella Toner) je va\u0161e idealno rje\u0161enje za umirenje i <a href=\"https:\/\/divotecosmetics.com\/hr\/product-type\/hidratacija\/?yith_wcan=1&#038;orderby=popularity&#038;product_cat=njega-koze\">hidrataciju<\/a> <a href=\"https:\/\/divotecosmetics.com\/hr\/osjetljiva-koza-i-korejska-kozmetika-sigurni-sastojci-za-najbolju-njegu\/\">osjetljive ko\u017ee.<\/a><\/p>\n","protected":false},"featured_media":3177,"comment_status":"open","ping_status":"closed","template":"","meta":{"_acf_changed":false,"_seopress_robots_primary_cat":"none","_seopress_titles_title":"Umiruju\u0107i centella toner - Purito Wonder - Divote","_seopress_titles_desc":"Umiruju\u0107i centella toner - Purito Wonder Releaf Centella Toner je va\u0161e idealno rje\u0161enje za umirenje i hidrataciju osjetljive ko\u017ee.","_seopress_robots_index":"","inline_featured_image":false},"product_brand":[],"product_cat":[94],"product_tag":[314,120,266],"class_list":{"0":"post-3166","1":"product","2":"type-product","3":"status-publish","4":"has-post-thumbnail","6":"product_cat-njega-koze","7":"product_tag-hydration-hr-2","8":"product_tag-pore-reduction-hr","9":"product_tag-sensitive-skin-hr","10":"pa_brands-purito","11":"pa_ingredients-centella-asiatica-hr","12":"pa_ingredients-panthenol-hr","13":"pa_product-type-toner-hr","14":"pa_skin-concerns-hydration-hr","15":"pa_skin-concerns-pore-care-hr","16":"pa_skin-type-normal-skin-hr","17":"pa_skin-type-sensitive-skin-hr","18":"pa_skin-type-dry-skin-hr","19":"pa_skin-type-all-skin-types-hr","20":"pa_skin-type-mature-skin-hr","22":"first","23":"instock","24":"taxable","25":"shipping-taxable","26":"purchasable","27":"product-type-simple"},"acf":[],"_links":{"self":[{"href":"https:\/\/divotecosmetics.com\/hr\/wp-json\/wp\/v2\/product\/3166","targetHints":{"allow":["GET"]}}],"collection":[{"href":"https:\/\/divotecosmetics.com\/hr\/wp-json\/wp\/v2\/product"}],"about":[{"href":"https:\/\/divotecosmetics.com\/hr\/wp-json\/wp\/v2\/types\/product"}],"replies":[{"embeddable":true,"href":"https:\/\/divotecosmetics.com\/hr\/wp-json\/wp\/v2\/comments?post=3166"}],"wp:featuredmedia":[{"embeddable":true,"href":"https:\/\/divotecosmetics.com\/hr\/wp-json\/wp\/v2\/media\/3177"}],"wp:attachment":[{"href":"https:\/\/divotecosmetics.com\/hr\/wp-json\/wp\/v2\/media?parent=3166"}],"wp:term":[{"taxonomy":"product_brand","embeddable":true,"href":"https:\/\/divotecosmetics.com\/hr\/wp-json\/wp\/v2\/product_brand?post=3166"},{"taxonomy":"product_cat","embeddable":true,"href":"https:\/\/divotecosmetics.com\/hr\/wp-json\/wp\/v2\/product_cat?post=3166"},{"taxonomy":"product_tag","embeddable":true,"href":"https:\/\/divotecosmetics.com\/hr\/wp-json\/wp\/v2\/product_tag?post=3166"}],"curies":[{"name":"wp","href":"https:\/\/api.w.org\/{rel}","templated":true}]}}