{"id":3156,"date":"2024-09-10T14:36:50","date_gmt":"2024-09-10T12:36:50","guid":{"rendered":"http:\/\/divotecosmetics.com\/?post_type=product&#038;p=3156"},"modified":"2026-02-08T13:45:28","modified_gmt":"2026-02-08T12:45:28","slug":"purito-wonder-releaf-centella-krema-za-podrucje-oko-ociju-30-ml","status":"publish","type":"product","link":"https:\/\/divotecosmetics.com\/hr\/shop\/njega-koze\/purito-wonder-releaf-centella-krema-za-podrucje-oko-ociju-30-ml\/","title":{"rendered":"Purito Wonder Releaf centella krema za podru\u010dje oko o\u010diju 30 ml"},"content":{"rendered":"<p><a href=\"https:\/\/divotecosmetics.com\/hr\/brands\/purito\/\">Purito<\/a> Wonder Releaf Centella Eye Cream je nje\u017eno rje\u0161enje protiv starenja namijenjeno osjetljivoj ko\u017ei oko o\u010diju. Oboga\u0107en s 49% Centella Asiatica i peptidima, dubinski hidratizira, pobolj\u0161ava elasti\u010dnost i smanjuje fine linije, ostavljaju\u0107i ko\u017eu glatkom i \u010dvrstom.<\/p>\n<p>Ova a\u017eurirana formula, nekada\u0161nja Centella Green Level Eye Cream, pru\u017ea umiruju\u0107e prednosti uz dodatak natrijevog hijaluronata za dugotrajnu hidrataciju. Idealna za osjetljivu ko\u017eu, stvara za\u0161titnu barijeru i ima lagani biljni miris.<\/p>\n<p>Klini\u010dki dokazano smanjuje ote\u010denost i umiruje podru\u010dje ispod o\u010diju ve\u0107 nakon jednog kori\u0161tenja, ova krema za okoloo\u010dno podru\u010dje smiruje iritaciju dok ko\u017eu dr\u017ei hidratiziranom i osvje\u017eenom.<\/p>\n<p>&nbsp;<\/p>\n","protected":false},"excerpt":{"rendered":"<p>Ova krema za okoloo\u010dno podru\u010dje djeluje poput umiruju\u0107e magije, klini\u010dki dokazano brzo smanjuje ote\u010denost i pru\u017ea olak\u0161anje osjetljivom podru\u010dju ispod o\u010diju. Proizvod brenda <a href=\"https:\/\/divotecosmetics.com\/hr\/predstavljamo-purito-prirodna-njega-inspirirana-korejskom-tradicijom\/\">Purito<\/a><\/p>\n","protected":false},"featured_media":3158,"comment_status":"open","ping_status":"closed","template":"","meta":{"_acf_changed":false,"_seopress_robots_primary_cat":"none","_seopress_titles_title":"Wonder Releaf Centella Eye Cream 30 ml - Okoloo\u010dna krema","_seopress_titles_desc":"Wonder Releaf Centella Eye Cream 30 ml - ova krema za okoloo\u010dno podru\u010dje dokazano brzo smanjuje ote\u010denost i pru\u017ea olak\u0161anje osjetljivom podru..","_seopress_robots_index":"","inline_featured_image":false},"product_brand":[],"product_cat":[94],"product_tag":[252,314],"class_list":{"0":"post-3156","1":"product","2":"type-product","3":"status-publish","4":"has-post-thumbnail","6":"product_cat-njega-koze","7":"product_tag-eye-care-hr","8":"product_tag-hydration-hr-2","9":"pa_brands-purito","10":"pa_ingredients-panthenol-hr","11":"pa_ingredients-peptides-hr","12":"pa_product-type-njega-ociju","13":"pa_skin-concerns-hydration-hr","14":"pa_skin-concerns-pore-care-hr","15":"pa_skin-type-normal-skin-hr","16":"pa_skin-type-sensitive-skin-hr","17":"pa_skin-type-dry-skin-hr","18":"pa_skin-type-all-skin-types-hr","19":"pa_skin-type-mature-skin-hr","21":"first","22":"instock","23":"taxable","24":"shipping-taxable","25":"purchasable","26":"product-type-simple"},"acf":[],"_links":{"self":[{"href":"https:\/\/divotecosmetics.com\/hr\/wp-json\/wp\/v2\/product\/3156","targetHints":{"allow":["GET"]}}],"collection":[{"href":"https:\/\/divotecosmetics.com\/hr\/wp-json\/wp\/v2\/product"}],"about":[{"href":"https:\/\/divotecosmetics.com\/hr\/wp-json\/wp\/v2\/types\/product"}],"replies":[{"embeddable":true,"href":"https:\/\/divotecosmetics.com\/hr\/wp-json\/wp\/v2\/comments?post=3156"}],"wp:featuredmedia":[{"embeddable":true,"href":"https:\/\/divotecosmetics.com\/hr\/wp-json\/wp\/v2\/media\/3158"}],"wp:attachment":[{"href":"https:\/\/divotecosmetics.com\/hr\/wp-json\/wp\/v2\/media?parent=3156"}],"wp:term":[{"taxonomy":"product_brand","embeddable":true,"href":"https:\/\/divotecosmetics.com\/hr\/wp-json\/wp\/v2\/product_brand?post=3156"},{"taxonomy":"product_cat","embeddable":true,"href":"https:\/\/divotecosmetics.com\/hr\/wp-json\/wp\/v2\/product_cat?post=3156"},{"taxonomy":"product_tag","embeddable":true,"href":"https:\/\/divotecosmetics.com\/hr\/wp-json\/wp\/v2\/product_tag?post=3156"}],"curies":[{"name":"wp","href":"https:\/\/api.w.org\/{rel}","templated":true}]}}