{"id":3146,"date":"2024-09-10T13:49:58","date_gmt":"2024-09-10T11:49:58","guid":{"rendered":"http:\/\/divotecosmetics.com\/?post_type=product&#038;p=3146"},"modified":"2026-01-26T14:16:43","modified_gmt":"2026-01-26T13:16:43","slug":"purito-obnavljajuci-serum-s-centelom-60ml","status":"publish","type":"product","link":"https:\/\/divotecosmetics.com\/hr\/shop\/njega-koze\/purito-obnavljajuci-serum-s-centelom-60ml\/","title":{"rendered":"Purito Obnavljaju\u0107i serum s centelom 60 ml"},"content":{"rendered":"<p>Upoznajte regeneriraju\u0107i serum za za\u0161titu od \u0161tetnih vanjskih \u010dimbenika.<\/p>\n<p>Ako va\u0161a ko\u017ea pokazuje znakove iritacije, iscrpljenosti zbog vanjskih utjecaja ili pretjerane upotrebe proizvoda, razmazite je Purito Wonder Releaf Centella serumom.<\/p>\n<p>Ovaj regeneriraju\u0107i serum obnavlja funkciju za\u0161titne barijere ko\u017ee, umiruje je i daje joj blistav izgled, istovremeno je \u0161tite\u0107i od \u0161tetnih vanjskih \u010dimbenika.<\/p>\n<p>Formuliran s ekstraktom biljke Centella Asiatica, ovaj serum poma\u017ee u obnovi i ja\u010danju prirodne barijere ko\u017ee, dok pru\u017ea intenzivnu hidrataciju. Poznat po svojim protuupalnim svojstvima, djeluje na smanjenje crvenila i umirivanje osjetljivih podru\u010dja.<\/p>\n","protected":false},"excerpt":{"rendered":"<p>Ako <a href=\"https:\/\/divotecosmetics.com\/hr\/osjetljiva-koza-i-korejska-kozmetika-sigurni-sastojci-za-najbolju-njegu\/\">va\u0161a ko\u017ea<\/a> pokazuje znakove iritacije ili umora, po\u010dastite je obnavljaju\u0107i serum s centelom (<a href=\"https:\/\/divotecosmetics.com\/hr\/brands\/purito\/\">Purito<\/a> Wonder Releaf Centella serumom.)<\/p>\n","protected":false},"featured_media":3149,"comment_status":"open","ping_status":"closed","template":"","meta":{"_acf_changed":false,"_seopress_robots_primary_cat":"none","_seopress_titles_title":"Obnavljaju\u0107i serum s centelom - Purito - Divote Cosmetics","_seopress_titles_desc":"Obnavljaju\u0107i serum s centelom - ako va\u0161a ko\u017ea pokazuje znakove iritacije ili umora, po\u010dastite je Purito Wonder Releaf Centella serumom.","_seopress_robots_index":"","inline_featured_image":false},"product_brand":[],"product_cat":[94],"product_tag":[314,264,266],"class_list":{"0":"post-3146","1":"product","2":"type-product","3":"status-publish","4":"has-post-thumbnail","6":"product_cat-njega-koze","7":"product_tag-hydration-hr-2","8":"product_tag-redness-reduce-hr","9":"product_tag-sensitive-skin-hr","10":"pa_brands-purito","11":"pa_ingredients-panthenol-hr","12":"pa_ingredients-peptides-hr","13":"pa_product-type-serum-hr","14":"pa_skin-concerns-hydration-hr","15":"pa_skin-concerns-pore-care-hr","16":"pa_skin-type-normal-skin-hr","17":"pa_skin-type-sensitive-skin-hr","18":"pa_skin-type-dry-skin-hr","19":"pa_skin-type-all-skin-types-hr","20":"pa_skin-type-mature-skin-hr","22":"first","23":"instock","24":"taxable","25":"shipping-taxable","26":"purchasable","27":"product-type-simple"},"acf":[],"_links":{"self":[{"href":"https:\/\/divotecosmetics.com\/hr\/wp-json\/wp\/v2\/product\/3146","targetHints":{"allow":["GET"]}}],"collection":[{"href":"https:\/\/divotecosmetics.com\/hr\/wp-json\/wp\/v2\/product"}],"about":[{"href":"https:\/\/divotecosmetics.com\/hr\/wp-json\/wp\/v2\/types\/product"}],"replies":[{"embeddable":true,"href":"https:\/\/divotecosmetics.com\/hr\/wp-json\/wp\/v2\/comments?post=3146"}],"wp:featuredmedia":[{"embeddable":true,"href":"https:\/\/divotecosmetics.com\/hr\/wp-json\/wp\/v2\/media\/3149"}],"wp:attachment":[{"href":"https:\/\/divotecosmetics.com\/hr\/wp-json\/wp\/v2\/media?parent=3146"}],"wp:term":[{"taxonomy":"product_brand","embeddable":true,"href":"https:\/\/divotecosmetics.com\/hr\/wp-json\/wp\/v2\/product_brand?post=3146"},{"taxonomy":"product_cat","embeddable":true,"href":"https:\/\/divotecosmetics.com\/hr\/wp-json\/wp\/v2\/product_cat?post=3146"},{"taxonomy":"product_tag","embeddable":true,"href":"https:\/\/divotecosmetics.com\/hr\/wp-json\/wp\/v2\/product_tag?post=3146"}],"curies":[{"name":"wp","href":"https:\/\/api.w.org\/{rel}","templated":true}]}}