{"id":3129,"date":"2024-09-09T18:36:50","date_gmt":"2024-09-09T16:36:50","guid":{"rendered":"http:\/\/divotecosmetics.com\/?post_type=product&#038;p=3129"},"modified":"2026-01-27T14:21:56","modified_gmt":"2026-01-27T13:21:56","slug":"purito-wonder-relief-centella-umirujuca-krema-50-ml","status":"publish","type":"product","link":"https:\/\/divotecosmetics.com\/hr\/shop\/njega-koze\/purito-wonder-relief-centella-umirujuca-krema-50-ml\/","title":{"rendered":"PURITO Wonder Relief Centella umiruju\u0107a krema 50 ml"},"content":{"rendered":"<p>Ova krema je najbolji prijatelj osjetljive ko\u017ee! Proizvod brenda <a href=\"https:\/\/divotecosmetics.com\/hr\/predstavljamo-purito-prirodna-njega-inspirirana-korejskom-tradicijom\/\">Purito<\/a><\/p>\n<p>Umiruje crvenilo i iritacije dok pobolj\u0161ava hidrataciju i ja\u010da prirodnu barijeru ko\u017ee. Formula sadr\u017ei Niacinamid koji poma\u017ee ujedna\u010diti ton ko\u017ee i ubla\u017eiti znakove starenja, dok Ceramide NP poma\u017ee u obnavljanju o\u0161te\u0107ene ko\u017ee i sprje\u010dava gubitak vlage.<\/p>\n<p>Sa svojom laganom, ali hranjivom teksturom, krema se brzo upija, ostavljaju\u0107i ko\u017eu svilenkasto glatkom i mekom. Prikladna je za sve tipove ko\u017ee, a posebno za one s osjetljivom ko\u017eom sklonom crvenilu i iritacijama.<\/p>\n","protected":false},"excerpt":{"rendered":"<p>Ova krema je najbolji prijatelj <a href=\"https:\/\/divotecosmetics.com\/hr\/skin-type\/sensitive-skin-hr\/?yith_wcan=1&#038;orderby=popularity&#038;product_cat=njega-koze\">osjetljive ko\u017ee!<\/a> Umiruje crvenilo i iritacije, dok pobolj\u0161ava hidrataciju i ja\u010da prirodnu za\u0161titnu barijeru ko\u017ee. Proizvod brenda <a href=\"https:\/\/divotecosmetics.com\/hr\/brands\/purito\/\">Purito<\/a><\/p>\n","protected":false},"featured_media":3135,"comment_status":"open","ping_status":"closed","template":"","meta":{"_acf_changed":false,"_seopress_robots_primary_cat":"none","_seopress_titles_title":"Wonder Relief Centella Cream 50 ml - Krema za Lice - Divote","_seopress_titles_desc":"Wonder Relief Centella Cream 50 ml ova krema je najbolji prijatelj osjetljive ko\u017ee! Umiruje crvenilo i iritacije, dok pobolj\u0161ava hidrataciju i ja\u010da za\u0161titu","_seopress_robots_index":"","inline_featured_image":false},"product_brand":[],"product_cat":[94],"product_tag":[314,263,266],"class_list":{"0":"post-3129","1":"product","2":"type-product","3":"status-publish","4":"has-post-thumbnail","6":"product_cat-njega-koze","7":"product_tag-hydration-hr-2","8":"product_tag-redness-hr","9":"product_tag-sensitive-skin-hr","10":"pa_brands-purito","11":"pa_ingredients-niacinamide-hr","12":"pa_product-type-hidratacija","13":"pa_skin-concerns-hydration-hr","14":"pa_skin-type-normal-skin-hr","15":"pa_skin-type-sensitive-skin-hr","16":"pa_skin-type-dry-skin-hr","17":"pa_skin-type-all-skin-types-hr","18":"pa_skin-type-mature-skin-hr","20":"first","21":"outofstock","22":"taxable","23":"shipping-taxable","24":"purchasable","25":"product-type-simple"},"acf":[],"_links":{"self":[{"href":"https:\/\/divotecosmetics.com\/hr\/wp-json\/wp\/v2\/product\/3129","targetHints":{"allow":["GET"]}}],"collection":[{"href":"https:\/\/divotecosmetics.com\/hr\/wp-json\/wp\/v2\/product"}],"about":[{"href":"https:\/\/divotecosmetics.com\/hr\/wp-json\/wp\/v2\/types\/product"}],"replies":[{"embeddable":true,"href":"https:\/\/divotecosmetics.com\/hr\/wp-json\/wp\/v2\/comments?post=3129"}],"wp:featuredmedia":[{"embeddable":true,"href":"https:\/\/divotecosmetics.com\/hr\/wp-json\/wp\/v2\/media\/3135"}],"wp:attachment":[{"href":"https:\/\/divotecosmetics.com\/hr\/wp-json\/wp\/v2\/media?parent=3129"}],"wp:term":[{"taxonomy":"product_brand","embeddable":true,"href":"https:\/\/divotecosmetics.com\/hr\/wp-json\/wp\/v2\/product_brand?post=3129"},{"taxonomy":"product_cat","embeddable":true,"href":"https:\/\/divotecosmetics.com\/hr\/wp-json\/wp\/v2\/product_cat?post=3129"},{"taxonomy":"product_tag","embeddable":true,"href":"https:\/\/divotecosmetics.com\/hr\/wp-json\/wp\/v2\/product_tag?post=3129"}],"curies":[{"name":"wp","href":"https:\/\/api.w.org\/{rel}","templated":true}]}}