{"id":2070,"date":"2024-07-02T22:27:23","date_gmt":"2024-07-02T20:27:23","guid":{"rendered":"http:\/\/divotecosmetics.com\/?post_type=product&#038;p=2070"},"modified":"2026-01-27T14:07:15","modified_gmt":"2026-01-27T13:07:15","slug":"beigic-osvjezavajuca-salica","status":"publish","type":"product","link":"https:\/\/divotecosmetics.com\/hr\/shop\/dodatci\/beigic-osvjezavajuca-salica\/","title":{"rendered":"BEIGIC Osvje\u017eavaju\u0107a \u0161alica"},"content":{"rendered":"","protected":false},"excerpt":{"rendered":"","protected":false},"featured_media":2963,"comment_status":"open","ping_status":"closed","template":"","meta":{"_acf_changed":false,"_seopress_robots_primary_cat":"none","_seopress_titles_title":"\u0160alica za osvje\u017eenje - Refreshing Mug - Divote","_seopress_titles_desc":"\u0160alica za osvje\u017eenje namjenjenja konzumiranju bilo kojeg napitka s nazivom brenda Beigic. Posjetite Divote Cosmetics web shop","_seopress_robots_index":"","inline_featured_image":false},"product_brand":[],"product_cat":[148],"product_tag":[],"class_list":{"0":"post-2070","1":"product","2":"type-product","3":"status-publish","4":"has-post-thumbnail","6":"product_cat-dodatci","7":"pa_brands-beigic","8":"pa_product-type-dodaci","10":"first","11":"instock","12":"taxable","13":"shipping-taxable","14":"purchasable","15":"product-type-simple"},"acf":[],"_links":{"self":[{"href":"https:\/\/divotecosmetics.com\/hr\/wp-json\/wp\/v2\/product\/2070","targetHints":{"allow":["GET"]}}],"collection":[{"href":"https:\/\/divotecosmetics.com\/hr\/wp-json\/wp\/v2\/product"}],"about":[{"href":"https:\/\/divotecosmetics.com\/hr\/wp-json\/wp\/v2\/types\/product"}],"replies":[{"embeddable":true,"href":"https:\/\/divotecosmetics.com\/hr\/wp-json\/wp\/v2\/comments?post=2070"}],"wp:featuredmedia":[{"embeddable":true,"href":"https:\/\/divotecosmetics.com\/hr\/wp-json\/wp\/v2\/media\/2963"}],"wp:attachment":[{"href":"https:\/\/divotecosmetics.com\/hr\/wp-json\/wp\/v2\/media?parent=2070"}],"wp:term":[{"taxonomy":"product_brand","embeddable":true,"href":"https:\/\/divotecosmetics.com\/hr\/wp-json\/wp\/v2\/product_brand?post=2070"},{"taxonomy":"product_cat","embeddable":true,"href":"https:\/\/divotecosmetics.com\/hr\/wp-json\/wp\/v2\/product_cat?post=2070"},{"taxonomy":"product_tag","embeddable":true,"href":"https:\/\/divotecosmetics.com\/hr\/wp-json\/wp\/v2\/product_tag?post=2070"}],"curies":[{"name":"wp","href":"https:\/\/api.w.org\/{rel}","templated":true}]}}