{"id":1437,"date":"2024-05-07T10:26:56","date_gmt":"2024-05-07T10:26:56","guid":{"rendered":"https:\/\/divotecosmetics.com\/shop\/Bez%20kategorije\/centella-mask-pack-25g5ea\/"},"modified":"2026-01-26T13:58:00","modified_gmt":"2026-01-26T12:58:00","slug":"mixsoon-maska-s-centellom","status":"publish","type":"product","link":"https:\/\/divotecosmetics.com\/hr\/shop\/njega-koze\/mixsoon-maska-s-centellom\/","title":{"rendered":"Mixsoon maska s centellom"},"content":{"rendered":"<p>Mixsoon Centella umiruju\u0107a sheet maska pro\u017eeta ekstraktom Centella Asiatica, poznatom po svojim hidratantnim i umiruju\u0107im u\u010dincima na ko\u017eu. S visokom koncentracijom od 200 000 ppm ekstrakta Centella Asiatica (Cica), ova maska nudi sna\u017ean i aktivan spoj koji u\u010dinkovito umiruje ko\u017eu.<\/p>\n<p>Jedinstveni &#8216;stay-fit&#8217; dizajn lista maske sprje\u010dava njeno klizanje, osiguravaju\u0107i optimalnu pokrivenost i upijanje. Njegova gelasta tekstura daje izda\u0161nu koli\u010dinu vlage, dok &#8216;Jelly-sheet&#8217; formulacija stvara ugodan gel jastuk u dodiru s ko\u017eom, dodatno poja\u010davaju\u0107i hidrataciju.<\/p>\n<p>Nakon pranja lica, masku staviti na lice tako da ravnomjerno prekriva cijelo lice. Ukloniti nakon 10-20 minuta, a ostatak seruma nje\u017eno tapkati da se upije u ko\u017eu.<\/p>\n","protected":false},"excerpt":{"rendered":"<p><a href=\"https:\/\/divotecosmetics.com\/hr\/brands\/mixsoon\/\">Mixsoon<\/a> Centella umiruju\u0107a sheet maska pro\u017eeta ekstraktom Centella Asiatica, poznatom po svojim <a href=\"https:\/\/divotecosmetics.com\/hr\/product-type\/hidratacija\/\">hidratantnim<\/a> i umiruju\u0107im u\u010dincima na ko\u017eu. S visokom koncentracijom od 200 000 ppm ekstrakta Centella Asiatica (Cica), ova maska nudi sna\u017ean i aktivan spoj koji u\u010dinkovito <a href=\"https:\/\/divotecosmetics.com\/hr\/osjetljiva-koza-i-korejska-kozmetika-sigurni-sastojci-za-najbolju-njegu\/\">umiruje ko\u017eu<\/a>.<\/p>\n","protected":false},"featured_media":5880,"comment_status":"open","ping_status":"closed","template":"","meta":{"_acf_changed":false,"_seopress_robots_primary_cat":"none","_seopress_titles_title":"Centella Mask Pack 25g - Maska za Lice - Divote","_seopress_titles_desc":"Centella Mask Pack -Mixsoon- je umiruju\u0107a sheet maska pro\u017eeta ekstraktom Centella Asiatica, poznatom po svojim hidratantnim i umiruju\u0107im u\u010dincima","_seopress_robots_index":"","inline_featured_image":false},"product_brand":[],"product_cat":[94],"product_tag":[],"class_list":{"0":"post-1437","1":"product","2":"type-product","3":"status-publish","4":"has-post-thumbnail","6":"product_cat-njega-koze","7":"pa_brands-mixsoon","8":"pa_ingredients-centella-asiatica-hr","9":"pa_product-type-maska","10":"pa_skin-concerns-hydration-hr","11":"pa_skin-type-oily-skin-hr","12":"pa_skin-type-normal-skin-hr","13":"pa_skin-type-sensitive-skin-hr","14":"pa_skin-type-dry-skin-hr","15":"pa_skin-type-all-skin-types-hr","16":"pa_skin-type-mature-skin-hr","18":"first","19":"outofstock","20":"taxable","21":"shipping-taxable","22":"purchasable","23":"product-type-simple"},"acf":[],"_links":{"self":[{"href":"https:\/\/divotecosmetics.com\/hr\/wp-json\/wp\/v2\/product\/1437","targetHints":{"allow":["GET"]}}],"collection":[{"href":"https:\/\/divotecosmetics.com\/hr\/wp-json\/wp\/v2\/product"}],"about":[{"href":"https:\/\/divotecosmetics.com\/hr\/wp-json\/wp\/v2\/types\/product"}],"replies":[{"embeddable":true,"href":"https:\/\/divotecosmetics.com\/hr\/wp-json\/wp\/v2\/comments?post=1437"}],"wp:featuredmedia":[{"embeddable":true,"href":"https:\/\/divotecosmetics.com\/hr\/wp-json\/wp\/v2\/media\/5880"}],"wp:attachment":[{"href":"https:\/\/divotecosmetics.com\/hr\/wp-json\/wp\/v2\/media?parent=1437"}],"wp:term":[{"taxonomy":"product_brand","embeddable":true,"href":"https:\/\/divotecosmetics.com\/hr\/wp-json\/wp\/v2\/product_brand?post=1437"},{"taxonomy":"product_cat","embeddable":true,"href":"https:\/\/divotecosmetics.com\/hr\/wp-json\/wp\/v2\/product_cat?post=1437"},{"taxonomy":"product_tag","embeddable":true,"href":"https:\/\/divotecosmetics.com\/hr\/wp-json\/wp\/v2\/product_tag?post=1437"}],"curies":[{"name":"wp","href":"https:\/\/api.w.org\/{rel}","templated":true}]}}