{"id":1436,"date":"2024-05-07T10:26:56","date_gmt":"2024-05-07T10:26:56","guid":{"rendered":"http:\/\/divotecosmetics.com\/shop\/Bez%20kategorije\/centella-asiatica-toner\/"},"modified":"2026-03-16T15:56:24","modified_gmt":"2026-03-16T14:56:24","slug":"mixsoon-tonik-s-centellom-150-ml","status":"publish","type":"product","link":"https:\/\/divotecosmetics.com\/hr\/shop\/njega-koze\/mixsoon-tonik-s-centellom-150-ml\/","title":{"rendered":"Mixsoon tonik s centellom 150 ml"},"content":{"rendered":"<p>Mixsoon Centella Asiatica toner<\/p>\n<p>Mixsoon Centella Asiatica tonik je inovativni proizvod koji sadr\u017ei visoki postotak Centelle Asiatice, biljke poznate po svojim ljekovitim svojstvima koja se stolje\u0107ima koristi u tradicionalnoj azijskoj medicini. Ovaj tonik je specifi\u010dno formuliran za u\u010dinkovito umirivanje, smirenje i obnavljanje ko\u017ee, \u010dine\u0107i ga idealnim za osjetljive i problemati\u010dne tipove ko\u017ee.<\/p>\n<p>Tonik poma\u017ee u ubla\u017eavanju upala, poti\u010de zacjeljivanje rana i pove\u0107ava sintezu kolagena, \u010dime ko\u017ea ostaje \u010dvrsta i gipka. Posebno je preporu\u010dljiv za upaljenu ko\u017eu sklona aknama i o\u0161te\u0107enjima, kao i za ko\u017eu s neujedna\u010denim tonovima.<\/p>\n<p>Formuliran je kao vodenasta formula koja se brzo i lako upija, omogu\u0107avaju\u0107i ko\u017ei da se odmah osje\u0107a osvje\u017eeno i hidratizirano. Idealno se koristi kao tonik koji priprema teksturu ko\u017ee za daljnju njegu.<\/p>\n<p>Nanijeti na pamu\u010dnu blazinicu dovoljnu koli\u010dinu tonika. Blazinicom nanijeti tonik na lice.<\/p>\n","protected":false},"excerpt":{"rendered":"<p><strong data-start=\"420\" data-end=\"439\"><span class=\"BZ_Pyq_fadeIn\">Posebna\u00a0<\/span><span class=\"BZ_Pyq_fadeIn\">ponuda!<\/span><\/strong>\u00a0<span class=\"BZ_Pyq_fadeIn\">Ovaj\u00a0<\/span><span class=\"BZ_Pyq_fadeIn\">proizvod\u00a0<\/span><span class=\"BZ_Pyq_fadeIn\">je\u00a0<\/span><span class=\"BZ_Pyq_fadeIn\">dostupan\u00a0<\/span><span class=\"BZ_Pyq_fadeIn\">po\u00a0<\/span><span class=\"BZ_Pyq_fadeIn\">sni\u017eenoj\u00a0<\/span><span class=\"BZ_Pyq_fadeIn\">cijeni\u00a0<\/span><span class=\"BZ_Pyq_fadeIn\">zbog\u00a0<\/span><span class=\"BZ_Pyq_fadeIn\">kra\u0107eg\u00a0<\/span><span class=\"BZ_Pyq_fadeIn\">roka\u00a0<\/span><span class=\"BZ_Pyq_fadeIn\">trajanja\u00a0<strong>(15.06.2026<\/strong><\/span><span class=\"BZ_Pyq_fadeIn\"><strong>)<\/strong>.\u00a0<\/span><span class=\"BZ_Pyq_fadeIn\">Proizvod\u00a0<\/span><span class=\"BZ_Pyq_fadeIn\">je\u00a0<\/span><span class=\"BZ_Pyq_fadeIn\">potpuno\u00a0<\/span><span class=\"BZ_Pyq_fadeIn\">siguran\u00a0<\/span><span class=\"BZ_Pyq_fadeIn\">za\u00a0<\/span><span class=\"BZ_Pyq_fadeIn\">kori\u0161tenje\u00a0<\/span><span class=\"BZ_Pyq_fadeIn\">do\u00a0<\/span><span class=\"BZ_Pyq_fadeIn\">navedenog\u00a0<\/span><span class=\"BZ_Pyq_fadeIn\">datuma.<\/span><br data-start=\"588\" data-end=\"591\" \/><strong data-start=\"593\" data-end=\"636\"><span class=\"BZ_Pyq_fadeIn\">Ograni\u010dena\u00a0<\/span><span class=\"BZ_Pyq_fadeIn\">koli\u010dina \u2013\u00a0<\/span><span class=\"BZ_Pyq_fadeIn\">po\u017euri\u00a0<\/span><span class=\"BZ_Pyq_fadeIn\">s\u00a0<\/span><span class=\"BZ_Pyq_fadeIn\">kupnjom!<\/span><\/strong><\/p>\n<p>&nbsp;<\/p>\n<p>&nbsp;<\/p>\n<p>&nbsp;<\/p>\n<p><a href=\"https:\/\/divotecosmetics.com\/hr\/predstavljanje-brenda-mixsoon-prirodna-njega-za-zdravu-kozu\/\">Mixsoon<\/a> Centella Asiatica tonik je inovativni proizvod koji sadr\u017ei visoki postotak Centelle Asiatice, biljke poznate po svojim ljekovitim svojstvima koja se stolje\u0107ima koristi u tradicionalnoj <a href=\"https:\/\/divotecosmetics.com\/hr\/kako-prepoznati-clean-korejsku-kozmetiku-i-zasto-je-vazna-za-vas-cijeli-organizam\/\">azijskoj<\/a> medicini. Ovaj tonik je specifi\u010dno formuliran za u\u010dinkovito umirivanje, smirenje i obnavljanje ko\u017ee, \u010dine\u0107i ga idealnim za osjetljive i <a href=\"https:\/\/divotecosmetics.com\/hr\/skin-type\/sensitive-skin-hr\/\">problemati\u010dne tipove ko\u017ee.<\/a><\/p>\n","protected":false},"featured_media":3082,"comment_status":"open","ping_status":"closed","template":"","meta":{"_acf_changed":false,"_seopress_robots_primary_cat":"none","_seopress_titles_title":"Centella Asiatica Toner - Tonik za Lice - Divote","_seopress_titles_desc":"Centella Asiatica Toner brenda Mixsoon inovativni proizvod koji sadr\u017ei visoki postotak Centelle Asiatice, biljke poznate po svojim ljekovitim svojstvima.","_seopress_robots_index":"","inline_featured_image":false},"product_brand":[],"product_cat":[94],"product_tag":[119,120,121],"class_list":{"0":"post-1436","1":"product","2":"type-product","3":"status-publish","4":"has-post-thumbnail","6":"product_cat-njega-koze","7":"product_tag-fine-lines-hr","8":"product_tag-pore-reduction-hr","9":"product_tag-shiny-cheeks-hr","10":"pa_brands-mixsoon","11":"pa_ingredients-centella-asiatica-hr","12":"pa_product-type-toner-hr","13":"pa_skin-concerns-hydration-hr","14":"pa_skin-concerns-pore-care-hr","15":"pa_skin-type-oily-skin-hr","16":"pa_skin-type-normal-skin-hr","17":"pa_skin-type-sensitive-skin-hr","18":"pa_skin-type-dry-skin-hr","19":"pa_skin-type-all-skin-types-hr","20":"pa_skin-type-mature-skin-hr","22":"first","23":"instock","24":"taxable","25":"shipping-taxable","26":"purchasable","27":"product-type-simple"},"acf":[],"_links":{"self":[{"href":"https:\/\/divotecosmetics.com\/hr\/wp-json\/wp\/v2\/product\/1436","targetHints":{"allow":["GET"]}}],"collection":[{"href":"https:\/\/divotecosmetics.com\/hr\/wp-json\/wp\/v2\/product"}],"about":[{"href":"https:\/\/divotecosmetics.com\/hr\/wp-json\/wp\/v2\/types\/product"}],"replies":[{"embeddable":true,"href":"https:\/\/divotecosmetics.com\/hr\/wp-json\/wp\/v2\/comments?post=1436"}],"wp:featuredmedia":[{"embeddable":true,"href":"https:\/\/divotecosmetics.com\/hr\/wp-json\/wp\/v2\/media\/3082"}],"wp:attachment":[{"href":"https:\/\/divotecosmetics.com\/hr\/wp-json\/wp\/v2\/media?parent=1436"}],"wp:term":[{"taxonomy":"product_brand","embeddable":true,"href":"https:\/\/divotecosmetics.com\/hr\/wp-json\/wp\/v2\/product_brand?post=1436"},{"taxonomy":"product_cat","embeddable":true,"href":"https:\/\/divotecosmetics.com\/hr\/wp-json\/wp\/v2\/product_cat?post=1436"},{"taxonomy":"product_tag","embeddable":true,"href":"https:\/\/divotecosmetics.com\/hr\/wp-json\/wp\/v2\/product_tag?post=1436"}],"curies":[{"name":"wp","href":"https:\/\/api.w.org\/{rel}","templated":true}]}}