{"id":1435,"date":"2024-05-30T15:39:32","date_gmt":"2024-05-30T15:39:32","guid":{"rendered":"http:\/\/divotecosmetics.com\/shop\/Bez%20kategorije\/soondy-centella-asiatica-essence-50ml\/"},"modified":"2026-02-08T13:45:29","modified_gmt":"2026-02-08T12:45:29","slug":"mixsoon-soonody-esencija-s-centelom-za-umirivanje-50ml","status":"publish","type":"product","link":"https:\/\/divotecosmetics.com\/hr\/shop\/njega-koze\/mixsoon-soonody-esencija-s-centelom-za-umirivanje-50ml\/","title":{"rendered":"mixsoon Soondy esencija s centelom za umirivanje 50ml"},"content":{"rendered":"<p>Mixsoon Soondy Centella Asiatica Essence \/ hidratantna esencija<\/p>\n<p>Mixsoon Soondy Centella Asiatica Essence je visoko u\u010dinkovita esencija dizajnirana za umirivanje i za\u0161titu nadra\u017eene ko\u017ee od vanjskih podra\u017eaja. Ova nje\u017ena, ali mo\u0107na esencija bori se protiv crvenila, mrlja i upala, ostavljaju\u0107i ko\u017eu svje\u017eom i zdravog izgleda. Istovremeno, poti\u010de sintezu kolagena, \u0161to doprinosi pobolj\u0161anju elasti\u010dnosti i \u010dvrsto\u0107e ko\u017ee.<\/p>\n<p>Formulirana s 100% Centella Asiatica ekstraktom, koji je uzgojen na Mixsoonovoj farmi na otoku Jeju, ova esencija pru\u017ea maksimalnu efikasnost u smirivanju i obnavljanju ko\u017ee. Lagana, vodenasta formula brzo se upija, ostavljaju\u0107i ko\u017eu hidratiziranom bez nelagodnog ljepljivog osje\u0107aja.<\/p>\n","protected":false},"excerpt":{"rendered":"<p>Esencija s centelom za umirivanje (<a href=\"https:\/\/divotecosmetics.com\/hr\/brands\/mixsoon\/\">Mixsoon<\/a> Soondy Centella Asiatica Essence) je visoko u\u010dinkovita esencija dizajnirana za umirivanje i za\u0161titu <a href=\"https:\/\/divotecosmetics.com\/hr\/skin-type\/sensitive-skin-hr\/?yith_wcan=1&#038;orderby=popularity&#038;product_cat=njega-koze\">nadra\u017eene ko\u017ee<\/a> od vanjskih podra\u017eaja. Ova nje\u017ena, ali mo\u0107na esencija bori se protiv crvenila, mrlja i upala, ostavljaju\u0107i ko\u017eu <a href=\"https:\/\/divotecosmetics.com\/hr\/kako-prepoznati-clean-korejsku-kozmetiku-i-zasto-je-vazna-za-vas-cijeli-organizam\/\">svje\u017eom i zdravog izgleda<\/a>. Istovremeno, poti\u010de sintezu kolagena, \u0161to doprinosi pobolj\u0161anju elasti\u010dnosti i \u010dvrsto\u0107e ko\u017ee.<\/p>\n","protected":false},"featured_media":2933,"comment_status":"open","ping_status":"closed","template":"","meta":{"_acf_changed":false,"_seopress_robots_primary_cat":"none","_seopress_titles_title":"Esencija s centelom za umirivanje - Mixsoon - Divote","_seopress_titles_desc":"Esencija s centelom za umirivanje brenda Mixsoon visoko u\u010dinkovita esencija dizajnirana za umirivanje i za\u0161titu nadra\u017eene ko\u017ee od vanjskih podra\u017eaja.","_seopress_robots_index":"","inline_featured_image":false},"product_brand":[],"product_cat":[94],"product_tag":[],"class_list":{"0":"post-1435","1":"product","2":"type-product","3":"status-publish","4":"has-post-thumbnail","6":"product_cat-njega-koze","7":"pa_brands-mixsoon","8":"pa_ingredients-centella-asiatica-hr","9":"pa_product-type-esencija","10":"pa_skin-concerns-hydration-hr","11":"pa_skin-type-oily-skin-hr","12":"pa_skin-type-normal-skin-hr","13":"pa_skin-type-sensitive-skin-hr","14":"pa_skin-type-dry-skin-hr","15":"pa_skin-type-all-skin-types-hr","16":"pa_skin-type-mature-skin-hr","18":"first","19":"instock","20":"taxable","21":"shipping-taxable","22":"purchasable","23":"product-type-simple"},"acf":[],"_links":{"self":[{"href":"https:\/\/divotecosmetics.com\/hr\/wp-json\/wp\/v2\/product\/1435","targetHints":{"allow":["GET"]}}],"collection":[{"href":"https:\/\/divotecosmetics.com\/hr\/wp-json\/wp\/v2\/product"}],"about":[{"href":"https:\/\/divotecosmetics.com\/hr\/wp-json\/wp\/v2\/types\/product"}],"replies":[{"embeddable":true,"href":"https:\/\/divotecosmetics.com\/hr\/wp-json\/wp\/v2\/comments?post=1435"}],"wp:featuredmedia":[{"embeddable":true,"href":"https:\/\/divotecosmetics.com\/hr\/wp-json\/wp\/v2\/media\/2933"}],"wp:attachment":[{"href":"https:\/\/divotecosmetics.com\/hr\/wp-json\/wp\/v2\/media?parent=1435"}],"wp:term":[{"taxonomy":"product_brand","embeddable":true,"href":"https:\/\/divotecosmetics.com\/hr\/wp-json\/wp\/v2\/product_brand?post=1435"},{"taxonomy":"product_cat","embeddable":true,"href":"https:\/\/divotecosmetics.com\/hr\/wp-json\/wp\/v2\/product_cat?post=1435"},{"taxonomy":"product_tag","embeddable":true,"href":"https:\/\/divotecosmetics.com\/hr\/wp-json\/wp\/v2\/product_tag?post=1435"}],"curies":[{"name":"wp","href":"https:\/\/api.w.org\/{rel}","templated":true}]}}