{"id":1434,"date":"2024-05-30T15:56:55","date_gmt":"2024-05-30T15:56:55","guid":{"rendered":"http:\/\/divotecosmetics.com\/shop\/Bez%20kategorije\/glacier-water-hyaluronic-acid-serum-300ml\/"},"modified":"2026-03-03T16:28:44","modified_gmt":"2026-03-03T15:28:44","slug":"mixsoon-serum-s-hijaluronskom-kiselinom-i-vodom-ledenjaka","status":"publish","type":"product","link":"https:\/\/divotecosmetics.com\/hr\/shop\/njega-koze\/mixsoon-serum-s-hijaluronskom-kiselinom-i-vodom-ledenjaka\/","title":{"rendered":"mixsoon Serum s hijaluronskom kiselinom i vodom ledenjaka"},"content":{"rendered":"<p>Serum s hijaluronskom kiselinom i vodom ledenjaka (Serum hijaluronske kiseline Mixsoon Glacier Water) sadr\u017ei osvje\u017eavaju\u0107u ledenja\u010dku vodu i tri vrste hijaluronske kiseline za intenzivnu hidrataciju i obnavljanje razine hidratacije u ko\u017ei. Visoka viskoznost seruma stvara tanki, hidratantni sloj na ko\u017ei, daju\u0107i joj prekrasan sjaj i glatko\u0107u. Mo\u017ee se nanositi do tri puta bez da ostavlja ljepljiv osje\u0107aj.<\/p>\n<p>Oboga\u0107en ledenja\u010dkom vodom i tri vrste hijaluronske kiseline, ovaj serum pru\u017ea sna\u017enu hidrataciju, poti\u010du\u0107i elasti\u010dnost i puno\u0107u ko\u017ee te ja\u010daju\u0107i ko\u017enu barijeru. Njegova lagana tekstura omogu\u0107uje duboko prodiranje u ko\u017eu, pru\u017eaju\u0107i trenutni osje\u0107aj hidratacije bez ljepljivog osje\u0107aja.<\/p>\n<p>Ovaj bogati serum nudi brzo i intenzivno hidratantno djelovanje na suhu ko\u017eu te poma\u017ee pobolj\u0161ati njezinu blistavost, \u010dine\u0107i je mek\u0161om, sjajnijom i revitaliziranom.<\/p>\n","protected":false},"excerpt":{"rendered":"<p>Serum s hijaluronskom kiselinom i vodom ledenjaka (Serum hijaluronske kiseline <a href=\"https:\/\/divotecosmetics.com\/hr\/predstavljanje-brenda-mixsoon-prirodna-njega-za-zdravu-kozu\/\">Mixsoon<\/a> Glacier Water) sadr\u017ei osvje\u017eavaju\u0107u ledenja\u010dku vodu i tri vrste hijaluronske kiseline za intenzivnu hidrataciju i obnavljanje razine <a href=\"https:\/\/divotecosmetics.com\/hr\/product-type\/hidratacija\/?yith_wcan=1&#038;orderby=popularity&#038;product_cat=njega-koze\">hidratacije u ko\u017ei<\/a>. Visoka viskoznost seruma stvara tanki, hidratantni sloj na ko\u017ei, daju\u0107i joj prekrasan sjaj i glatko\u0107u. Mo\u017ee se nanositi do tri puta bez da ostavlja ljepljiv osje\u0107aj.<\/p>\n","protected":false},"featured_media":6571,"comment_status":"open","ping_status":"closed","template":"","meta":{"_acf_changed":false,"_seopress_robots_primary_cat":"none","_seopress_titles_title":"Serum s hijaluronskom kiselinom i vodom ledenjaka - Divote","_seopress_titles_desc":"Serum s hijaluronskom kiselinom i vodom ledenjaka sadr\u017ei osvje\u017eavaju\u0107u ledenja\u010dku vodu i tri vrste hijaluronske kiseline za intenzivnu hidrataciju.","_seopress_robots_index":"","inline_featured_image":false},"product_brand":[],"product_cat":[94],"product_tag":[],"class_list":{"0":"post-1434","1":"product","2":"type-product","3":"status-publish","4":"has-post-thumbnail","6":"product_cat-njega-koze","7":"pa_brands-mixsoon","8":"pa_ingredients-centella-asiatica-hr","9":"pa_ingredients-hyaluronic-acid-hr","10":"pa_product-type-serum-hr","11":"pa_skin-concerns-hydration-hr","12":"pa_skin-type-oily-skin-hr","13":"pa_skin-type-normal-skin-hr","14":"pa_skin-type-sensitive-skin-hr","15":"pa_skin-type-dry-skin-hr","16":"pa_skin-type-all-skin-types-hr","17":"pa_skin-type-mature-skin-hr","19":"first","20":"instock","21":"taxable","22":"shipping-taxable","23":"purchasable","24":"product-type-variable","25":"has-default-attributes"},"acf":[],"_links":{"self":[{"href":"https:\/\/divotecosmetics.com\/hr\/wp-json\/wp\/v2\/product\/1434","targetHints":{"allow":["GET"]}}],"collection":[{"href":"https:\/\/divotecosmetics.com\/hr\/wp-json\/wp\/v2\/product"}],"about":[{"href":"https:\/\/divotecosmetics.com\/hr\/wp-json\/wp\/v2\/types\/product"}],"replies":[{"embeddable":true,"href":"https:\/\/divotecosmetics.com\/hr\/wp-json\/wp\/v2\/comments?post=1434"}],"wp:featuredmedia":[{"embeddable":true,"href":"https:\/\/divotecosmetics.com\/hr\/wp-json\/wp\/v2\/media\/6571"}],"wp:attachment":[{"href":"https:\/\/divotecosmetics.com\/hr\/wp-json\/wp\/v2\/media?parent=1434"}],"wp:term":[{"taxonomy":"product_brand","embeddable":true,"href":"https:\/\/divotecosmetics.com\/hr\/wp-json\/wp\/v2\/product_brand?post=1434"},{"taxonomy":"product_cat","embeddable":true,"href":"https:\/\/divotecosmetics.com\/hr\/wp-json\/wp\/v2\/product_cat?post=1434"},{"taxonomy":"product_tag","embeddable":true,"href":"https:\/\/divotecosmetics.com\/hr\/wp-json\/wp\/v2\/product_tag?post=1434"}],"curies":[{"name":"wp","href":"https:\/\/api.w.org\/{rel}","templated":true}]}}