{"id":1433,"date":"2024-05-30T16:12:21","date_gmt":"2024-05-30T16:12:21","guid":{"rendered":"https:\/\/divotecosmetics.com\/shop\/Bez%20kategorije\/bifida-cream-60ml\/"},"modified":"2026-02-23T07:56:54","modified_gmt":"2026-02-23T06:56:54","slug":"mixsoon-bifida-krema-60-ml","status":"publish","type":"product","link":"https:\/\/divotecosmetics.com\/hr\/shop\/njega-koze\/mixsoon-bifida-krema-60-ml\/","title":{"rendered":"Mixsoon bifida krema 60 ml"},"content":{"rendered":"<p>Bifida krema u\u010dvr\u0161\u0107uju\u0107a je hidratantna krema s probiticima koja pru\u017ea u\u010dinkovitu za\u0161titu i njegu ko\u017ee, odr\u017eavaju\u0107i njezinu ravnote\u017eu i ja\u010daju\u0107i ko\u017enu barijeru kako bi se smanjile iritacije i crvenila uzrokovana vanjskim faktorima. Ova krema ima regeneriraju\u0107a i anti-age svojstva zahvaljuju\u0107i sastavu bogatom proteinima i vitaminima, te dubinski njeguje i hidratizira ko\u017eu, pobolj\u0161avaju\u0107i njenu elasti\u010dnost i revitaliziraju\u0107i umornu ko\u017eu.<\/p>\n<p>Mixsoon Bifida krema savr\u0161en je odabir za sve koji tra\u017ee dubinsku njegu ko\u017ee uz visoku za\u0161titu od vanjskih utjecaja, ostavljaju\u0107i ko\u017eu zdravom, revitaliziranom i blistavom.<\/p>\n<p>U zadnjem koraku njege lica nanijeti dovoljnu koli\u010dinu kreme i umasirati u ko\u017eu.<\/p>\n","protected":false},"excerpt":{"rendered":"<p>Bifida krema ( <a href=\"https:\/\/divotecosmetics.com\/hr\/brands\/mixsoon\/\">Mixsoon<\/a>) u\u010dvr\u0161\u0107uju\u0107a je hidratantna krema s probiticima koja pru\u017ea u\u010dinkovitu za\u0161titu i njegu ko\u017ee, odr\u017eavaju\u0107i njezinu ravnote\u017eu i ja\u010daju\u0107i ko\u017enu barijeru kako bi se smanjile iritacije i crvenila uzrokovana vanjskim faktorima. Ova krema ima regeneriraju\u0107a i anti-age svojstva zahvaljuju\u0107i sastavu bogatom proteinima i vitaminima, te dubinski <a href=\"https:\/\/divotecosmetics.com\/hr\/kada-pricamo-o-njezi-koze-birajte-optimalno-a-ne-viralno\/\">njeguje<\/a> i <a href=\"https:\/\/divotecosmetics.com\/hr\/product-type\/hidratacija\/\">hidratizira<\/a> ko\u017eu, pobolj\u0161avaju\u0107i njenu elasti\u010dnost i revitaliziraju\u0107i umornu ko\u017eu.<\/p>\n","protected":false},"featured_media":3539,"comment_status":"open","ping_status":"closed","template":"","meta":{"_acf_changed":false,"_seopress_robots_primary_cat":"none","_seopress_titles_title":"Bifida Cream 60ml - Mixsoon - Krema za lice - Divote","_seopress_titles_desc":"Bifida Cream ili bifida krema u\u010dvr\u0161\u0107uju\u0107a je hidratantna krema s probiticima koja pru\u017ea u\u010dinkovitu za\u0161titu i njegu ko\u017ee, odr\u017eavaju\u0107i njezinu ravnote\u017eu.","_seopress_robots_index":"","inline_featured_image":false},"product_brand":[],"product_cat":[94],"product_tag":[248,249,314,264,121,267],"class_list":{"0":"post-1433","1":"product","2":"type-product","3":"status-publish","4":"has-post-thumbnail","6":"product_cat-njega-koze","7":"product_tag-anti-age-hr","8":"product_tag-brightening-hr","9":"product_tag-hydration-hr-2","10":"product_tag-redness-reduce-hr","11":"product_tag-shiny-cheeks-hr","12":"product_tag-wrinkles-hr","13":"pa_brands-mixsoon","14":"pa_product-type-hidratacija","15":"pa_skin-concerns-acne-hr","16":"pa_skin-type-oily-skin-hr","17":"pa_skin-type-normal-skin-hr","18":"pa_skin-type-sensitive-skin-hr","19":"pa_skin-type-dry-skin-hr","20":"pa_skin-type-all-skin-types-hr","21":"pa_skin-type-mature-skin-hr","23":"first","24":"instock","25":"taxable","26":"shipping-taxable","27":"purchasable","28":"product-type-simple"},"acf":[],"_links":{"self":[{"href":"https:\/\/divotecosmetics.com\/hr\/wp-json\/wp\/v2\/product\/1433","targetHints":{"allow":["GET"]}}],"collection":[{"href":"https:\/\/divotecosmetics.com\/hr\/wp-json\/wp\/v2\/product"}],"about":[{"href":"https:\/\/divotecosmetics.com\/hr\/wp-json\/wp\/v2\/types\/product"}],"replies":[{"embeddable":true,"href":"https:\/\/divotecosmetics.com\/hr\/wp-json\/wp\/v2\/comments?post=1433"}],"wp:featuredmedia":[{"embeddable":true,"href":"https:\/\/divotecosmetics.com\/hr\/wp-json\/wp\/v2\/media\/3539"}],"wp:attachment":[{"href":"https:\/\/divotecosmetics.com\/hr\/wp-json\/wp\/v2\/media?parent=1433"}],"wp:term":[{"taxonomy":"product_brand","embeddable":true,"href":"https:\/\/divotecosmetics.com\/hr\/wp-json\/wp\/v2\/product_brand?post=1433"},{"taxonomy":"product_cat","embeddable":true,"href":"https:\/\/divotecosmetics.com\/hr\/wp-json\/wp\/v2\/product_cat?post=1433"},{"taxonomy":"product_tag","embeddable":true,"href":"https:\/\/divotecosmetics.com\/hr\/wp-json\/wp\/v2\/product_tag?post=1433"}],"curies":[{"name":"wp","href":"https:\/\/api.w.org\/{rel}","templated":true}]}}