{"id":1432,"date":"2024-05-30T16:54:08","date_gmt":"2024-05-30T16:54:08","guid":{"rendered":"https:\/\/divotecosmetics.com\/shop\/Bez%20kategorije\/bifida-mask-pack-25g5ea\/"},"modified":"2026-01-26T14:35:30","modified_gmt":"2026-01-26T13:35:30","slug":"mixsoon-bifida-maska-za-lice","status":"publish","type":"product","link":"https:\/\/divotecosmetics.com\/hr\/shop\/njega-koze\/mixsoon-bifida-maska-za-lice\/","title":{"rendered":"Mixsoon Bifida Maska za lice"},"content":{"rendered":"<p>Mixsoon Bifida hidratantne sheet maske s probioticima<\/p>\n<p>Bifida hidratantna sheet maska je umiruju\u0107a maska oboga\u0107ena s fermentom Bifida, posebno formulirana da pru\u017ei intenzivnu hidrataciju i obnovu osjetljive i o\u0161te\u0107ene ko\u017ee. Sadr\u017ei 5000 ppm ekstrakta Bifida koji efikasno ja\u010da ko\u017enu barijeru, hrani i omek\u0161ava ko\u017eu, dok istovremeno smanjuje vidljivost mrlja i obnavlja suhu, grubu teksturu.<\/p>\n<p>Ova maska je bogata pantenolom, alantoinom i fermentom laktobacila, koji zajedno djeluju na smanjenje upala i smirivanje iritacija. Natrijev hijaluronat i glicerin pru\u017eaju dubinsku hidrataciju, \u010dine\u0107i ko\u017eu mek\u0161om i elasti\u010dnijom.<\/p>\n<p>Mixsoon Bifida Mask Pack je savr\u0161en izbor za one koji tra\u017ee efikasnu, ali nje\u017enu njegu koja brzo vra\u0107a zdravlje i vitalnost ko\u017ei, a mo\u017ee se korisitit svaki dan.<\/p>\n<p>Nakon pranja lica, staviti masku tako da ravnomjerno prekriva cijelo lice. Ukloniti nakon 10-20 minuta, a ostatak seruma nje\u017eno tapkati da se upije u ko\u017eu.<\/p>\n","protected":false},"excerpt":{"rendered":"<p>Bifida hidratatntna sheet maska je umiruju\u0107a maska oboga\u0107ena s fermentom Bifida, posebno formulirana da pru\u017ei intenzivnu hidrataciju i obnovu osjetljive i o\u0161te\u0107ene ko\u017ee. Proizvod brenda <a href=\"https:\/\/divotecosmetics.com\/hr\/predstavljanje-brenda-mixsoon-prirodna-njega-za-zdravu-kozu\/\">Mixsoon<\/a>. Sadr\u017ei 5000 ppm ekstrakta Bifida koji efikasno ja\u010da ko\u017enu barijeru, hrani i omek\u0161ava ko\u017eu, dok istovremeno smanjuje vidljivost mrlja i obnavlja suhu, grubu teksturu.<\/p>\n","protected":false},"featured_media":5880,"comment_status":"open","ping_status":"closed","template":"","meta":{"_acf_changed":false,"_seopress_robots_primary_cat":"none","_seopress_titles_title":"Bifida Mask Pack - Maske za lice - Divote Cosmetics","_seopress_titles_desc":"Bifida Mask pack je paket hidratantnih maski oba\u0107enih s ekstraktom fermentacije Bifida, posebno formulirana da pru\u017ei intenzivnu hidrataciju za ko\u017eu","_seopress_robots_index":"","inline_featured_image":false},"product_brand":[],"product_cat":[94],"product_tag":[],"class_list":{"0":"post-1432","1":"product","2":"type-product","3":"status-publish","4":"has-post-thumbnail","6":"product_cat-njega-koze","7":"pa_brands-mixsoon","8":"pa_ingredients-panthenol-hr","9":"pa_product-type-maska","10":"pa_skin-concerns-acne-hr","11":"pa_skin-concerns-hydration-hr","12":"pa_skin-type-oily-skin-hr","13":"pa_skin-type-normal-skin-hr","14":"pa_skin-type-sensitive-skin-hr","15":"pa_skin-type-dry-skin-hr","16":"pa_skin-type-all-skin-types-hr","17":"pa_skin-type-mature-skin-hr","19":"first","20":"outofstock","21":"taxable","22":"shipping-taxable","23":"purchasable","24":"product-type-simple"},"acf":[],"_links":{"self":[{"href":"https:\/\/divotecosmetics.com\/hr\/wp-json\/wp\/v2\/product\/1432","targetHints":{"allow":["GET"]}}],"collection":[{"href":"https:\/\/divotecosmetics.com\/hr\/wp-json\/wp\/v2\/product"}],"about":[{"href":"https:\/\/divotecosmetics.com\/hr\/wp-json\/wp\/v2\/types\/product"}],"replies":[{"embeddable":true,"href":"https:\/\/divotecosmetics.com\/hr\/wp-json\/wp\/v2\/comments?post=1432"}],"wp:featuredmedia":[{"embeddable":true,"href":"https:\/\/divotecosmetics.com\/hr\/wp-json\/wp\/v2\/media\/5880"}],"wp:attachment":[{"href":"https:\/\/divotecosmetics.com\/hr\/wp-json\/wp\/v2\/media?parent=1432"}],"wp:term":[{"taxonomy":"product_brand","embeddable":true,"href":"https:\/\/divotecosmetics.com\/hr\/wp-json\/wp\/v2\/product_brand?post=1432"},{"taxonomy":"product_cat","embeddable":true,"href":"https:\/\/divotecosmetics.com\/hr\/wp-json\/wp\/v2\/product_cat?post=1432"},{"taxonomy":"product_tag","embeddable":true,"href":"https:\/\/divotecosmetics.com\/hr\/wp-json\/wp\/v2\/product_tag?post=1432"}],"curies":[{"name":"wp","href":"https:\/\/api.w.org\/{rel}","templated":true}]}}