{"id":1430,"date":"2024-05-30T17:17:49","date_gmt":"2024-05-30T17:17:49","guid":{"rendered":"http:\/\/divotecosmetics.com\/shop\/Bez%20kategorije\/soybean-milk-pad-10ea\/"},"modified":"2026-01-26T14:01:05","modified_gmt":"2026-01-26T13:01:05","slug":"mixsoon-jastucici-od-sojinog-mlijeka-10-kom","status":"publish","type":"product","link":"https:\/\/divotecosmetics.com\/hr\/shop\/njega-koze\/mixsoon-jastucici-od-sojinog-mlijeka-10-kom\/","title":{"rendered":"Mixsoon jastu\u010di\u0107i od sojinog mlijeka (10 kom)"},"content":{"rendered":"<p>Soybean jastu\u010di\u0107i s intenzivnim revitaliziraju\u0107im u\u010dinkom.<\/p>\n<p>Mixsoon Soybean jastu\u010di\u0107i dizajnirani za pru\u017eanje higijenskog i prakti\u010dnog rje\u0161enja za njegu ko\u017ee tijekom putovanja ili u pokretu. Svako pakiranje sadr\u017ei tri lista natopljena hladnom, hidratantnom i hranjivom esencijom, idealnom za trenutno osvje\u017eenje i hidrataciju ko\u017ee.<\/p>\n<p>Jastu\u010di\u0107i su oboga\u0107eni ekstraktom fermentacije soje, \u0161to ih \u010dini izvrsnim za odr\u017eavanje ko\u017ee <a href=\"https:\/\/divotecosmetics.com\/hr\/product-type\/hidratacija\/\">hidratiziranom<\/a> i svje\u017eom. Ova tekstura esencije pru\u017ea dodatnu njegu, osiguravaju\u0107i da ko\u017ea dobije potrebne hranjive tvari i da vlaga prodire u same pore ko\u017ee lica.<\/p>\n<p>Mixsoon Soybean jastu\u010di\u0107isavr\u0161eni su za sve koji tra\u017ee brzo, efikasno i prijenosno rje\u0161enje za hidrataciju i njegu ko\u017ee u bilo kojem trenutku.<\/p>\n<p>1. Maramicom nje\u017eno prije\u0107i preko lica. 2. Za intenzivniju njegu, staviti maramice na obraze te \u010delo ili bradu, ostaviti 10 minuta, zatim ukloniti i ostatak seruma nje\u017eno tapkati da se upije u ko\u017eu.<\/p>\n","protected":false},"excerpt":{"rendered":"<p><a href=\"https:\/\/divotecosmetics.com\/hr\/predstavljanje-brenda-mixsoon-prirodna-njega-za-zdravu-kozu\/\">Mixsoon<\/a> Soybean jastu\u010di\u0107i dizajnirani za pru\u017eanje higijenskog i prakti\u010dnog rje\u0161enja za <a href=\"https:\/\/divotecosmetics.com\/hr\/kategorija-proizvoda\/njega-koze\/\">njegu ko\u017ee<\/a> tijekom putovanja ili u pokretu. Svako pakiranje sadr\u017ei tri lista natopljena hladnom, hidratantnom i hranjivom esencijom, idealnom za trenutno osvje\u017eenje i hidrataciju ko\u017ee.<\/p>\n","protected":false},"featured_media":2919,"comment_status":"open","ping_status":"closed","template":"","meta":{"_acf_changed":false,"_seopress_robots_primary_cat":"none","_seopress_titles_title":"Soybean Milk Pad 10ea - Jastu\u010di\u0107i - Divote Cosmetics","_seopress_titles_desc":"Soybean Milk Pad brenda Mixsoon su jastu\u010di\u0107i dizajnirani za pru\u017eanje higijenskog i prakti\u010dnog rje\u0161enja za njegu ko\u017ee tijekom putovanja ili u pokretu.","_seopress_robots_index":"","inline_featured_image":false},"product_brand":[],"product_cat":[94],"product_tag":[],"class_list":{"0":"post-1430","1":"product","2":"type-product","3":"status-publish","4":"has-post-thumbnail","6":"product_cat-njega-koze","7":"pa_brands-mixsoon","8":"pa_ingredients-centella-asiatica-hr","9":"pa_ingredients-hyaluronic-acid-hr","10":"pa_ingredients-panthenol-hr","11":"pa_product-type-maska","12":"pa_skin-concerns-hydration-hr","13":"pa_skin-type-oily-skin-hr","14":"pa_skin-type-normal-skin-hr","15":"pa_skin-type-sensitive-skin-hr","16":"pa_skin-type-dry-skin-hr","17":"pa_skin-type-all-skin-types-hr","18":"pa_skin-type-mature-skin-hr","20":"first","21":"instock","22":"taxable","23":"shipping-taxable","24":"purchasable","25":"product-type-simple"},"acf":[],"_links":{"self":[{"href":"https:\/\/divotecosmetics.com\/hr\/wp-json\/wp\/v2\/product\/1430","targetHints":{"allow":["GET"]}}],"collection":[{"href":"https:\/\/divotecosmetics.com\/hr\/wp-json\/wp\/v2\/product"}],"about":[{"href":"https:\/\/divotecosmetics.com\/hr\/wp-json\/wp\/v2\/types\/product"}],"replies":[{"embeddable":true,"href":"https:\/\/divotecosmetics.com\/hr\/wp-json\/wp\/v2\/comments?post=1430"}],"wp:featuredmedia":[{"embeddable":true,"href":"https:\/\/divotecosmetics.com\/hr\/wp-json\/wp\/v2\/media\/2919"}],"wp:attachment":[{"href":"https:\/\/divotecosmetics.com\/hr\/wp-json\/wp\/v2\/media?parent=1430"}],"wp:term":[{"taxonomy":"product_brand","embeddable":true,"href":"https:\/\/divotecosmetics.com\/hr\/wp-json\/wp\/v2\/product_brand?post=1430"},{"taxonomy":"product_cat","embeddable":true,"href":"https:\/\/divotecosmetics.com\/hr\/wp-json\/wp\/v2\/product_cat?post=1430"},{"taxonomy":"product_tag","embeddable":true,"href":"https:\/\/divotecosmetics.com\/hr\/wp-json\/wp\/v2\/product_tag?post=1430"}],"curies":[{"name":"wp","href":"https:\/\/api.w.org\/{rel}","templated":true}]}}