{"id":1429,"date":"2024-05-30T17:26:02","date_gmt":"2024-05-30T17:26:02","guid":{"rendered":"http:\/\/divotecosmetics.com\/shop\/Bez%20kategorije\/bean-cleansing-oil-195ml\/"},"modified":"2026-03-24T10:27:20","modified_gmt":"2026-03-24T09:27:20","slug":"mixsoon-ulje-za-ciscenje-lica-195-ml","status":"publish","type":"product","link":"https:\/\/divotecosmetics.com\/hr\/shop\/njega-koze\/mixsoon-ulje-za-ciscenje-lica-195-ml\/","title":{"rendered":"Mixsoon ulje za \u010di\u0161\u0107enje lica 195 ml"},"content":{"rendered":"<p>Mixsoon Bean Cleansing Oil \/ ulje za \u010di\u0161\u0107enje lica ili uljni \u010dista\u010d<\/p>\n<p>Mixsoon Bean uljni \u010dista\u010d idealan je proizvod za svakodnevno uklanjanje \u0161minke i nje\u017eno \u010di\u0161\u0107enje ko\u017ee od masnih tvari, ostavljaju\u0107i je svje\u017eom, mekom i hidratiziranom. Ima fluidnu teksturu i ne ostavlja masni trag nakon ispiranja, ostavljaju\u0107i ko\u017eu \u010distom i mekom.<\/p>\n<p>&nbsp;<\/p>\n<p><strong>Formula proizvoda usmjerena je na 4 klju\u010dna prirodna sastojka:<\/strong><\/p>\n<p>&#8211; Hranjiva soja: Hidratizira i regenerira ko\u017eu.<\/p>\n<p>&#8211; Revitaliziraju\u0107i je\u010dam: Pru\u017ea hranjive tvari i vra\u0107a vitalnost ko\u017ei.<\/p>\n<p>&#8211; \u0160ipak: U\u010dvr\u0161\u0107uje ko\u017eu, pobolj\u0161ava ten i smanjuje bore i pore.<\/p>\n<p>&#8211; Kru\u0161ka: Tonizira, regenerira i zagla\u0111uje ko\u017eu.<\/p>\n<p>&nbsp;<\/p>\n<p>Svaki od ovih sastojaka pru\u017ea prirodno stvaranje aktivnih sastojaka kao \u0161to su mlije\u010dna kiselina (AHA) i visoko hidratantna poli-glutaminska kiselina. Osim toga, ulja soje, jojobe i suncokreta omogu\u0107uju uklanjanje masnih tvari s ko\u017ee, \u010dine\u0107i je mekom i glatkom, bez masnog osje\u0107aja i traga. Mixsoon Bean ulje za \u010di\u0161\u0107enje pru\u017ea dubinsko \u010di\u0161\u0107enje ko\u017ee s hidratantnim svojstvima, bez iritacija, i pogodan je \u010dak i za masnu ko\u017eu, koriste\u0107i iste sastojke kao i <a href=\"https:\/\/divotecosmetics.com\/hr\/shop\/njega-koze\/bean-essence\/\">Mixsoon Bean Essence.<\/a><\/p>\n<p>&nbsp;<\/p>\n<p>1. 2-3 puta pritisnuti pumpicu i nanijeti ulje suhim rukama na suho lice. 2. Vla\u017enim rukama nanijeti ne\u0161to vode na lice i masa\u017eom pretvoriti ulje u emulziju. Isprati mlakom vodom.<\/p>\n","protected":false},"excerpt":{"rendered":"<p><a href=\"https:\/\/divotecosmetics.com\/hr\/brands\/mixsoon\/\">Mixsoon<\/a> Bean uljni \u010dista\u010d idealan je proizvod za svakodnevno <a href=\"https:\/\/divotecosmetics.com\/hr\/vodic-za-pocetnike-kako-usvojiti-korejsku-skincare-rutinu-u-5-jednostavnih-koraka\/\">uklanjanje \u0161minke<\/a> i nje\u017eno \u010di\u0161\u0107enje ko\u017ee od masnih tvari, ostavljaju\u0107i je svje\u017eom, mekom i hidratiziranom. Ima fluidnu teksturu i ne ostavlja masni trag nakon ispiranja, ostavljaju\u0107i ko\u017eu \u010distom i mekom.<\/p>\n","protected":false},"featured_media":2913,"comment_status":"open","ping_status":"closed","template":"","meta":{"_acf_changed":false,"_seopress_robots_primary_cat":"none","_seopress_titles_title":"Bean Cleansing Oil 195ml - Uljni \u010cista\u010d - Divote Cosmetics","_seopress_titles_desc":"Bean Cleansing Oil 195ml brenda Mixsoon je uljni \u010dista\u010d idealan je proizvod za svakodnevno uklanjanje \u0161minke i \u010di\u0161\u0107enje ko\u017ee od masnih tvari.","_seopress_robots_index":"","inline_featured_image":false},"product_brand":[],"product_cat":[94],"product_tag":[],"class_list":{"0":"post-1429","1":"product","2":"type-product","3":"status-publish","4":"has-post-thumbnail","6":"product_cat-njega-koze","7":"pa_brands-mixsoon","8":"pa_ingredients-aha-hr","9":"pa_product-type-uljni-cistac","10":"pa_skin-concerns-hydration-hr","11":"pa_skin-concerns-pore-care-hr","12":"pa_skin-type-oily-skin-hr","13":"pa_skin-type-normal-skin-hr","14":"pa_skin-type-sensitive-skin-hr","15":"pa_skin-type-dry-skin-hr","16":"pa_skin-type-all-skin-types-hr","17":"pa_skin-type-mature-skin-hr","19":"first","20":"instock","21":"taxable","22":"shipping-taxable","23":"purchasable","24":"product-type-simple"},"acf":[],"_links":{"self":[{"href":"https:\/\/divotecosmetics.com\/hr\/wp-json\/wp\/v2\/product\/1429","targetHints":{"allow":["GET"]}}],"collection":[{"href":"https:\/\/divotecosmetics.com\/hr\/wp-json\/wp\/v2\/product"}],"about":[{"href":"https:\/\/divotecosmetics.com\/hr\/wp-json\/wp\/v2\/types\/product"}],"replies":[{"embeddable":true,"href":"https:\/\/divotecosmetics.com\/hr\/wp-json\/wp\/v2\/comments?post=1429"}],"wp:featuredmedia":[{"embeddable":true,"href":"https:\/\/divotecosmetics.com\/hr\/wp-json\/wp\/v2\/media\/2913"}],"wp:attachment":[{"href":"https:\/\/divotecosmetics.com\/hr\/wp-json\/wp\/v2\/media?parent=1429"}],"wp:term":[{"taxonomy":"product_brand","embeddable":true,"href":"https:\/\/divotecosmetics.com\/hr\/wp-json\/wp\/v2\/product_brand?post=1429"},{"taxonomy":"product_cat","embeddable":true,"href":"https:\/\/divotecosmetics.com\/hr\/wp-json\/wp\/v2\/product_cat?post=1429"},{"taxonomy":"product_tag","embeddable":true,"href":"https:\/\/divotecosmetics.com\/hr\/wp-json\/wp\/v2\/product_tag?post=1429"}],"curies":[{"name":"wp","href":"https:\/\/api.w.org\/{rel}","templated":true}]}}