{"id":1420,"date":"2024-05-30T19:40:42","date_gmt":"2024-05-30T19:40:42","guid":{"rendered":"http:\/\/divotecosmetics.com\/shop\/Bez%20kategorije\/ampoule-real-active-panthenol-plus-50ml\/"},"modified":"2026-01-26T14:05:15","modified_gmt":"2026-01-26T13:05:15","slug":"needly-aktivna-pantenol-ampula-za-obnovu-koze","status":"publish","type":"product","link":"https:\/\/divotecosmetics.com\/hr\/shop\/njega-koze\/needly-aktivna-pantenol-ampula-za-obnovu-koze\/","title":{"rendered":"NEEDLY Aktivna pantenol ampula za obnovu ko\u017ee 50ml"},"content":{"rendered":"<p>Aktivna pantenol ampula za obnovu ko\u017ee (Needly Ampoule Real Active Panthenol Plus) regeneriraju\u0107i serum je proizvod namijenjen <a href=\"https:\/\/divotecosmetics.com\/hr\/kada-pricamo-o-njezi-koze-birajte-optimalno-a-ne-viralno\/\">njezi ko\u017ee<\/a> koji kombinira aktivni sastojak panthenol s drugim regenerativnim sastojcima. Ovaj serum formuliran je s ciljem pru\u017eanja hidratacije, umirenja i <a href=\"https:\/\/divotecosmetics.com\/hr\/kako-postici-blistavu-zdravu-kozu-ultimativni-vodic-by-divote-cosmetics\/\">obnavljanja ko\u017ee<\/a>.<\/p>\n<p>Nanijeti ravnomjerno na ko\u017eu lica.<\/p>\n","protected":false},"excerpt":{"rendered":"<p>Aktivna pantenol ampula za obnovu ko\u017ee (<a href=\"https:\/\/divotecosmetics.com\/hr\/brands\/needly\/\">Needly<\/a> Ampoule Real Active Panthenol Plus) regeneriraju\u0107i serum je proizvod namijenjen <a href=\"https:\/\/divotecosmetics.com\/hr\/kategorija-proizvoda\/njega-koze\/\">njezi ko\u017ee<\/a> koji kombinira aktivni sastojak panthenol s drugim regenerativnim sastojcima.<\/p>\n","protected":false},"featured_media":3055,"comment_status":"open","ping_status":"closed","template":"","meta":{"_acf_changed":false,"_seopress_robots_primary_cat":"none","_seopress_titles_title":"Aktivna pantenol ampula za obnovu ko\u017ee 50ml - Divote","_seopress_titles_desc":"Aktivna pantenol ampula za obnovu ko\u017ee regeneriraju\u0107i serum je proizvod namijenjen njezi ko\u017ee koji kombinira aktivni sastojak panthenol s drugim..","_seopress_robots_index":"","inline_featured_image":false},"product_brand":[],"product_cat":[94],"product_tag":[],"class_list":{"0":"post-1420","1":"product","2":"type-product","3":"status-publish","4":"has-post-thumbnail","6":"product_cat-njega-koze","7":"pa_brands-needly","8":"pa_ingredients-niacinamide-hr","9":"pa_ingredients-panthenol-hr","10":"pa_product-type-serum-hr","11":"pa_skin-concerns-hydration-hr","12":"pa_skin-concerns-pore-care-hr","13":"pa_skin-type-oily-skin-hr","14":"pa_skin-type-normal-skin-hr","15":"pa_skin-type-sensitive-skin-hr","16":"pa_skin-type-dry-skin-hr","17":"pa_skin-type-all-skin-types-hr","18":"pa_skin-type-mature-skin-hr","20":"first","21":"outofstock","22":"taxable","23":"shipping-taxable","24":"purchasable","25":"product-type-simple"},"acf":[],"_links":{"self":[{"href":"https:\/\/divotecosmetics.com\/hr\/wp-json\/wp\/v2\/product\/1420","targetHints":{"allow":["GET"]}}],"collection":[{"href":"https:\/\/divotecosmetics.com\/hr\/wp-json\/wp\/v2\/product"}],"about":[{"href":"https:\/\/divotecosmetics.com\/hr\/wp-json\/wp\/v2\/types\/product"}],"replies":[{"embeddable":true,"href":"https:\/\/divotecosmetics.com\/hr\/wp-json\/wp\/v2\/comments?post=1420"}],"wp:featuredmedia":[{"embeddable":true,"href":"https:\/\/divotecosmetics.com\/hr\/wp-json\/wp\/v2\/media\/3055"}],"wp:attachment":[{"href":"https:\/\/divotecosmetics.com\/hr\/wp-json\/wp\/v2\/media?parent=1420"}],"wp:term":[{"taxonomy":"product_brand","embeddable":true,"href":"https:\/\/divotecosmetics.com\/hr\/wp-json\/wp\/v2\/product_brand?post=1420"},{"taxonomy":"product_cat","embeddable":true,"href":"https:\/\/divotecosmetics.com\/hr\/wp-json\/wp\/v2\/product_cat?post=1420"},{"taxonomy":"product_tag","embeddable":true,"href":"https:\/\/divotecosmetics.com\/hr\/wp-json\/wp\/v2\/product_tag?post=1420"}],"curies":[{"name":"wp","href":"https:\/\/api.w.org\/{rel}","templated":true}]}}