{"id":1419,"date":"2024-05-31T05:44:10","date_gmt":"2024-05-31T05:44:10","guid":{"rendered":"http:\/\/divotecosmetics.com\/shop\/Bez%20kategorije\/panthenol-water-gel-cream-50ml\/"},"modified":"2026-03-16T15:51:48","modified_gmt":"2026-03-16T14:51:48","slug":"needly-gel-krema-s-pantenolom-50-ml","status":"publish","type":"product","link":"https:\/\/divotecosmetics.com\/hr\/shop\/njega-koze\/needly-gel-krema-s-pantenolom-50-ml\/","title":{"rendered":"Needly gel-krema s pantenolom 50 ml"},"content":{"rendered":"<p>Panthenol Water Gel Cream je hidratantna gel-krema koja je formulirana kako bi pru\u017eila intenzivnu <a href=\"https:\/\/divotecosmetics.com\/hr\/product-type\/hidratacija\/\">hidrataciju<\/a> i <a href=\"https:\/\/divotecosmetics.com\/hr\/kategorija-proizvoda\/njega-koze\/\">njegu ko\u017ei<\/a>. Ova lagana formula sadr\u017ei panthenol kao klju\u010dni sastojak, koji je poznat po svojim hidratantnim i umiruju\u0107im svojstvima.<\/p>\n<p>Nanijeti dovoljnu koli\u010dinu kreme na ko\u017eu lica.<\/p>\n","protected":false},"excerpt":{"rendered":"<p><strong data-start=\"420\" data-end=\"439\"><span class=\"BZ_Pyq_fadeIn\">Posebna\u00a0<\/span><span class=\"BZ_Pyq_fadeIn\">ponuda!<\/span><\/strong>\u00a0<span class=\"BZ_Pyq_fadeIn\">Ovaj\u00a0<\/span><span class=\"BZ_Pyq_fadeIn\">proizvod\u00a0<\/span><span class=\"BZ_Pyq_fadeIn\">je\u00a0<\/span><span class=\"BZ_Pyq_fadeIn\">dostupan\u00a0<\/span><span class=\"BZ_Pyq_fadeIn\">po\u00a0<\/span><span class=\"BZ_Pyq_fadeIn\">sni\u017eenoj\u00a0<\/span><span class=\"BZ_Pyq_fadeIn\">cijeni\u00a0<\/span><span class=\"BZ_Pyq_fadeIn\">zbog\u00a0<\/span><span class=\"BZ_Pyq_fadeIn\">kra\u0107eg\u00a0<\/span><span class=\"BZ_Pyq_fadeIn\">roka\u00a0<\/span><span class=\"BZ_Pyq_fadeIn\">trajanja\u00a0<strong>(10.05.2026<\/strong><\/span><span class=\"BZ_Pyq_fadeIn\"><strong>)<\/strong>.\u00a0<\/span><span class=\"BZ_Pyq_fadeIn\">Proizvod\u00a0<\/span><span class=\"BZ_Pyq_fadeIn\">je\u00a0<\/span><span class=\"BZ_Pyq_fadeIn\">potpuno\u00a0<\/span><span class=\"BZ_Pyq_fadeIn\">siguran\u00a0<\/span><span class=\"BZ_Pyq_fadeIn\">za\u00a0<\/span><span class=\"BZ_Pyq_fadeIn\">kori\u0161tenje\u00a0<\/span><span class=\"BZ_Pyq_fadeIn\">do\u00a0<\/span><span class=\"BZ_Pyq_fadeIn\">navedenog\u00a0<\/span><span class=\"BZ_Pyq_fadeIn\">datuma.<\/span><br data-start=\"588\" data-end=\"591\" \/><strong data-start=\"593\" data-end=\"636\"><span class=\"BZ_Pyq_fadeIn\">Ograni\u010dena\u00a0<\/span><span class=\"BZ_Pyq_fadeIn\">koli\u010dina \u2013\u00a0<\/span><span class=\"BZ_Pyq_fadeIn\">po\u017euri\u00a0<\/span><span class=\"BZ_Pyq_fadeIn\">s\u00a0<\/span><span class=\"BZ_Pyq_fadeIn\">kupnjom!<\/span><\/strong><\/p>\n<p>&nbsp;<\/p>\n<p>&nbsp;<\/p>\n<p>Panthenol Water Gel Cream je hidratantna gel-krema koja je formulirana kako bi pru\u017eila intenzivnu hidrataciju i <a href=\"https:\/\/divotecosmetics.com\/hr\/njega-koze-u-tridesetima-korejski-njega-za-blistav-i-mladolik-izgled\/\">njegu ko\u017ei<\/a>.<\/p>\n","protected":false},"featured_media":3066,"comment_status":"open","ping_status":"closed","template":"","meta":{"_acf_changed":false,"_seopress_robots_primary_cat":"none","_seopress_titles_title":"Panthenol Water Gel Cream 50ml - Gel krema - Divote","_seopress_titles_desc":"Panthenol Water Gel Cream je hidratantna gel-krema koja je formulirana kako bi pru\u017eila intenzivnu hidrataciju i njegu ko\u017ei. Gel krema pakiranje 50 ml","_seopress_robots_index":"","inline_featured_image":false},"product_brand":[],"product_cat":[94],"product_tag":[],"class_list":{"0":"post-1419","1":"product","2":"type-product","3":"status-publish","4":"has-post-thumbnail","6":"product_cat-njega-koze","7":"pa_brands-needly","8":"pa_ingredients-centella-asiatica-hr","9":"pa_ingredients-hyaluronic-acid-hr","10":"pa_ingredients-niacinamide-hr","11":"pa_ingredients-panthenol-hr","12":"pa_product-type-hidratacija","13":"pa_skin-concerns-hydration-hr","14":"pa_skin-concerns-pore-care-hr","15":"pa_skin-type-oily-skin-hr","16":"pa_skin-type-normal-skin-hr","17":"pa_skin-type-sensitive-skin-hr","18":"pa_skin-type-dry-skin-hr","19":"pa_skin-type-all-skin-types-hr","20":"pa_skin-type-mature-skin-hr","22":"first","23":"instock","24":"taxable","25":"shipping-taxable","26":"purchasable","27":"product-type-simple"},"acf":[],"_links":{"self":[{"href":"https:\/\/divotecosmetics.com\/hr\/wp-json\/wp\/v2\/product\/1419","targetHints":{"allow":["GET"]}}],"collection":[{"href":"https:\/\/divotecosmetics.com\/hr\/wp-json\/wp\/v2\/product"}],"about":[{"href":"https:\/\/divotecosmetics.com\/hr\/wp-json\/wp\/v2\/types\/product"}],"replies":[{"embeddable":true,"href":"https:\/\/divotecosmetics.com\/hr\/wp-json\/wp\/v2\/comments?post=1419"}],"wp:featuredmedia":[{"embeddable":true,"href":"https:\/\/divotecosmetics.com\/hr\/wp-json\/wp\/v2\/media\/3066"}],"wp:attachment":[{"href":"https:\/\/divotecosmetics.com\/hr\/wp-json\/wp\/v2\/media?parent=1419"}],"wp:term":[{"taxonomy":"product_brand","embeddable":true,"href":"https:\/\/divotecosmetics.com\/hr\/wp-json\/wp\/v2\/product_brand?post=1419"},{"taxonomy":"product_cat","embeddable":true,"href":"https:\/\/divotecosmetics.com\/hr\/wp-json\/wp\/v2\/product_cat?post=1419"},{"taxonomy":"product_tag","embeddable":true,"href":"https:\/\/divotecosmetics.com\/hr\/wp-json\/wp\/v2\/product_tag?post=1419"}],"curies":[{"name":"wp","href":"https:\/\/api.w.org\/{rel}","templated":true}]}}