{"id":1418,"date":"2024-05-31T05:49:45","date_gmt":"2024-05-31T05:49:45","guid":{"rendered":"https:\/\/divotecosmetics.com\/shop\/Bez%20kategorije\/cicachid-chilling-pad\/"},"modified":"2026-03-16T15:51:23","modified_gmt":"2026-03-16T14:51:23","slug":"needly-umirujuci-tonik-jastucici-s-centelom","status":"publish","type":"product","link":"https:\/\/divotecosmetics.com\/hr\/shop\/njega-koze\/needly-umirujuci-tonik-jastucici-s-centelom\/","title":{"rendered":"Needly-Umiruju\u0107i tonik jastu\u010di\u0107i s centelom"},"content":{"rendered":"<p>Piling jastu\u010di\u0107i (Needly Cicachid Chilling Pad) osloba\u0111aju lice od svih ne\u010disto\u0107a i tako\u0111er uklanjaju mrtve stanice ko\u017ee koje mogu za\u010depiti pore, uzrokovati mitesere ili dovesti do be\u017eivotnog i sivkastog tena.<\/p>\n<p>&nbsp;<\/p>\n","protected":false},"excerpt":{"rendered":"<p><strong data-start=\"420\" data-end=\"439\"><span class=\"BZ_Pyq_fadeIn\">Posebna\u00a0<\/span><span class=\"BZ_Pyq_fadeIn\">ponuda!<\/span><\/strong>\u00a0<span class=\"BZ_Pyq_fadeIn\">Ovaj\u00a0<\/span><span class=\"BZ_Pyq_fadeIn\">proizvod\u00a0<\/span><span class=\"BZ_Pyq_fadeIn\">je\u00a0<\/span><span class=\"BZ_Pyq_fadeIn\">dostupan\u00a0<\/span><span class=\"BZ_Pyq_fadeIn\">po\u00a0<\/span><span class=\"BZ_Pyq_fadeIn\">sni\u017eenoj\u00a0<\/span><span class=\"BZ_Pyq_fadeIn\">cijeni\u00a0<\/span><span class=\"BZ_Pyq_fadeIn\">zbog\u00a0<\/span><span class=\"BZ_Pyq_fadeIn\">kra\u0107eg\u00a0<\/span><span class=\"BZ_Pyq_fadeIn\">roka\u00a0<\/span><span class=\"BZ_Pyq_fadeIn\">trajanja\u00a0<strong>(06.06.2026<\/strong><\/span><span class=\"BZ_Pyq_fadeIn\"><strong>)<\/strong>.\u00a0<\/span><span class=\"BZ_Pyq_fadeIn\">Proizvod\u00a0<\/span><span class=\"BZ_Pyq_fadeIn\">je\u00a0<\/span><span class=\"BZ_Pyq_fadeIn\">potpuno\u00a0<\/span><span class=\"BZ_Pyq_fadeIn\">siguran\u00a0<\/span><span class=\"BZ_Pyq_fadeIn\">za\u00a0<\/span><span class=\"BZ_Pyq_fadeIn\">kori\u0161tenje\u00a0<\/span><span class=\"BZ_Pyq_fadeIn\">do\u00a0<\/span><span class=\"BZ_Pyq_fadeIn\">navedenog\u00a0<\/span><span class=\"BZ_Pyq_fadeIn\">datuma.<\/span><br data-start=\"588\" data-end=\"591\" \/><strong data-start=\"593\" data-end=\"636\"><span class=\"BZ_Pyq_fadeIn\">Ograni\u010dena\u00a0<\/span><span class=\"BZ_Pyq_fadeIn\">koli\u010dina \u2013\u00a0<\/span><span class=\"BZ_Pyq_fadeIn\">po\u017euri\u00a0<\/span><span class=\"BZ_Pyq_fadeIn\">s\u00a0<\/span><span class=\"BZ_Pyq_fadeIn\">kupnjom!<\/span><\/strong><\/p>\n<p>&nbsp;<\/p>\n<p>&nbsp;<\/p>\n<p>Piling jastu\u010di\u0107i (<a href=\"https:\/\/divotecosmetics.com\/hr\/brands\/needly\/\">Needly<\/a> Cicachid Chilling Pad) osloba\u0111aju lice od svih ne\u010disto\u0107a i tako\u0111er uklanjaju mrtve stanice ko\u017ee koje mogu za\u010depiti pore, uzrokovati mitesere ili dovesti do be\u017eivotnog i sivkastog tena.<\/p>\n","protected":false},"featured_media":2758,"comment_status":"open","ping_status":"closed","template":"","meta":{"_acf_changed":false,"_seopress_robots_primary_cat":"none","_seopress_titles_title":"Umiruju\u0107i tonik jastu\u010di\u0107i s centelom - Divote Cosmetics","_seopress_titles_desc":"Umiruju\u0107i tonik jastu\u010di\u0107i s centelom osloba\u0111aju lice od svih ne\u010disto\u0107a i tako\u0111er uklanjaju mrtve stanice ko\u017ee koje mogu uzrokovati mitesere ili dovesti..","_seopress_robots_index":"","inline_featured_image":false},"product_brand":[],"product_cat":[94],"product_tag":[],"class_list":{"0":"post-1418","1":"product","2":"type-product","3":"status-publish","4":"has-post-thumbnail","6":"product_cat-njega-koze","7":"pa_brands-needly","8":"pa_ingredients-centella-asiatica-hr","9":"pa_ingredients-hyaluronic-acid-hr","10":"pa_ingredients-panthenol-hr","11":"pa_product-type-toner-hr","12":"pa_skin-concerns-hydration-hr","13":"pa_skin-concerns-pore-care-hr","14":"pa_skin-type-oily-skin-hr","15":"pa_skin-type-normal-skin-hr","16":"pa_skin-type-sensitive-skin-hr","17":"pa_skin-type-dry-skin-hr","18":"pa_skin-type-all-skin-types-hr","19":"pa_skin-type-mature-skin-hr","21":"first","22":"instock","23":"taxable","24":"shipping-taxable","25":"purchasable","26":"product-type-simple"},"acf":[],"_links":{"self":[{"href":"https:\/\/divotecosmetics.com\/hr\/wp-json\/wp\/v2\/product\/1418","targetHints":{"allow":["GET"]}}],"collection":[{"href":"https:\/\/divotecosmetics.com\/hr\/wp-json\/wp\/v2\/product"}],"about":[{"href":"https:\/\/divotecosmetics.com\/hr\/wp-json\/wp\/v2\/types\/product"}],"replies":[{"embeddable":true,"href":"https:\/\/divotecosmetics.com\/hr\/wp-json\/wp\/v2\/comments?post=1418"}],"wp:featuredmedia":[{"embeddable":true,"href":"https:\/\/divotecosmetics.com\/hr\/wp-json\/wp\/v2\/media\/2758"}],"wp:attachment":[{"href":"https:\/\/divotecosmetics.com\/hr\/wp-json\/wp\/v2\/media?parent=1418"}],"wp:term":[{"taxonomy":"product_brand","embeddable":true,"href":"https:\/\/divotecosmetics.com\/hr\/wp-json\/wp\/v2\/product_brand?post=1418"},{"taxonomy":"product_cat","embeddable":true,"href":"https:\/\/divotecosmetics.com\/hr\/wp-json\/wp\/v2\/product_cat?post=1418"},{"taxonomy":"product_tag","embeddable":true,"href":"https:\/\/divotecosmetics.com\/hr\/wp-json\/wp\/v2\/product_tag?post=1418"}],"curies":[{"name":"wp","href":"https:\/\/api.w.org\/{rel}","templated":true}]}}