{"id":1417,"date":"2024-05-31T05:55:43","date_gmt":"2024-05-31T05:55:43","guid":{"rendered":"https:\/\/divotecosmetics.com\/shop\/Bez%20kategorije\/cicachid-soothing-ampoule-30ml\/"},"modified":"2026-03-16T15:50:44","modified_gmt":"2026-03-16T14:50:44","slug":"needly-umirujuca-ampula-s-centelom-30ml","status":"publish","type":"product","link":"https:\/\/divotecosmetics.com\/hr\/shop\/njega-koze\/needly-umirujuca-ampula-s-centelom-30ml\/","title":{"rendered":"Needly Umiruju\u0107a ampula s centelom 30ml"},"content":{"rendered":"<p>Umiruju\u0107a ampula s centelom (Cicachid Soothing Ampoule &#8211; <a href=\"https:\/\/divotecosmetics.com\/hr\/brands\/needly\/\">Needly<\/a>) zahvaljuju\u0107i visokoj koncentraciji aktivnih sastojaka, u\u010dinak na ko\u017eu \u0107e biti znatno poja\u010dan i br\u017ei u usporedbi s uobi\u010dajenom kremom za lice. Tako\u0111er, teku\u0107a tekstura olak\u0161ava primjenu i brzo se upija, \u0161to \u010dini njegu ko\u017ee jednostavnijom.<\/p>\n<p>Nakon upotrebe tonika nanijeti dovoljnu koli\u010dinu seruma na lice.<\/p>\n<p>&nbsp;<\/p>\n","protected":false},"excerpt":{"rendered":"<p><strong data-start=\"420\" data-end=\"439\"><span class=\"BZ_Pyq_fadeIn\">Posebna\u00a0<\/span><span class=\"BZ_Pyq_fadeIn\">ponuda!<\/span><\/strong>\u00a0<span class=\"BZ_Pyq_fadeIn\">Ovaj\u00a0<\/span><span class=\"BZ_Pyq_fadeIn\">proizvod\u00a0<\/span><span class=\"BZ_Pyq_fadeIn\">je\u00a0<\/span><span class=\"BZ_Pyq_fadeIn\">dostupan\u00a0<\/span><span class=\"BZ_Pyq_fadeIn\">po\u00a0<\/span><span class=\"BZ_Pyq_fadeIn\">sni\u017eenoj\u00a0<\/span><span class=\"BZ_Pyq_fadeIn\">cijeni\u00a0<\/span><span class=\"BZ_Pyq_fadeIn\">zbog\u00a0<\/span><span class=\"BZ_Pyq_fadeIn\">kra\u0107eg\u00a0<\/span><span class=\"BZ_Pyq_fadeIn\">roka\u00a0<\/span><span class=\"BZ_Pyq_fadeIn\">trajanja\u00a0<strong>(12.07.2026<\/strong><\/span><span class=\"BZ_Pyq_fadeIn\"><strong>)<\/strong>.\u00a0<\/span><span class=\"BZ_Pyq_fadeIn\">Proizvod\u00a0<\/span><span class=\"BZ_Pyq_fadeIn\">je\u00a0<\/span><span class=\"BZ_Pyq_fadeIn\">potpuno\u00a0<\/span><span class=\"BZ_Pyq_fadeIn\">siguran\u00a0<\/span><span class=\"BZ_Pyq_fadeIn\">za\u00a0<\/span><span class=\"BZ_Pyq_fadeIn\">kori\u0161tenje\u00a0<\/span><span class=\"BZ_Pyq_fadeIn\">do\u00a0<\/span><span class=\"BZ_Pyq_fadeIn\">navedenog\u00a0<\/span><span class=\"BZ_Pyq_fadeIn\">datuma.<\/span><br data-start=\"588\" data-end=\"591\" \/><strong data-start=\"593\" data-end=\"636\"><span class=\"BZ_Pyq_fadeIn\">Ograni\u010dena\u00a0<\/span><span class=\"BZ_Pyq_fadeIn\">koli\u010dina \u2013\u00a0<\/span><span class=\"BZ_Pyq_fadeIn\">po\u017euri\u00a0<\/span><span class=\"BZ_Pyq_fadeIn\">s\u00a0<\/span><span class=\"BZ_Pyq_fadeIn\">kupnjom!<\/span><\/strong><\/p>\n<p>&nbsp;<\/p>\n<p>&nbsp;<\/p>\n<p>Zahvaljuju\u0107i visokoj koncentraciji aktivnih sastojaka, u\u010dinak na ko\u017eu \u0107e biti znatno poja\u010dan i br\u017ei u usporedbi s uobi\u010dajenom <a href=\"https:\/\/divotecosmetics.com\/hr\/kategorija-proizvoda\/njega-tijela\/\">kremom<\/a> za lice. Tako\u0111er, teku\u0107a tekstura olak\u0161ava primjenu i brzo se upija, \u0161to \u010dini <a href=\"https:\/\/divotecosmetics.com\/hr\/kategorija-proizvoda\/njega-koze\/\">njegu ko\u017ee<\/a> jednostavnijom.<\/p>\n","protected":false},"featured_media":2738,"comment_status":"open","ping_status":"closed","template":"","meta":{"_acf_changed":false,"_seopress_robots_primary_cat":"none","_seopress_titles_title":"Umiruju\u0107a ampula s centelom 30ml - Divote Cosmetics","_seopress_titles_desc":"Umiruju\u0107a ampula s centelom zahvaljuju\u0107i visokoj koncentraciji aktivnih sastojaka, u\u010dinak \u0107e biti br\u017ei u usporedbi s uobi\u010dajenom kremom za lice.","_seopress_robots_index":"","inline_featured_image":false},"product_brand":[],"product_cat":[94],"product_tag":[],"class_list":{"0":"post-1417","1":"product","2":"type-product","3":"status-publish","4":"has-post-thumbnail","6":"product_cat-njega-koze","7":"pa_brands-needly","8":"pa_ingredients-centella-asiatica-hr","9":"pa_ingredients-hyaluronic-acid-hr","10":"pa_product-type-serum-hr","11":"pa_skin-concerns-hydration-hr","12":"pa_skin-type-oily-skin-hr","13":"pa_skin-type-normal-skin-hr","14":"pa_skin-type-sensitive-skin-hr","15":"pa_skin-type-dry-skin-hr","16":"pa_skin-type-all-skin-types-hr","17":"pa_skin-type-mature-skin-hr","19":"first","20":"instock","21":"taxable","22":"shipping-taxable","23":"purchasable","24":"product-type-simple"},"acf":[],"_links":{"self":[{"href":"https:\/\/divotecosmetics.com\/hr\/wp-json\/wp\/v2\/product\/1417","targetHints":{"allow":["GET"]}}],"collection":[{"href":"https:\/\/divotecosmetics.com\/hr\/wp-json\/wp\/v2\/product"}],"about":[{"href":"https:\/\/divotecosmetics.com\/hr\/wp-json\/wp\/v2\/types\/product"}],"replies":[{"embeddable":true,"href":"https:\/\/divotecosmetics.com\/hr\/wp-json\/wp\/v2\/comments?post=1417"}],"wp:featuredmedia":[{"embeddable":true,"href":"https:\/\/divotecosmetics.com\/hr\/wp-json\/wp\/v2\/media\/2738"}],"wp:attachment":[{"href":"https:\/\/divotecosmetics.com\/hr\/wp-json\/wp\/v2\/media?parent=1417"}],"wp:term":[{"taxonomy":"product_brand","embeddable":true,"href":"https:\/\/divotecosmetics.com\/hr\/wp-json\/wp\/v2\/product_brand?post=1417"},{"taxonomy":"product_cat","embeddable":true,"href":"https:\/\/divotecosmetics.com\/hr\/wp-json\/wp\/v2\/product_cat?post=1417"},{"taxonomy":"product_tag","embeddable":true,"href":"https:\/\/divotecosmetics.com\/hr\/wp-json\/wp\/v2\/product_tag?post=1417"}],"curies":[{"name":"wp","href":"https:\/\/api.w.org\/{rel}","templated":true}]}}