{"id":1416,"date":"2024-05-31T06:14:39","date_gmt":"2024-05-31T06:14:39","guid":{"rendered":"http:\/\/divotecosmetics.com\/shop\/Bez%20kategorije\/cicachid-relif-cream-48ml\/"},"modified":"2026-02-15T19:36:54","modified_gmt":"2026-02-15T18:36:54","slug":"needly-umirujuca-krema-s-centelom-48ml","status":"publish","type":"product","link":"https:\/\/divotecosmetics.com\/hr\/shop\/njega-koze\/needly-umirujuca-krema-s-centelom-48ml\/","title":{"rendered":"Needly Umiruju\u0107a krema s centelom 48 ML"},"content":{"rendered":"<p>Umiruju\u0107a krema s centelom (Needly &#8211; Cicahid Relief Cream) je krema formulirana za pru\u017eanje dubinske hidratacije i umirivanje ko\u017ee.<\/p>\n<p>Nanijeti nakon upotrebe seruma, ujutro i uve\u010der.<\/p>\n","protected":false},"excerpt":{"rendered":"<p>Umiruju\u0107a krema s centelom ( <a href=\"https:\/\/divotecosmetics.com\/hr\/brands\/needly\/\">Needly<\/a> &#8211; Cicahid Relief Cream) je krema formulirana za pru\u017eanje dubinske hidratacije i umirivanje <a href=\"https:\/\/divotecosmetics.com\/hr\/kako-postici-blistavu-zdravu-kozu-ultimativni-vodic-by-divote-cosmetics\/\">ko\u017ee<\/a>.<\/p>\n","protected":false},"featured_media":2718,"comment_status":"open","ping_status":"closed","template":"","meta":{"_acf_changed":false,"_seopress_robots_primary_cat":"none","_seopress_titles_title":"Umiruju\u0107a krema s centelom 48ml - Needly - Divote","_seopress_titles_desc":"Umiruju\u0107a krema s centelom brenda Needly je krema formulirana za pru\u017eanje dubinske hidratacije i umirivanje ko\u017ee.","_seopress_robots_index":"","inline_featured_image":false},"product_brand":[],"product_cat":[94],"product_tag":[],"class_list":{"0":"post-1416","1":"product","2":"type-product","3":"status-publish","4":"has-post-thumbnail","6":"product_cat-njega-koze","7":"pa_brands-needly","8":"pa_ingredients-beta-glucan-hr","9":"pa_ingredients-centella-asiatica-hr","10":"pa_ingredients-hyaluronic-acid-hr","11":"pa_product-type-hidratacija","12":"pa_skin-concerns-hydration-hr","13":"pa_skin-type-oily-skin-hr","14":"pa_skin-type-normal-skin-hr","15":"pa_skin-type-sensitive-skin-hr","16":"pa_skin-type-dry-skin-hr","17":"pa_skin-type-all-skin-types-hr","18":"pa_skin-type-mature-skin-hr","20":"first","21":"outofstock","22":"taxable","23":"shipping-taxable","24":"purchasable","25":"product-type-simple"},"acf":[],"_links":{"self":[{"href":"https:\/\/divotecosmetics.com\/hr\/wp-json\/wp\/v2\/product\/1416","targetHints":{"allow":["GET"]}}],"collection":[{"href":"https:\/\/divotecosmetics.com\/hr\/wp-json\/wp\/v2\/product"}],"about":[{"href":"https:\/\/divotecosmetics.com\/hr\/wp-json\/wp\/v2\/types\/product"}],"replies":[{"embeddable":true,"href":"https:\/\/divotecosmetics.com\/hr\/wp-json\/wp\/v2\/comments?post=1416"}],"wp:featuredmedia":[{"embeddable":true,"href":"https:\/\/divotecosmetics.com\/hr\/wp-json\/wp\/v2\/media\/2718"}],"wp:attachment":[{"href":"https:\/\/divotecosmetics.com\/hr\/wp-json\/wp\/v2\/media?parent=1416"}],"wp:term":[{"taxonomy":"product_brand","embeddable":true,"href":"https:\/\/divotecosmetics.com\/hr\/wp-json\/wp\/v2\/product_brand?post=1416"},{"taxonomy":"product_cat","embeddable":true,"href":"https:\/\/divotecosmetics.com\/hr\/wp-json\/wp\/v2\/product_cat?post=1416"},{"taxonomy":"product_tag","embeddable":true,"href":"https:\/\/divotecosmetics.com\/hr\/wp-json\/wp\/v2\/product_tag?post=1416"}],"curies":[{"name":"wp","href":"https:\/\/api.w.org\/{rel}","templated":true}]}}