{"id":1415,"date":"2024-05-31T06:20:09","date_gmt":"2024-05-31T06:20:09","guid":{"rendered":"http:\/\/divotecosmetics.com\/shop\/Bez%20kategorije\/cicachid-relaxing-mist-100ml\/"},"modified":"2026-03-16T15:50:19","modified_gmt":"2026-03-16T14:50:19","slug":"needly-osvjezavajuci-umirujuci-mist-za-lice-100ml","status":"publish","type":"product","link":"https:\/\/divotecosmetics.com\/hr\/shop\/njega-koze\/needly-osvjezavajuci-umirujuci-mist-za-lice-100ml\/","title":{"rendered":"NEEDLY Osvje\u017eavaju\u0107i umiruju\u0107i mist za lice 100ml"},"content":{"rendered":"<p>Osvje\u017eavaju\u0107i umiruju\u0107i mist za lice (Needly &#8211; Cicahid Relaxing Mist) je proizvod za njegu ko\u017ee u obliku spreja koji je formuliran kako bi pru\u017eio osvje\u017eenje i umiruju\u0107i u\u010dinak ko\u017ei.<\/p>\n<p>Zatvoriti o\u010di i ravnomjerno nanijeti tonik na lice, dr\u017ee\u0107i bocu na udaljenosti 20 cm od lica.<\/p>\n","protected":false},"excerpt":{"rendered":"<p><strong data-start=\"420\" data-end=\"439\"><span class=\"BZ_Pyq_fadeIn\">Posebna\u00a0<\/span><span class=\"BZ_Pyq_fadeIn\">ponuda!<\/span><\/strong>\u00a0<span class=\"BZ_Pyq_fadeIn\">Ovaj\u00a0<\/span><span class=\"BZ_Pyq_fadeIn\">proizvod\u00a0<\/span><span class=\"BZ_Pyq_fadeIn\">je\u00a0<\/span><span class=\"BZ_Pyq_fadeIn\">dostupan\u00a0<\/span><span class=\"BZ_Pyq_fadeIn\">po\u00a0<\/span><span class=\"BZ_Pyq_fadeIn\">sni\u017eenoj\u00a0<\/span><span class=\"BZ_Pyq_fadeIn\">cijeni\u00a0<\/span><span class=\"BZ_Pyq_fadeIn\">zbog\u00a0<\/span><span class=\"BZ_Pyq_fadeIn\">kra\u0107eg\u00a0<\/span><span class=\"BZ_Pyq_fadeIn\">roka\u00a0<\/span><span class=\"BZ_Pyq_fadeIn\">trajanja\u00a0<strong>(22.05.2026<\/strong><\/span><span class=\"BZ_Pyq_fadeIn\"><strong>)<\/strong>.\u00a0<\/span><span class=\"BZ_Pyq_fadeIn\">Proizvod\u00a0<\/span><span class=\"BZ_Pyq_fadeIn\">je\u00a0<\/span><span class=\"BZ_Pyq_fadeIn\">potpuno\u00a0<\/span><span class=\"BZ_Pyq_fadeIn\">siguran\u00a0<\/span><span class=\"BZ_Pyq_fadeIn\">za\u00a0<\/span><span class=\"BZ_Pyq_fadeIn\">kori\u0161tenje\u00a0<\/span><span class=\"BZ_Pyq_fadeIn\">do\u00a0<\/span><span class=\"BZ_Pyq_fadeIn\">navedenog\u00a0<\/span><span class=\"BZ_Pyq_fadeIn\">datuma.<\/span><br data-start=\"588\" data-end=\"591\" \/><strong data-start=\"593\" data-end=\"636\"><span class=\"BZ_Pyq_fadeIn\">Ograni\u010dena\u00a0<\/span><span class=\"BZ_Pyq_fadeIn\">koli\u010dina \u2013\u00a0<\/span><span class=\"BZ_Pyq_fadeIn\">po\u017euri\u00a0<\/span><span class=\"BZ_Pyq_fadeIn\">s\u00a0<\/span><span class=\"BZ_Pyq_fadeIn\">kupnjom!<\/span><\/strong><\/p>\n<p>&nbsp;<\/p>\n<p>&nbsp;<\/p>\n<p>Osvje\u017eavaju\u0107i umiruju\u0107i mist za lice\u00a0(<a href=\"https:\/\/divotecosmetics.com\/hr\/brands\/needly\/\">Needly<\/a> &#8211; Cicahid Relaxing Mist) je proizvod za <a href=\"https:\/\/divotecosmetics.com\/hr\/kada-pricamo-o-njezi-koze-birajte-optimalno-a-ne-viralno\/\">njegu ko\u017ee<\/a> u obliku spreja koji je formuliran kako bi pru\u017eio osvje\u017eenje i umiruju\u0107i <a href=\"https:\/\/divotecosmetics.com\/hr\/osjetljiva-koza-i-korejska-kozmetika-sigurni-sastojci-za-najbolju-njegu\/\">u\u010dinak ko\u017ei<\/a>.<\/p>\n","protected":false},"featured_media":2706,"comment_status":"open","ping_status":"closed","template":"","meta":{"_acf_changed":false,"_seopress_robots_primary_cat":"none","_seopress_titles_title":"Osvje\u017eavaju\u0107i umiruju\u0107i mist za lice - Needly - Divote","_seopress_titles_desc":"Osvje\u017eavaju\u0107i umiruju\u0107i mist za lice je proizvod za njegu ko\u017ee u obliku spreja koji je formuliran kako bi pru\u017eio osvje\u017eenje i umiruju\u0107i u\u010dinak ko\u017ei.","_seopress_robots_index":"","inline_featured_image":false},"product_brand":[],"product_cat":[94],"product_tag":[],"class_list":{"0":"post-1415","1":"product","2":"type-product","3":"status-publish","4":"has-post-thumbnail","6":"product_cat-njega-koze","7":"pa_brands-needly","8":"pa_ingredients-centella-asiatica-hr","9":"pa_ingredients-panthenol-hr","10":"pa_product-type-toner-hr","11":"pa_skin-concerns-hydration-hr","12":"pa_skin-type-oily-skin-hr","13":"pa_skin-type-normal-skin-hr","14":"pa_skin-type-sensitive-skin-hr","15":"pa_skin-type-dry-skin-hr","16":"pa_skin-type-all-skin-types-hr","17":"pa_skin-type-mature-skin-hr","19":"first","20":"instock","21":"taxable","22":"shipping-taxable","23":"purchasable","24":"product-type-simple"},"acf":[],"_links":{"self":[{"href":"https:\/\/divotecosmetics.com\/hr\/wp-json\/wp\/v2\/product\/1415","targetHints":{"allow":["GET"]}}],"collection":[{"href":"https:\/\/divotecosmetics.com\/hr\/wp-json\/wp\/v2\/product"}],"about":[{"href":"https:\/\/divotecosmetics.com\/hr\/wp-json\/wp\/v2\/types\/product"}],"replies":[{"embeddable":true,"href":"https:\/\/divotecosmetics.com\/hr\/wp-json\/wp\/v2\/comments?post=1415"}],"wp:featuredmedia":[{"embeddable":true,"href":"https:\/\/divotecosmetics.com\/hr\/wp-json\/wp\/v2\/media\/2706"}],"wp:attachment":[{"href":"https:\/\/divotecosmetics.com\/hr\/wp-json\/wp\/v2\/media?parent=1415"}],"wp:term":[{"taxonomy":"product_brand","embeddable":true,"href":"https:\/\/divotecosmetics.com\/hr\/wp-json\/wp\/v2\/product_brand?post=1415"},{"taxonomy":"product_cat","embeddable":true,"href":"https:\/\/divotecosmetics.com\/hr\/wp-json\/wp\/v2\/product_cat?post=1415"},{"taxonomy":"product_tag","embeddable":true,"href":"https:\/\/divotecosmetics.com\/hr\/wp-json\/wp\/v2\/product_tag?post=1415"}],"curies":[{"name":"wp","href":"https:\/\/api.w.org\/{rel}","templated":true}]}}