{"id":1413,"date":"2024-05-31T06:32:55","date_gmt":"2024-05-31T06:32:55","guid":{"rendered":"http:\/\/divotecosmetics.com\/shop\/Bez%20kategorije\/peony-jelly-mask\/"},"modified":"2025-12-13T10:34:48","modified_gmt":"2025-12-13T09:34:48","slug":"peony-jelly-mask","status":"publish","type":"product","link":"https:\/\/divotecosmetics.com\/hr\/shop\/njega-koze\/peony-jelly-mask\/","title":{"rendered":"Peony Jelly Mask"},"content":{"rendered":"<p>Needly Peony Jelly Mask je maska za lice koja sadr\u017ei ekstrakt peonija, namijenjena <a href=\"https:\/\/divotecosmetics.com\/hr\/product-type\/hidratacija\/\">hidrataciji<\/a>, osvje\u017eavanju i pobolj\u0161anju izgleda ko\u017ee.<\/p>\n<p>Na o\u010di\u0161\u0107eno lice nanijeti <a href=\"https:\/\/divotecosmetics.com\/hr\/shop\/njega-koze\/njezni-uljni-cistac-240ml\/\">tonik<\/a>, zatim pa\u017eljivo postaviti masku za lice paze\u0107i na otvore za o\u010di i usta. Ostaviti 10-20 minuta, zatim ukloniti masku. Ostatak seruma tapkati u ko\u017eu lica.<\/p>\n","protected":false},"excerpt":{"rendered":"<p><a href=\"https:\/\/divotecosmetics.com\/hr\/brands\/needly\/\">Needly<\/a> Peony Jelly Mask je maska za lice koja sadr\u017ei ekstrakt peonija, namijenjena hidrataciji, osvje\u017eavanju i pobolj\u0161anju izgleda ko\u017ee.<\/p>\n","protected":false},"featured_media":2690,"comment_status":"open","ping_status":"closed","template":"","meta":{"_acf_changed":false,"_seopress_robots_primary_cat":"none","_seopress_titles_title":"Peony Jelly Mask - Maska za lice - Divote Cosmetics","_seopress_titles_desc":"Peony Jelly Mask brenda Needly je maska za lice koja sadr\u017ei ekstrakt peonija, namijenjena hidrataciji, osvje\u017eavanju i pobolj\u0161anju izgleda ko\u017ee.","_seopress_robots_index":"","inline_featured_image":false},"product_brand":[],"product_cat":[94],"product_tag":[],"class_list":{"0":"post-1413","1":"product","2":"type-product","3":"status-publish","4":"has-post-thumbnail","6":"product_cat-njega-koze","7":"pa_brands-needly","8":"pa_ingredients-niacinamide-hr","9":"pa_ingredients-panthenol-hr","10":"pa_product-type-maska","11":"pa_skin-concerns-hydration-hr","12":"pa_skin-concerns-pore-care-hr","13":"pa_skin-type-oily-skin-hr","14":"pa_skin-type-normal-skin-hr","15":"pa_skin-type-sensitive-skin-hr","16":"pa_skin-type-dry-skin-hr","17":"pa_skin-type-all-skin-types-hr","18":"pa_skin-type-mature-skin-hr","20":"first","21":"outofstock","22":"taxable","23":"shipping-taxable","24":"purchasable","25":"product-type-simple"},"acf":[],"_links":{"self":[{"href":"https:\/\/divotecosmetics.com\/hr\/wp-json\/wp\/v2\/product\/1413","targetHints":{"allow":["GET"]}}],"collection":[{"href":"https:\/\/divotecosmetics.com\/hr\/wp-json\/wp\/v2\/product"}],"about":[{"href":"https:\/\/divotecosmetics.com\/hr\/wp-json\/wp\/v2\/types\/product"}],"replies":[{"embeddable":true,"href":"https:\/\/divotecosmetics.com\/hr\/wp-json\/wp\/v2\/comments?post=1413"}],"wp:featuredmedia":[{"embeddable":true,"href":"https:\/\/divotecosmetics.com\/hr\/wp-json\/wp\/v2\/media\/2690"}],"wp:attachment":[{"href":"https:\/\/divotecosmetics.com\/hr\/wp-json\/wp\/v2\/media?parent=1413"}],"wp:term":[{"taxonomy":"product_brand","embeddable":true,"href":"https:\/\/divotecosmetics.com\/hr\/wp-json\/wp\/v2\/product_brand?post=1413"},{"taxonomy":"product_cat","embeddable":true,"href":"https:\/\/divotecosmetics.com\/hr\/wp-json\/wp\/v2\/product_cat?post=1413"},{"taxonomy":"product_tag","embeddable":true,"href":"https:\/\/divotecosmetics.com\/hr\/wp-json\/wp\/v2\/product_tag?post=1413"}],"curies":[{"name":"wp","href":"https:\/\/api.w.org\/{rel}","templated":true}]}}