{"id":1412,"date":"2024-05-31T06:37:50","date_gmt":"2024-05-31T06:37:50","guid":{"rendered":"http:\/\/divotecosmetics.com\/shop\/Bez%20kategorije\/microneedling-eye-patch\/"},"modified":"2025-12-13T10:37:02","modified_gmt":"2025-12-13T09:37:02","slug":"microneedling-eye-patch","status":"publish","type":"product","link":"https:\/\/divotecosmetics.com\/hr\/shop\/njega-koze\/microneedling-eye-patch\/","title":{"rendered":"Microneedling Eye Patch"},"content":{"rendered":"<p>Microneedling Eye Patch su flasteri za podru\u010dje oko o\u010diju formulirani kako bi pru\u017eili ciljanu njegu i pobolj\u0161ali izgled ko\u017ee u tom podru\u010dju.<\/p>\n<p>&nbsp;<\/p>\n<p>1. O\u010distiti lice. Odvojiti jastu\u010di\u0107 od podloge, zatim odvojiti od za\u0161titnih naljepnica bijele boje, bez dodirivanja mikrostruktura jastu\u010di\u0107a; 2. Jastu\u010di\u0107 okomito polo\u017eiti na \u017eeljeno podru\u010dje i aktivirati ga laganim pritiskom; 3. Ostaviti barem 4 sata ili preko no\u0107i. Nje\u017eno ukloniti jastu\u010di\u0107e.<\/p>\n","protected":false},"excerpt":{"rendered":"<p>Microneedling Eye Patch su flasteri za podru\u010dje oko o\u010diju formulirani kako bi pru\u017eili ciljanu njegu i pobolj\u0161ali izgled ko\u017ee u tom podru\u010dju.<\/p>\n","protected":false},"featured_media":2670,"comment_status":"open","ping_status":"closed","template":"","meta":{"_acf_changed":false,"_seopress_robots_primary_cat":"none","_seopress_titles_title":"Microneedling Eye Patch - Flasteri s mikro-iglicama - Divote","_seopress_titles_desc":"Microneedling Eye Patch su flasteri za podru\u010dje oko o\u010diju formulirani kako bi pru\u017eili ciljanu njegu i pobolj\u0161ali izgled ko\u017ee u tom podru\u010dju.","_seopress_robots_index":"","inline_featured_image":false},"product_brand":[],"product_cat":[94],"product_tag":[],"class_list":{"0":"post-1412","1":"product","2":"type-product","3":"status-publish","4":"has-post-thumbnail","6":"product_cat-njega-koze","7":"pa_brands-needly","8":"pa_ingredients-hyaluronic-acid-hr","9":"pa_ingredients-peptides-hr","10":"pa_product-type-njega-ociju","11":"pa_skin-concerns-hydration-hr","12":"pa_skin-concerns-pore-care-hr","13":"pa_skin-type-oily-skin-hr","14":"pa_skin-type-normal-skin-hr","15":"pa_skin-type-sensitive-skin-hr","16":"pa_skin-type-dry-skin-hr","17":"pa_skin-type-all-skin-types-hr","18":"pa_skin-type-mature-skin-hr","20":"first","21":"outofstock","22":"taxable","23":"shipping-taxable","24":"purchasable","25":"product-type-simple"},"acf":[],"_links":{"self":[{"href":"https:\/\/divotecosmetics.com\/hr\/wp-json\/wp\/v2\/product\/1412","targetHints":{"allow":["GET"]}}],"collection":[{"href":"https:\/\/divotecosmetics.com\/hr\/wp-json\/wp\/v2\/product"}],"about":[{"href":"https:\/\/divotecosmetics.com\/hr\/wp-json\/wp\/v2\/types\/product"}],"replies":[{"embeddable":true,"href":"https:\/\/divotecosmetics.com\/hr\/wp-json\/wp\/v2\/comments?post=1412"}],"wp:featuredmedia":[{"embeddable":true,"href":"https:\/\/divotecosmetics.com\/hr\/wp-json\/wp\/v2\/media\/2670"}],"wp:attachment":[{"href":"https:\/\/divotecosmetics.com\/hr\/wp-json\/wp\/v2\/media?parent=1412"}],"wp:term":[{"taxonomy":"product_brand","embeddable":true,"href":"https:\/\/divotecosmetics.com\/hr\/wp-json\/wp\/v2\/product_brand?post=1412"},{"taxonomy":"product_cat","embeddable":true,"href":"https:\/\/divotecosmetics.com\/hr\/wp-json\/wp\/v2\/product_cat?post=1412"},{"taxonomy":"product_tag","embeddable":true,"href":"https:\/\/divotecosmetics.com\/hr\/wp-json\/wp\/v2\/product_tag?post=1412"}],"curies":[{"name":"wp","href":"https:\/\/api.w.org\/{rel}","templated":true}]}}