{"id":1411,"date":"2024-05-31T07:19:30","date_gmt":"2024-05-31T07:19:30","guid":{"rendered":"http:\/\/divotecosmetics.com\/shop\/Bez%20kategorije\/sensory-hand-cream-rainy-garden-30ml\/"},"modified":"2025-12-19T12:34:30","modified_gmt":"2025-12-19T11:34:30","slug":"sensory-hand-cream-rainy-garden-30ml","status":"publish","type":"product","link":"https:\/\/divotecosmetics.com\/hr\/shop\/njega-tijela\/sensory-hand-cream-rainy-garden-30ml\/","title":{"rendered":"Sensory Hand Cream Rainy Garden 30ml"},"content":{"rendered":"<p>Sensory Hand Cream Rainy Garden je luksuzna krema za ruke koja pru\u017ea dubinsku <a href=\"https:\/\/divotecosmetics.com\/hr\/product-type\/hidratacija\/\">hidrataciju<\/a> i osje\u0107aj ugode.<\/p>\n<p>&nbsp;<\/p>\n<p>Nanijeti dovoljnu koli\u010dinu kreme na ko\u017eu ruku i nje\u017eno umasirati.<\/p>\n","protected":false},"excerpt":{"rendered":"<p>Sensory Hand Cream Rainy Garden je luksuzna krema za ruke koja pru\u017ea dubinsku hidrataciju i osje\u0107aj ugode.<\/p>\n","protected":false},"featured_media":2656,"comment_status":"open","ping_status":"closed","template":"","meta":{"_acf_changed":false,"_seopress_robots_primary_cat":"none","_seopress_titles_title":"Sensory Hand Cream Rainy Garden 30ml - Krema - Divote","_seopress_titles_desc":"Sensory Hand Cream Rainy Garden je luksuzna krema za ruke koja pru\u017ea dubinsku hidrataciju i osje\u0107aj ugode.","_seopress_robots_index":"","inline_featured_image":false},"product_brand":[],"product_cat":[89],"product_tag":[],"class_list":{"0":"post-1411","1":"product","2":"type-product","3":"status-publish","4":"has-post-thumbnail","6":"product_cat-njega-tijela","7":"pa_brands-needly","8":"pa_ingredients-beta-glucan-hr","9":"pa_product-type-krema-za-ruke","10":"pa_skin-concerns-hydration-hr","11":"pa_skin-concerns-pore-care-hr","12":"pa_skin-type-oily-skin-hr","13":"pa_skin-type-normal-skin-hr","14":"pa_skin-type-sensitive-skin-hr","15":"pa_skin-type-dry-skin-hr","16":"pa_skin-type-all-skin-types-hr","17":"pa_skin-type-mature-skin-hr","19":"first","20":"outofstock","21":"taxable","22":"shipping-taxable","23":"purchasable","24":"product-type-simple"},"acf":[],"_links":{"self":[{"href":"https:\/\/divotecosmetics.com\/hr\/wp-json\/wp\/v2\/product\/1411","targetHints":{"allow":["GET"]}}],"collection":[{"href":"https:\/\/divotecosmetics.com\/hr\/wp-json\/wp\/v2\/product"}],"about":[{"href":"https:\/\/divotecosmetics.com\/hr\/wp-json\/wp\/v2\/types\/product"}],"replies":[{"embeddable":true,"href":"https:\/\/divotecosmetics.com\/hr\/wp-json\/wp\/v2\/comments?post=1411"}],"wp:featuredmedia":[{"embeddable":true,"href":"https:\/\/divotecosmetics.com\/hr\/wp-json\/wp\/v2\/media\/2656"}],"wp:attachment":[{"href":"https:\/\/divotecosmetics.com\/hr\/wp-json\/wp\/v2\/media?parent=1411"}],"wp:term":[{"taxonomy":"product_brand","embeddable":true,"href":"https:\/\/divotecosmetics.com\/hr\/wp-json\/wp\/v2\/product_brand?post=1411"},{"taxonomy":"product_cat","embeddable":true,"href":"https:\/\/divotecosmetics.com\/hr\/wp-json\/wp\/v2\/product_cat?post=1411"},{"taxonomy":"product_tag","embeddable":true,"href":"https:\/\/divotecosmetics.com\/hr\/wp-json\/wp\/v2\/product_tag?post=1411"}],"curies":[{"name":"wp","href":"https:\/\/api.w.org\/{rel}","templated":true}]}}