{"id":1410,"date":"2024-05-31T07:25:51","date_gmt":"2024-05-31T07:25:51","guid":{"rendered":"http:\/\/divotecosmetics.com\/shop\/Bez%20kategorije\/mild-multi-cotton-pad\/"},"modified":"2026-02-06T11:00:32","modified_gmt":"2026-02-06T10:00:32","slug":"needly-blagi-visenamjenski-pamucni-jastucici","status":"publish","type":"product","link":"https:\/\/divotecosmetics.com\/hr\/shop\/njega-koze\/needly-blagi-visenamjenski-pamucni-jastucici\/","title":{"rendered":"Needly blagi vi\u0161enamjenski pamu\u010dni jastu\u010di\u0107i"},"content":{"rendered":"<p>Ove prakti\u010dne blazinice kombiniraju toniranje i piling kako bi va\u0161a ko\u017ea izgledala sjajno i zdravo svakog dana. Formulirane s pa\u017eljivo odabranim sastojcima, ove blazinice pru\u017eaju nje\u017ean, ali u\u010dinkovit piling, uklanjaju\u0107i mrtve stanice ko\u017ee i poti\u010du\u0107i obnovu ko\u017ee.<\/p>\n<p>&nbsp;<\/p>\n<p>Osvje\u017eite svoju ko\u017eu s <a href=\"https:\/\/divotecosmetics.com\/hr\/brands\/needly\/\">Needly<\/a> Daily Toner Pad blazinicama i postignite sjajnu, zdravu ko\u017eu svakog dana.<\/p>\n","protected":false},"excerpt":{"rendered":"<p>Ove prakti\u010dne blazinice kombiniraju toniranje i piling kako bi va\u0161a ko\u017ea izgledala <a href=\"https:\/\/divotecosmetics.com\/hr\/njega-koze-u-tridesetima-korejski-njega-za-blistav-i-mladolik-izgled\/\">sjajno<\/a> i zdravo svakog dana.<\/p>\n","protected":false},"featured_media":2641,"comment_status":"open","ping_status":"closed","template":"","meta":{"_acf_changed":false,"_seopress_robots_primary_cat":"none","_seopress_titles_title":"Mild multi cotton pad - Needly - Blazinice - Divote","_seopress_titles_desc":"Mild multi cotton pad brenda Needly su prakti\u010dne blazinice koje kombiniraju toniranje i piling kako bi va\u0161a ko\u017ea izgledala sjajno i zdravo svakog dana.","_seopress_robots_index":"","inline_featured_image":false},"product_brand":[],"product_cat":[94],"product_tag":[],"class_list":{"0":"post-1410","1":"product","2":"type-product","3":"status-publish","4":"has-post-thumbnail","6":"product_cat-njega-koze","7":"pa_brands-needly","8":"pa_product-type-dodaci","9":"pa_skin-type-oily-skin-hr","10":"pa_skin-type-normal-skin-hr","11":"pa_skin-type-sensitive-skin-hr","12":"pa_skin-type-dry-skin-hr","13":"pa_skin-type-all-skin-types-hr","14":"pa_skin-type-mature-skin-hr","16":"first","17":"instock","18":"taxable","19":"shipping-taxable","20":"purchasable","21":"product-type-simple"},"acf":[],"_links":{"self":[{"href":"https:\/\/divotecosmetics.com\/hr\/wp-json\/wp\/v2\/product\/1410","targetHints":{"allow":["GET"]}}],"collection":[{"href":"https:\/\/divotecosmetics.com\/hr\/wp-json\/wp\/v2\/product"}],"about":[{"href":"https:\/\/divotecosmetics.com\/hr\/wp-json\/wp\/v2\/types\/product"}],"replies":[{"embeddable":true,"href":"https:\/\/divotecosmetics.com\/hr\/wp-json\/wp\/v2\/comments?post=1410"}],"wp:featuredmedia":[{"embeddable":true,"href":"https:\/\/divotecosmetics.com\/hr\/wp-json\/wp\/v2\/media\/2641"}],"wp:attachment":[{"href":"https:\/\/divotecosmetics.com\/hr\/wp-json\/wp\/v2\/media?parent=1410"}],"wp:term":[{"taxonomy":"product_brand","embeddable":true,"href":"https:\/\/divotecosmetics.com\/hr\/wp-json\/wp\/v2\/product_brand?post=1410"},{"taxonomy":"product_cat","embeddable":true,"href":"https:\/\/divotecosmetics.com\/hr\/wp-json\/wp\/v2\/product_cat?post=1410"},{"taxonomy":"product_tag","embeddable":true,"href":"https:\/\/divotecosmetics.com\/hr\/wp-json\/wp\/v2\/product_tag?post=1410"}],"curies":[{"name":"wp","href":"https:\/\/api.w.org\/{rel}","templated":true}]}}