{"id":1409,"date":"2024-05-31T07:36:01","date_gmt":"2024-05-31T07:36:01","guid":{"rendered":"http:\/\/divotecosmetics.com\/shop\/Bez%20kategorije\/mild-multi-face-towel\/"},"modified":"2026-03-18T21:49:25","modified_gmt":"2026-03-18T20:49:25","slug":"needly-blagi-visenamjenski-rucnik-za-lice","status":"publish","type":"product","link":"https:\/\/divotecosmetics.com\/hr\/shop\/njega-koze\/needly-blagi-visenamjenski-rucnik-za-lice\/","title":{"rendered":"Needly blagi vi\u0161enamjenski ru\u010dnik za lice"},"content":{"rendered":"<p>Ovaj jednokratni ru\u010dnik osmi\u0161ljen je da nje\u017eno uklanja ne\u010disto\u0107e, masno\u0107u i \u0161minku, \u010dine\u0107i ko\u017eu svje\u017eom i \u010distom bez iritacije.<\/p>\n<p>&nbsp;<\/p>\n<p>Formuliran s nje\u017enim sastojcima, ovaj ru\u010dnik pogodan je za sve tipove ko\u017ee, uklju\u010duju\u0107i i osjetljivu ko\u017eu.<\/p>\n","protected":false},"excerpt":{"rendered":"<p>Ovaj jednokratni ru\u010dnik osmi\u0161ljen je da nje\u017eno uklanja ne\u010disto\u0107e, masno\u0107u i \u0161minku, \u010dine\u0107i ko\u017eu svje\u017eom i \u010distom bez iritacije.<\/p>\n","protected":false},"featured_media":2635,"comment_status":"open","ping_status":"closed","template":"","meta":{"_acf_changed":false,"_seopress_robots_primary_cat":"none","_seopress_titles_title":"Mild multi face towel - Jednokratni ru\u010dnik - Divote","_seopress_titles_desc":"Mild multi face towel - ovaj jednokratni ru\u010dnik osmi\u0161ljen je da nje\u017eno uklanja ne\u010disto\u0107e, masno\u0107u i \u0161minku, \u010dine\u0107i ko\u017eu svje\u017eom i \u010distom bez iritacije.","_seopress_robots_index":"","inline_featured_image":false},"product_brand":[],"product_cat":[94],"product_tag":[],"class_list":{"0":"post-1409","1":"product","2":"type-product","3":"status-publish","4":"has-post-thumbnail","6":"product_cat-njega-koze","7":"pa_brands-needly","8":"pa_skin-type-all-skin-types-hr","10":"first","11":"instock","12":"taxable","13":"shipping-taxable","14":"purchasable","15":"product-type-simple"},"acf":[],"_links":{"self":[{"href":"https:\/\/divotecosmetics.com\/hr\/wp-json\/wp\/v2\/product\/1409","targetHints":{"allow":["GET"]}}],"collection":[{"href":"https:\/\/divotecosmetics.com\/hr\/wp-json\/wp\/v2\/product"}],"about":[{"href":"https:\/\/divotecosmetics.com\/hr\/wp-json\/wp\/v2\/types\/product"}],"replies":[{"embeddable":true,"href":"https:\/\/divotecosmetics.com\/hr\/wp-json\/wp\/v2\/comments?post=1409"}],"wp:featuredmedia":[{"embeddable":true,"href":"https:\/\/divotecosmetics.com\/hr\/wp-json\/wp\/v2\/media\/2635"}],"wp:attachment":[{"href":"https:\/\/divotecosmetics.com\/hr\/wp-json\/wp\/v2\/media?parent=1409"}],"wp:term":[{"taxonomy":"product_brand","embeddable":true,"href":"https:\/\/divotecosmetics.com\/hr\/wp-json\/wp\/v2\/product_brand?post=1409"},{"taxonomy":"product_cat","embeddable":true,"href":"https:\/\/divotecosmetics.com\/hr\/wp-json\/wp\/v2\/product_cat?post=1409"},{"taxonomy":"product_tag","embeddable":true,"href":"https:\/\/divotecosmetics.com\/hr\/wp-json\/wp\/v2\/product_tag?post=1409"}],"curies":[{"name":"wp","href":"https:\/\/api.w.org\/{rel}","templated":true}]}}