{"id":1408,"date":"2024-05-31T08:27:04","date_gmt":"2024-05-31T08:27:04","guid":{"rendered":"http:\/\/divotecosmetics.com\/shop\/Bez%20kategorije\/black-rice-hyaluronic-toner-150ml\/"},"modified":"2026-03-27T13:53:25","modified_gmt":"2026-03-27T12:53:25","slug":"haruharu-wonder-hijaluronski-tonik-s-crnom-rizom-150-ml","status":"publish","type":"product","link":"https:\/\/divotecosmetics.com\/hr\/shop\/njega-koze\/haruharu-wonder-hijaluronski-tonik-s-crnom-rizom-150-ml\/","title":{"rendered":"Haruharu Wonder hijaluronski tonik s crnom ri\u017eom 150 ml"},"content":{"rendered":"<p>Lagan, hidratantni i osvje\u017eavaju\u0107i tonik oboga\u0107en hranjivim sastojcima. Proizvod brenda Haruharu. Poma\u017ee u kondicioniranju ko\u017ee i pripremi za optimalnu apsorpciju proizvoda te pru\u017ea trenuta\u010dnu hidrataciju. Fermentirani 100% korejski ekstrakti crne ri\u017ee obnavljaju elasti\u010dnost ko\u017ee s protuupalnim i posvjetljuju\u0107im u\u010dinkom. Daje dodatnu hidrataciju i ubla\u017eava osje\u0107aj zategnutosti u unutra\u0161njim slojevima ko\u017ee. Betain, aminokiseline i beta-glukan pru\u017eaju hidrataciju i hranjive tvari duboko u ko\u017eu, omogu\u0107avaju\u0107i joj da odr\u017ei svoje najbolje stanje.<\/p>\n<p>Visoko koncentrirani esencija koja \u010dini teksturu ko\u017ee fleksibilnom i optimizira druge proizvode za njegu ko\u017ee uz trenuta\u010dnu hidrataciju.<\/p>\n<p>&nbsp;<\/p>\n<p>Nanijeti odgovaraju\u0107u koli\u010dinu tonika na pamu\u010dnu blazinicu. Blazinicom nanijeti tonik na lice. Nje\u017eno tapkati da se upije u ko\u017eu.<\/p>\n<p>&nbsp;<\/p>\n","protected":false},"excerpt":{"rendered":"<p>Lagan, hidratantni i osvje\u017eavaju\u0107i tonik oboga\u0107en hranjivim sastojcima. Proizvod brenda <a href=\"https:\/\/divotecosmetics.com\/hr\/brands\/haruharu\/\">Haruharu<\/a>. Poma\u017ee u kondicioniranju ko\u017ee i pripremi za optimalnu apsorpciju proizvoda te pru\u017ea trenuta\u010dnu <a href=\"https:\/\/divotecosmetics.com\/hr\/product-type\/hidratacija\/\">hidrataciju<\/a>.<\/p>\n","protected":false},"featured_media":3057,"comment_status":"open","ping_status":"closed","template":"","meta":{"_acf_changed":false,"_seopress_robots_primary_cat":"none","_seopress_titles_title":"Black Rice Hyaluronic Toner 150ml - Tonik za lice - Divote","_seopress_titles_desc":"Black rice hyaluronic toner je lagan,hidratantni i osvje\u017eavaju\u0107i tonik pun hranjivim sastojcima. Poma\u017ee u kondicioniranju ko\u017ee i pripremi za apsorpciju.","_seopress_robots_index":"","inline_featured_image":false},"product_brand":[],"product_cat":[94],"product_tag":[],"class_list":{"0":"post-1408","1":"product","2":"type-product","3":"status-publish","4":"has-post-thumbnail","6":"product_cat-njega-koze","7":"pa_brands-haruharu","8":"pa_ingredients-beta-glucan-hr","9":"pa_ingredients-black-rice-hr","10":"pa_ingredients-hyaluronic-acid-hr","11":"pa_product-type-toner-hr","12":"pa_skin-concerns-hydration-hr","13":"pa_skin-type-oily-skin-hr","14":"pa_skin-type-normal-skin-hr","15":"pa_skin-type-sensitive-skin-hr","16":"pa_skin-type-dry-skin-hr","17":"pa_skin-type-all-skin-types-hr","18":"pa_skin-type-mature-skin-hr","20":"first","21":"instock","22":"taxable","23":"shipping-taxable","24":"purchasable","25":"product-type-simple"},"acf":[],"_links":{"self":[{"href":"https:\/\/divotecosmetics.com\/hr\/wp-json\/wp\/v2\/product\/1408","targetHints":{"allow":["GET"]}}],"collection":[{"href":"https:\/\/divotecosmetics.com\/hr\/wp-json\/wp\/v2\/product"}],"about":[{"href":"https:\/\/divotecosmetics.com\/hr\/wp-json\/wp\/v2\/types\/product"}],"replies":[{"embeddable":true,"href":"https:\/\/divotecosmetics.com\/hr\/wp-json\/wp\/v2\/comments?post=1408"}],"wp:featuredmedia":[{"embeddable":true,"href":"https:\/\/divotecosmetics.com\/hr\/wp-json\/wp\/v2\/media\/3057"}],"wp:attachment":[{"href":"https:\/\/divotecosmetics.com\/hr\/wp-json\/wp\/v2\/media?parent=1408"}],"wp:term":[{"taxonomy":"product_brand","embeddable":true,"href":"https:\/\/divotecosmetics.com\/hr\/wp-json\/wp\/v2\/product_brand?post=1408"},{"taxonomy":"product_cat","embeddable":true,"href":"https:\/\/divotecosmetics.com\/hr\/wp-json\/wp\/v2\/product_cat?post=1408"},{"taxonomy":"product_tag","embeddable":true,"href":"https:\/\/divotecosmetics.com\/hr\/wp-json\/wp\/v2\/product_tag?post=1408"}],"curies":[{"name":"wp","href":"https:\/\/api.w.org\/{rel}","templated":true}]}}