{"id":1406,"date":"2024-05-31T08:58:31","date_gmt":"2024-05-31T08:58:31","guid":{"rendered":"http:\/\/divotecosmetics.com\/shop\/Bez%20kategorije\/black-rice-hyaluronic-cream-50ml\/"},"modified":"2026-03-17T09:16:22","modified_gmt":"2026-03-17T08:16:22","slug":"haruharu-wonder-hijaluronska-krema-s-crnom-rizom-50-ml","status":"publish","type":"product","link":"https:\/\/divotecosmetics.com\/hr\/shop\/njega-koze\/haruharu-wonder-hijaluronska-krema-s-crnom-rizom-50-ml\/","title":{"rendered":"Haruharu Wonder hijaluronska krema s crnom ri\u017eom 50 ml"},"content":{"rendered":"<p>&nbsp;<\/p>\n<p>&nbsp;<\/p>\n<p>Ova lagana, hranjiva i hidratantna krema pobolj\u0161ava tonus ko\u017ee, teksturu i \u010dvrsto\u0107u, pru\u017eaju\u0107i hidrataciju tijekom cijelog dana. Inspirirana superhranom za ko\u017eu, ova krema sadr\u017ei mo\u0107ne antioksidante iz fermentirane crne ri\u017ee i kore bambusa, kao i ko\u017ei prijateljska ulja sjemenki \u0161afrana i ulje no\u0107urka. Fermentirani ekstrakt crne ri\u017ee <a href=\"https:\/\/divotecosmetics.com\/hr\/sto-je-korejska-kozmetika-i-zasto-je-toliko-popularna\/\">proizveden u Koreji<\/a> i ekstrakt kore drveta bambusa pru\u017eaju hidrataciju i hranjive tvari duboko u ko\u017eu omogu\u0107avaju\u0107i joj da odr\u017ei svoje najbolje stanje. Ulje sjemenki \u0161afrana sadr\u017ei visoke razine antioksidativnog vitamina E, koji poma\u017ee u odr\u017eavanju elasti\u010dnosti ko\u017ee i smanjuje upalu. Ulje no\u0107urka sadr\u017ei linolensku kiselinu koja poma\u017ee u zagla\u0111ivanju i revitalizaciji ko\u017ee, te poti\u010de zadr\u017eavanje vlage.<\/p>\n<p>&nbsp;<\/p>\n<p>Nova i pobolj\u0161ana tekstura poma\u017ee brzoj apsorpciji i \u010dini ko\u017eu osvje\u017eenom, s izuzetno hidratantnom, ali laganim formulom.<\/p>\n","protected":false},"excerpt":{"rendered":"<p>Ova lagana, hranjiva i hidratantna krema pobolj\u0161ava tonus ko\u017ee, teksturu i \u010dvrsto\u0107u, pru\u017eaju\u0107i <a href=\"https:\/\/divotecosmetics.com\/hr\/product-type\/hidratacija\/\">hidrataciju<\/a> tijekom cijelog dana. Inspirirana superhranom za ko\u017eu, ova krema sadr\u017ei mo\u0107ne antioksidante iz fermentirane crne ri\u017ee i kore bambusa, kao i ko\u017ei prijateljska ulja sjemenki \u0161afrana i ulje no\u0107urka. Proizvod brenda <a href=\"https:\/\/divotecosmetics.com\/hr\/predstavljamo-haruharu-wonder-jos-bolja-prirodna-njega-koze\/\">Haruharu<\/a><\/p>\n","protected":false},"featured_media":3068,"comment_status":"open","ping_status":"closed","template":"","meta":{"_acf_changed":false,"_seopress_robots_primary_cat":"none","_seopress_titles_title":"Black Rice Hyaluronic Cream 50ml - Haruharu - Divote","_seopress_titles_desc":"Black Rice Hyaluronic Cream je lagana, hranjiva i hidratantna krema pobolj\u0161ava tonus ko\u017ee, teksturu i \u010dvrsto\u0107u, pru\u017eaju\u0107i hidrataciju tijekom dana","_seopress_robots_index":"","inline_featured_image":false},"product_brand":[],"product_cat":[94],"product_tag":[],"class_list":{"0":"post-1406","1":"product","2":"type-product","3":"status-publish","4":"has-post-thumbnail","6":"product_cat-njega-koze","7":"pa_brands-haruharu","8":"pa_ingredients-black-rice-hr","9":"pa_ingredients-hyaluronic-acid-hr","10":"pa_ingredients-vitamin-e-hr","11":"pa_product-type-hidratacija","12":"pa_skin-concerns-hydration-hr","13":"pa_skin-type-oily-skin-hr","14":"pa_skin-type-normal-skin-hr","15":"pa_skin-type-sensitive-skin-hr","16":"pa_skin-type-dry-skin-hr","17":"pa_skin-type-all-skin-types-hr","18":"pa_skin-type-mature-skin-hr","20":"first","21":"instock","22":"taxable","23":"shipping-taxable","24":"purchasable","25":"product-type-simple"},"acf":[],"_links":{"self":[{"href":"https:\/\/divotecosmetics.com\/hr\/wp-json\/wp\/v2\/product\/1406","targetHints":{"allow":["GET"]}}],"collection":[{"href":"https:\/\/divotecosmetics.com\/hr\/wp-json\/wp\/v2\/product"}],"about":[{"href":"https:\/\/divotecosmetics.com\/hr\/wp-json\/wp\/v2\/types\/product"}],"replies":[{"embeddable":true,"href":"https:\/\/divotecosmetics.com\/hr\/wp-json\/wp\/v2\/comments?post=1406"}],"wp:featuredmedia":[{"embeddable":true,"href":"https:\/\/divotecosmetics.com\/hr\/wp-json\/wp\/v2\/media\/3068"}],"wp:attachment":[{"href":"https:\/\/divotecosmetics.com\/hr\/wp-json\/wp\/v2\/media?parent=1406"}],"wp:term":[{"taxonomy":"product_brand","embeddable":true,"href":"https:\/\/divotecosmetics.com\/hr\/wp-json\/wp\/v2\/product_brand?post=1406"},{"taxonomy":"product_cat","embeddable":true,"href":"https:\/\/divotecosmetics.com\/hr\/wp-json\/wp\/v2\/product_cat?post=1406"},{"taxonomy":"product_tag","embeddable":true,"href":"https:\/\/divotecosmetics.com\/hr\/wp-json\/wp\/v2\/product_tag?post=1406"}],"curies":[{"name":"wp","href":"https:\/\/api.w.org\/{rel}","templated":true}]}}